{"id":993,"date":"2025-04-13T22:31:03","date_gmt":"2025-04-13T20:31:03","guid":{"rendered":"https:\/\/grandboismison.com\/?page_id=993"},"modified":"2025-12-20T23:12:02","modified_gmt":"2025-12-20T22:12:02","slug":"bivouac-au-lac-des-monges","status":"publish","type":"page","link":"https:\/\/grandboismison.com\/index.php\/bivouac-au-lac-des-monges\/","title":{"rendered":"Bivouac au Lac des Monges"},"content":{"rendered":"\n<div class=\"wp-block-group alignfull has-background-background-color has-background has-global-padding is-layout-constrained wp-block-group-is-layout-constrained\" style=\"margin-top:0px;margin-bottom:0px;padding-top:var(--wp--preset--spacing--xx-large);padding-bottom:var(--wp--preset--spacing--xx-large)\">\n<div class=\"wp-block-group alignwide is-layout-flow wp-container-core-group-is-layout-5dcfa7ce wp-block-group-is-layout-flow\" style=\"padding-top:var(--wp--preset--spacing--medium);padding-right:var(--wp--preset--spacing--small);padding-bottom:var(--wp--preset--spacing--medium);padding-left:var(--wp--preset--spacing--small)\">\n<div class=\"wp-block-columns is-layout-flex wp-container-core-columns-is-layout-28f84493 wp-block-columns-is-layout-flex\">\n<div class=\"wp-block-column is-layout-flow wp-block-column-is-layout-flow\"><\/div>\n\n\n\n<div class=\"wp-block-column is-layout-flow wp-block-column-is-layout-flow\" style=\"flex-basis:720px\">\n<p class=\"has-text-align-center\" style=\"margin-top:var(--wp--preset--spacing--small)\"><strong>Du Forest-Lacour jusqu&#8217;aux vastes p\u00e2turages de Clapouse, laissez-vous porter par la magie du Massif des Monges. Cette randonn\u00e9e \u00e0 cheval, con\u00e7ue pour tous les niveaux, m\u00eame les d\u00e9butants, est une invitation \u00e0 vivre une exp\u00e9rience unique au c\u0153ur d&#8217;une nature pr\u00e9serv\u00e9e. Une aventure douce, sans difficult\u00e9 technique, qui vous ouvrira les portes d\u2019un monde nouveau, entre for\u00eat myst\u00e9rieuse, lac de montagne et traditions pastorales authentiques\u2026<\/strong><\/p>\n\n\n\n<div class=\"wp-block-buttons is-content-justification-center is-layout-flex wp-container-core-buttons-is-layout-2af897fb wp-block-buttons-is-layout-flex\" style=\"margin-top:var(--wp--preset--spacing--medium)\">\n<div class=\"wp-block-button\"><a class=\"wp-block-button__link has-secondary-background-color has-background wp-element-button\" href=\"https:\/\/grandboismison.addock.co\/\">J&#8217;Y VAIS ! \u2192<\/a><\/div>\n\n\n\n<div class=\"wp-block-button is-style-outline is-style-outline--1\"><a class=\"wp-block-button__link wp-element-button\" href=\"https:\/\/grandboismison.com\/index.php\/conditions-generales-de-vente\/\">Conditions \u2192<\/a><\/div>\n<\/div>\n<\/div>\n\n\n\n<div class=\"wp-block-column is-layout-flow wp-block-column-is-layout-flow\"><\/div>\n<\/div>\n<\/div>\n<\/div>\n\n\n\n<div style=\"height:100px\" aria-hidden=\"true\" class=\"wp-block-spacer\"><\/div>\n\n\n\n<div class=\"wp-block-soliloquy-soliloquywp\"><div aria-live=\"polite\" id=\"soliloquy-container-802_1\" class=\"soliloquy-container soliloquy-transition-fade  soliloquy-theme-base\" style=\"max-width:900px;max-height:600px;\"><ul id=\"soliloquy-802_1\" class=\"soliloquy-slider soliloquy-slides soliloquy-wrap soliloquy-clear\"><li aria-hidden=\"true\" class=\"soliloquy-item soliloquy-item-1 soliloquy-image-slide\" draggable=\"false\" style=\"list-style:none\"><img decoding=\"async\" id=\"soliloquy-image-805\" class=\"soliloquy-image soliloquy-image-1\" src=\"https:\/\/grandboismison.com\/wp-content\/uploads\/2025\/02\/IMG_20240525_212823_143-1-scaled-900x600_c.jpg\" alt=\"IMG_20240525_212823_143\" \/><\/li><li aria-hidden=\"true\" class=\"soliloquy-item soliloquy-item-2 soliloquy-image-slide\" draggable=\"false\" style=\"list-style:none\"><img decoding=\"async\" id=\"soliloquy-image-803\" class=\"soliloquy-image soliloquy-image-2\" src=\"https:\/\/grandboismison.com\/wp-content\/uploads\/2025\/02\/IMG_20221008_130759-scaled-900x600_c.jpg\" alt=\"IMG_20221008_130759\" \/><\/li><li aria-hidden=\"true\" class=\"soliloquy-item soliloquy-item-3 soliloquy-image-slide\" draggable=\"false\" style=\"list-style:none\"><img decoding=\"async\" id=\"soliloquy-image-804\" class=\"soliloquy-image soliloquy-image-3\" src=\"https:\/\/grandboismison.com\/wp-content\/uploads\/2025\/02\/IMG_20221008_132244-scaled-900x600_c.jpg\" alt=\"IMG_20221008_132244\" \/><\/li><li aria-hidden=\"true\" class=\"soliloquy-item soliloquy-item-4 soliloquy-image-slide\" draggable=\"false\" style=\"list-style:none\"><img decoding=\"async\" id=\"soliloquy-image-806\" class=\"soliloquy-image soliloquy-image-4\" src=\"https:\/\/grandboismison.com\/wp-content\/uploads\/2025\/02\/au-col-de-veyre-visorando-232345-900x600_c.jpg\" alt=\"au-col-de-veyre-visorando-232345\" \/><\/li><li aria-hidden=\"true\" class=\"soliloquy-item soliloquy-item-5 soliloquy-image-slide\" draggable=\"false\" style=\"list-style:none\"><img decoding=\"async\" id=\"soliloquy-image-807\" class=\"soliloquy-image soliloquy-image-5\" src=\"https:\/\/grandboismison.com\/wp-content\/uploads\/2025\/02\/Troupeau-au-sommet-des-Monges-900x600_c.jpeg\" alt=\"Troupeau-au-sommet-des-Monges\" \/><\/li><li aria-hidden=\"true\" class=\"soliloquy-item soliloquy-item-6 soliloquy-image-slide\" draggable=\"false\" style=\"list-style:none\"><img decoding=\"async\" id=\"soliloquy-image-1118\" class=\"soliloquy-image soliloquy-image-6\" src=\"https:\/\/grandboismison.com\/wp-content\/uploads\/2025\/04\/20250405_200654639-1-scaled-900x600_c.jpg\" alt=\"20250405_200654639\" \/><\/li><li aria-hidden=\"true\" class=\"soliloquy-item soliloquy-item-7 soliloquy-image-slide\" draggable=\"false\" style=\"list-style:none\"><img decoding=\"async\" id=\"soliloquy-image-1119\" class=\"soliloquy-image soliloquy-image-7\" src=\"https:\/\/grandboismison.com\/wp-content\/uploads\/2025\/04\/IMG_20221008_124440-scaled-900x600_c.jpg\" alt=\"IMG_20221008_124440\" \/><\/li><\/ul><\/div><noscript><style type=\"text\/css\">#soliloquy-container-802_1{opacity:1}<\/style><\/noscript><\/div>\n\n\n\n<div style=\"height:100px\" aria-hidden=\"true\" class=\"wp-block-spacer\"><\/div>\n\n\n\n<p><strong>Jour 1<\/strong> &#8211; Imaginez-vous : une douce brise caressant votre visage, le pas tranquille de votre monture vous portant \u00e0 travers une for\u00eat verdoyante. Cette premi\u00e8re journ\u00e9e est une v\u00e9ritable immersion dans la nature. Apr\u00e8s une agr\u00e9able mont\u00e9e \u00e0 cheval, m\u00eame si c&#8217;est votre premi\u00e8re fois, vous vous sentirez en confiance gr\u00e2ce \u00e0 nos chevaux paisibles et \u00e0 nos conseils attentifs. Notre destination ? Un superbe lac de montagne au bord duquel nous installerons notre bivouac. Vous y d\u00e9couvrirez la faune et la flore alpine caract\u00e9ristique de ce massif.<\/p>\n\n\n\n<p>L&#8217;apr\u00e8s-midi, je vous guiderai \u00e0 cheval vers les paisibles p\u00e2turages de Clapouse. Vous d\u00e9couvrirez un univers hors du temps, celui des bergers et de leurs troupeaux, si caract\u00e9ristique de ce massif. Laissez-vous charmer par l&#8217;atmosph\u00e8re sereine et les paysages grandioses.<\/p>\n\n\n\n<p>La soir\u00e9e sera un moment de partage et de convivialit\u00e9 autour d\u2019un savoureux repas aux saveurs locales. Puis, berc\u00e9s par le silence de la montagne, nous passerons une nuit inoubliable sous la tente, \u00e0 proximit\u00e9 du g\u00eete ONF du Lac des Monges. Laissez le ciel \u00e9toil\u00e9 des Alpes vous \u00e9merveiller !<\/p>\n\n\n\n<p><strong>Jour 2<\/strong> &#8211; Au r\u00e9veil, apr\u00e8s un petit-d\u00e9jeuner revigorant, nous monterons en douceur \u00e0 cheval sur les cr\u00eates du GR6. Les panoramas qui s&#8217;offriront \u00e0 vous seront \u00e0 couper le souffle : des vues imprenables sur les vall\u00e9es environnantes et les sommets majestueux. Notre itin\u00e9raire nous m\u00e8nera jusqu\u2019au Pat\u00e8gue et \u00e0 l\u2019ancien Castelas m\u00e9di\u00e9val de Reynier, t\u00e9moins d\u2019une histoire riche et fascinante.<\/p>\n\n\n\n<p>Avant de retrouver la douce qui\u00e9tude de la route foresti\u00e8re qui nous ram\u00e8nera \u00e0 notre point de d\u00e9part, une surprise vous attend : une magnifique cascade, v\u00e9ritable invitation \u00e0 une baignade rafra\u00eechissante pour clore cette aventure en beaut\u00e9 !<\/p>\n\n\n\n<p><strong>Informations pratiques :<\/strong><\/p>\n\n\n\n<p>Pour profiter pleinement de cette exp\u00e9rience, pr\u00e9voyez simplement un duvet confortable et un matelas gonflable ou auto-gonflant (avec son gonfleur si n\u00e9cessaire) pour une nuit douillette. N&#8217;oubliez pas \u00e9galement votre pique-nique pour le d\u00e9jeuner du premier jour, que nous d\u00e9gusterons dans un cadre enchanteur.<\/p>\n\n\n\n<p><\/p>\n\n\n\n<p><strong>Pourquoi cette aventure est faite pour vous, m\u00eame sans exp\u00e9rience \u00e9questre :<\/strong><\/p>\n\n\n\n<p><strong>Des souvenirs inoubliables garantis :<\/strong>&nbsp;Que vous soyez cavalier ou non, cette exp\u00e9rience unique vous laissera des souvenirs plein la t\u00eate et l&#8217;envie de recommencer !<\/p>\n\n\n\n<p><strong>Des chevaux adapt\u00e9s \u00e0 tous les niveaux :<\/strong>&nbsp;Nos chevaux sont s\u00e9lectionn\u00e9s pour leur calme et leur gentillesse, et nous vous donnerons toutes les instructions n\u00e9cessaires pour une randonn\u00e9e en toute s\u00e9curit\u00e9 et en toute confiance.<\/p>\n\n\n\n<p><strong>Un rythme doux et accessible :<\/strong>&nbsp;L&#8217;itin\u00e9raire est con\u00e7u pour \u00eatre agr\u00e9able, sans difficult\u00e9s techniques, vous permettant de profiter pleinement des paysages sans stress.<\/p>\n\n\n\n<p><strong>Un accompagnement professionnel et chaleureux :<\/strong>&nbsp;Je serai l\u00e0 \u00e0 chaque \u00e9tape pour vous guider, vous conseiller et partager ma passion pour la r\u00e9gion et les chevaux.<\/p>\n\n\n\n<p><strong>Une immersion totale dans la nature :<\/strong>&nbsp;Laissez-vous porter par le rythme de la randonn\u00e9e et reconnectez-vous avec la nature, loin du tumulte quotidien.<\/p>\n\n\n\n<div style=\"height:100px\" aria-hidden=\"true\" class=\"wp-block-spacer\"><\/div>\n\n\n\n<div class=\"wp-block-group has-global-padding is-layout-constrained wp-block-group-is-layout-constrained\">\n<div class=\"wp-block-group has-white-color has-secondary-background-color has-text-color has-background is-layout-flow wp-block-group-is-layout-flow\" style=\"border-radius:20px;padding-top:50px;padding-right:50px;padding-bottom:50px;padding-left:50px\">\n<div class=\"wp-block-columns is-layout-flex wp-container-core-columns-is-layout-28f84493 wp-block-columns-is-layout-flex\">\n<div class=\"wp-block-column is-layout-flow wp-block-column-is-layout-flow\">\n<h1 class=\"wp-block-heading\"><mark style=\"background-color:rgba(0, 0, 0, 0)\" class=\"has-inline-color has-white-color\">Nos coups de coeur :<\/mark><\/h1>\n<\/div>\n\n\n\n<div class=\"wp-block-column is-layout-flow wp-block-column-is-layout-flow\">\n<h1 class=\"wp-block-heading\"><mark style=\"background-color:rgba(0, 0, 0, 0)\" class=\"has-inline-color has-white-color\">Niveau de difficult\u00e9 :<\/mark><\/h1>\n<\/div>\n<\/div>\n\n\n\n<p><\/p>\n\n\n\n<div class=\"wp-block-columns is-layout-flex wp-container-core-columns-is-layout-28f84493 wp-block-columns-is-layout-flex\">\n<div class=\"wp-block-column is-layout-flow wp-block-column-is-layout-flow\">\n<ul class=\"wp-block-list\">\n<li>Accessible \u00e0 tous les niveaux de cavaliers<\/li>\n\n\n\n<li>Id\u00e9al pour une premi\u00e8re exp\u00e9rience de bivouac<\/li>\n\n\n\n<li>Une nuit sous la tente au bord d&#8217;un lac de montagne<\/li>\n\n\n\n<li>Une soir\u00e9e conviviale au coucher du soleil !<\/li>\n<\/ul>\n<\/div>\n\n\n\n<div class=\"wp-block-column is-layout-flow wp-block-column-is-layout-flow\">\n<figure class=\"wp-block-image aligncenter size-large is-resized\"><img loading=\"lazy\" decoding=\"async\" width=\"1024\" height=\"627\" src=\"http:\/\/grandboismison.com\/wp-content\/uploads\/2025\/01\/Design-sans-titre-1024x627.jpg\" alt=\"\" class=\"wp-image-596\" style=\"width:234px;height:auto\" srcset=\"https:\/\/grandboismison.com\/wp-content\/uploads\/2025\/01\/Design-sans-titre-1024x627.jpg 1024w, https:\/\/grandboismison.com\/wp-content\/uploads\/2025\/01\/Design-sans-titre-300x184.jpg 300w, https:\/\/grandboismison.com\/wp-content\/uploads\/2025\/01\/Design-sans-titre.jpg 1080w\" sizes=\"auto, (max-width: 1024px) 100vw, 1024px\" \/><figcaption class=\"wp-element-caption\">Niveau Facile<\/figcaption><\/figure>\n<\/div>\n<\/div>\n<\/div>\n<\/div>\n\n\n\n<div style=\"height:100px\" aria-hidden=\"true\" class=\"wp-block-spacer\"><\/div>\n\n\n\n<p>Un week-end de r\u00eave vous attend, alors, en selle !<\/p>\n\n\n\n<p>Et pour les accompagnateurs ? Il est possible de r\u00e9aliser cette randonn\u00e9e \u00e0 v\u00e9lo ! Ou bien de rejoindre directement le bivouac en voiture. Vous b\u00e9n\u00e9ficierez d&#8217;un tarif comprenant uniquement le repas du soir.<\/p>\n\n\n\n<div style=\"height:100px\" aria-hidden=\"true\" class=\"wp-block-spacer\"><\/div>\n\n\n\n<div class=\"wp-block-group alignfull is-layout-flow wp-container-core-group-is-layout-c4d5c1b7 wp-block-group-is-layout-flow\" id=\"cover\" style=\"margin-top:0px;margin-bottom:0px\">\n<div class=\"wp-block-cover alignfull has-parallax\" style=\"min-height:549px;aspect-ratio:unset;\"><div class=\"wp-block-cover__image-background wp-image-1020 has-parallax\" style=\"background-position:50% 50%;background-image:url(http:\/\/grandboismison.com\/wp-content\/uploads\/2025\/04\/20250405_200654639-scaled.jpg)\"><\/div><span aria-hidden=\"true\" class=\"wp-block-cover__background has-black-background-color has-background-dim\"><\/span><div class=\"wp-block-cover__inner-container has-global-padding is-layout-constrained wp-block-cover-is-layout-constrained\">\n<div class=\"wp-block-group has-global-padding is-layout-constrained wp-container-core-group-is-layout-4383d167 wp-block-group-is-layout-constrained\">\n<h2 class=\"wp-block-heading has-white-color has-text-color has-large-font-size\">Je veux vivre cette exp\u00e9rience !<\/h2>\n\n\n\n<p>Vous avez encore des question ? Appellez-moi au <a href=\"tel:0698875767\">06 98 87 57 67<\/a>,<br>je r\u00e9pondrai \u00e0 toutes vos questions sur cette randonn\u00e9e !<\/p>\n\n\n\n<div style=\"height:31px\" aria-hidden=\"true\" class=\"wp-block-spacer\"><\/div>\n\n\n\n<div class=\"wp-block-buttons is-layout-flex wp-block-buttons-is-layout-flex\">\n<div class=\"wp-block-button is-style-fill\"><a class=\"wp-block-button__link has-secondary-background-color has-background wp-element-button\" href=\"https:\/\/grandboismison.addock.co\/\" style=\"border-radius:0px;text-transform:uppercase\">je reserve<\/a><\/div>\n\n\n\n<div class=\"wp-block-button is-style-outline is-style-outline--2\"><a class=\"wp-block-button__link wp-element-button\" href=\"https:\/\/grandboismison.com\/index.php\/conditions-generales-de-vente\/\" style=\"border-radius:0px;text-transform:uppercase\">je lis les cgv<\/a><\/div>\n<\/div>\n<\/div>\n<\/div><\/div>\n<\/div>\n\n\n\n<div style=\"height:100px\" aria-hidden=\"true\" class=\"wp-block-spacer\"><\/div>\n","protected":false},"excerpt":{"rendered":"<p>Du Forest-Lacour jusqu&#8217;aux vastes p\u00e2turages de Clapouse, laissez-vous porter par la magie du Massif des Monges. Cette randonn\u00e9e \u00e0 cheval, con\u00e7ue pour tous les niveaux, m\u00eame les d\u00e9butants, est une invitation \u00e0 vivre une exp\u00e9rience unique au c\u0153ur d&#8217;une nature pr\u00e9serv\u00e9e. Une aventure douce, sans difficult\u00e9 technique, qui vous ouvrira les portes d\u2019un monde nouveau, &hellip; <\/p>\n<p class=\"link-more\"><a href=\"https:\/\/grandboismison.com\/index.php\/bivouac-au-lac-des-monges\/\" class=\"more-link\">Read more<span class=\"screen-reader-text\"> &#8220;Bivouac au Lac des Monges&#8221;<\/span><\/a><\/p>\n","protected":false},"author":1,"featured_media":798,"parent":0,"menu_order":0,"comment_status":"closed","ping_status":"closed","template":"","meta":{"footnotes":""},"class_list":["post-993","page","type-page","status-publish","has-post-thumbnail","hentry"],"_links":{"self":[{"href":"https:\/\/grandboismison.com\/index.php\/wp-json\/wp\/v2\/pages\/993","targetHints":{"allow":["GET"]}}],"collection":[{"href":"https:\/\/grandboismison.com\/index.php\/wp-json\/wp\/v2\/pages"}],"about":[{"href":"https:\/\/grandboismison.com\/index.php\/wp-json\/wp\/v2\/types\/page"}],"author":[{"embeddable":true,"href":"https:\/\/grandboismison.com\/index.php\/wp-json\/wp\/v2\/users\/1"}],"replies":[{"embeddable":true,"href":"https:\/\/grandboismison.com\/index.php\/wp-json\/wp\/v2\/comments?post=993"}],"version-history":[{"count":7,"href":"https:\/\/grandboismison.com\/index.php\/wp-json\/wp\/v2\/pages\/993\/revisions"}],"predecessor-version":[{"id":1190,"href":"https:\/\/grandboismison.com\/index.php\/wp-json\/wp\/v2\/pages\/993\/revisions\/1190"}],"wp:featuredmedia":[{"embeddable":true,"href":"https:\/\/grandboismison.com\/index.php\/wp-json\/wp\/v2\/media\/798"}],"wp:attachment":[{"href":"https:\/\/grandboismison.com\/index.php\/wp-json\/wp\/v2\/media?parent=993"}],"curies":[{"name":"wp","href":"https:\/\/api.w.org\/{rel}","templated":true}]}}