{"id":959,"date":"2025-04-02T22:48:21","date_gmt":"2025-04-02T20:48:21","guid":{"rendered":"https:\/\/grandboismison.com\/?page_id=959"},"modified":"2026-03-18T10:57:56","modified_gmt":"2026-03-18T09:57:56","slug":"elevage","status":"publish","type":"page","link":"https:\/\/grandboismison.com\/index.php\/elevage\/","title":{"rendered":"Elevage"},"content":{"rendered":"\n<div class=\"wp-block-group has-border-color has-primary-border-color is-layout-flow wp-container-core-group-is-layout-a77db08e wp-block-group-is-layout-flow\" style=\"border-width:1px;border-radius:8px\">\n<div class=\"wp-block-group has-primary-background-color has-background has-global-padding is-layout-constrained wp-container-core-group-is-layout-5fbedae1 wp-block-group-is-layout-constrained\" style=\"border-top-left-radius:8px;border-top-right-radius:8px;border-bottom-left-radius:0px;border-bottom-right-radius:0px;padding-top:var(--wp--preset--spacing--large);padding-right:var(--wp--preset--spacing--large);padding-bottom:var(--wp--preset--spacing--large);padding-left:var(--wp--preset--spacing--large)\">\n<figure class=\"wp-block-image aligncenter size-full is-resized is-style-rounded\"><img loading=\"lazy\" decoding=\"async\" width=\"1446\" height=\"1396\" src=\"https:\/\/grandboismison.com\/wp-content\/uploads\/2025\/04\/425407736_966268635060754_8352465355656674560_n.jpg\" alt=\"\" class=\"wp-image-961\" style=\"aspect-ratio:1;object-fit:cover;width:214px;height:auto\" srcset=\"https:\/\/grandboismison.com\/wp-content\/uploads\/2025\/04\/425407736_966268635060754_8352465355656674560_n.jpg 1446w, https:\/\/grandboismison.com\/wp-content\/uploads\/2025\/04\/425407736_966268635060754_8352465355656674560_n-300x290.jpg 300w, https:\/\/grandboismison.com\/wp-content\/uploads\/2025\/04\/425407736_966268635060754_8352465355656674560_n-1024x989.jpg 1024w\" sizes=\"auto, (max-width: 1446px) 100vw, 1446px\" \/><\/figure>\n\n\n\n<div class=\"wp-block-group has-global-padding is-layout-constrained wp-container-core-group-is-layout-7c6d2669 wp-block-group-is-layout-constrained\">\n<h3 class=\"wp-block-heading has-text-align-center has-white-color has-text-color\">KALYPSO DOMITIA<\/h3>\n\n\n\n<p class=\"has-text-align-center has-white-color has-text-color has-x-small-font-size\">Etalon PP Shetland, n\u00e9 en 2020<\/p>\n\n\n\n<p class=\"has-text-align-center has-white-color has-text-color has-x-small-font-size\">par LARKRISE MONARCH (GBR)<br>et SEDUCTION DU SANON<\/p>\n\n\n\n<p><\/p>\n\n\n\n<p class=\"has-text-align-center has-white-color has-text-color has-x-small-font-size\">Palomino <em>e\/e, a\/a, Cr\/cr<\/em><\/p>\n<\/div>\n<\/div>\n\n\n\n<div class=\"wp-block-group has-global-padding is-layout-constrained wp-container-core-group-is-layout-92d68a8d wp-block-group-is-layout-constrained\" style=\"padding-top:var(--wp--preset--spacing--large);padding-right:var(--wp--preset--spacing--large);padding-bottom:var(--wp--preset--spacing--large);padding-left:var(--wp--preset--spacing--large)\">\n<div class=\"wp-block-buttons is-vertical is-layout-flex wp-container-core-buttons-is-layout-fe9cc265 wp-block-buttons-is-layout-flex\">\n<div class=\"wp-block-button has-custom-width wp-block-button__width-100\"><a class=\"wp-block-button__link has-secondary-background-color has-background wp-element-button\" style=\"border-radius:99px\">M\u00e9daille d&#8217;Or Mention &#8220;Prometteur&#8221;, Mod\u00e8les et Allures, cat. M\u00e2les 2 ans, Uz\u00e8s, 2022<\/a><\/div>\n\n\n\n<div class=\"wp-block-button has-custom-width wp-block-button__width-100\"><a class=\"wp-block-button__link has-secondary-background-color has-background wp-element-button\" style=\"border-radius:99px\">M\u00e9daille d&#8217;Or Mention &#8220;Prometteur&#8221; Mod\u00e8les et Allures, cat. poulains m\u00e2les 1 an Standard, Uz\u00e8s, 2021<\/a><\/div>\n\n\n\n<div class=\"wp-block-button has-custom-width wp-block-button__width-100\"><a class=\"wp-block-button__link has-secondary-background-color has-background wp-element-button\" style=\"border-radius:99px\">M\u00e9daille d&#8217;Argent TACS en main, Uz\u00e8s, 2021<\/a><\/div>\n<\/div>\n<\/div>\n<\/div>\n\n\n\n<div style=\"height:100px\" aria-hidden=\"true\" class=\"wp-block-spacer\"><\/div>\n\n\n\n<div class=\"wp-block-group alignfull is-layout-flow wp-container-core-group-is-layout-c4d5c1b7 wp-block-group-is-layout-flow\" id=\"cover\" style=\"margin-top:0px;margin-bottom:0px\">\n<div class=\"wp-block-cover alignfull\" style=\"min-height:1003px;aspect-ratio:unset;\"><img loading=\"lazy\" decoding=\"async\" width=\"2048\" height=\"1588\" class=\"wp-block-cover__image-background wp-image-972\" alt=\"\" src=\"https:\/\/grandboismison.com\/wp-content\/uploads\/2025\/04\/485974703_1270449077976040_71193475927535490_n.jpg\" data-object-fit=\"cover\" srcset=\"https:\/\/grandboismison.com\/wp-content\/uploads\/2025\/04\/485974703_1270449077976040_71193475927535490_n.jpg 2048w, https:\/\/grandboismison.com\/wp-content\/uploads\/2025\/04\/485974703_1270449077976040_71193475927535490_n-300x233.jpg 300w, https:\/\/grandboismison.com\/wp-content\/uploads\/2025\/04\/485974703_1270449077976040_71193475927535490_n-1024x794.jpg 1024w, https:\/\/grandboismison.com\/wp-content\/uploads\/2025\/04\/485974703_1270449077976040_71193475927535490_n-2000x1551.jpg 2000w\" sizes=\"auto, (max-width: 2048px) 100vw, 2048px\" \/><span aria-hidden=\"true\" class=\"wp-block-cover__background has-black-background-color has-background-dim-20 has-background-dim\"><\/span><div class=\"wp-block-cover__inner-container has-global-padding is-layout-constrained wp-block-cover-is-layout-constrained\">\n<div class=\"wp-block-group has-global-padding is-layout-constrained wp-container-core-group-is-layout-4383d167 wp-block-group-is-layout-constrained\">\n<h2 class=\"wp-block-heading has-white-color has-text-color has-large-font-size\">Notre \u00e9talon<\/h2>\n\n\n\n<p>Un caract\u00e8re facile \u00e0 vivre, proche de l\u2019homme, il adore les enfants. Kalypso respecte les cl\u00f4tures, et est tr\u00e8s respectueux des juments et des poulains, il vit au quotidien avec d&#8217;autres poneys. A sailli en 2023 et 2024, deux poulains sont n\u00e9s en 2024, 1 en 2025 et 2 autres sont encore attendus. Tr\u00e8s fertile en saillie en libert\u00e9.<br><br>Morphologie : de l\u2019os, jolie t\u00eate, petites oreilles, trois jolies allures.<\/p>\n\n\n\n<p>Conditions : ponette non ferr\u00e9e, sociable, ayant l&#8217;habitude de vivre en groupe. Test m\u00e9trite + art\u00e9rite de moins d&#8217;un mois OBLIGATOIRE.<\/p>\n\n\n\n<div style=\"height:15px\" aria-hidden=\"true\" class=\"wp-block-spacer\"><\/div>\n\n\n\n<div class=\"wp-block-buttons is-layout-flex wp-block-buttons-is-layout-flex\">\n<div class=\"wp-block-button is-style-fill\"><a class=\"wp-block-button__link has-secondary-background-color has-background wp-element-button\" href=\"https:\/\/grandboismison.com\/index.php\/contact\/\" style=\"border-radius:0px;text-transform:uppercase\">Contactez-nous pour obtenir un contrat de saillie<\/a><\/div>\n<\/div>\n<\/div>\n<\/div><\/div>\n<\/div>\n\n\n\n<div style=\"height:100px\" aria-hidden=\"true\" class=\"wp-block-spacer\"><\/div>\n","protected":false},"excerpt":{"rendered":"<p>KALYPSO DOMITIA Etalon PP Shetland, n\u00e9 en 2020 par LARKRISE MONARCH (GBR)et SEDUCTION DU SANON Palomino e\/e, a\/a, Cr\/cr<\/p>\n","protected":false},"author":1,"featured_media":0,"parent":0,"menu_order":0,"comment_status":"closed","ping_status":"closed","template":"","meta":{"footnotes":""},"class_list":["post-959","page","type-page","status-publish","hentry"],"_links":{"self":[{"href":"https:\/\/grandboismison.com\/index.php\/wp-json\/wp\/v2\/pages\/959","targetHints":{"allow":["GET"]}}],"collection":[{"href":"https:\/\/grandboismison.com\/index.php\/wp-json\/wp\/v2\/pages"}],"about":[{"href":"https:\/\/grandboismison.com\/index.php\/wp-json\/wp\/v2\/types\/page"}],"author":[{"embeddable":true,"href":"https:\/\/grandboismison.com\/index.php\/wp-json\/wp\/v2\/users\/1"}],"replies":[{"embeddable":true,"href":"https:\/\/grandboismison.com\/index.php\/wp-json\/wp\/v2\/comments?post=959"}],"version-history":[{"count":19,"href":"https:\/\/grandboismison.com\/index.php\/wp-json\/wp\/v2\/pages\/959\/revisions"}],"predecessor-version":[{"id":1297,"href":"https:\/\/grandboismison.com\/index.php\/wp-json\/wp\/v2\/pages\/959\/revisions\/1297"}],"wp:attachment":[{"href":"https:\/\/grandboismison.com\/index.php\/wp-json\/wp\/v2\/media?parent=959"}],"curies":[{"name":"wp","href":"https:\/\/api.w.org\/{rel}","templated":true}]}}