{"id":88,"date":"2025-01-14T20:59:24","date_gmt":"2025-01-14T19:59:24","guid":{"rendered":"https:\/\/grandboismison.com\/?page_id=88"},"modified":"2025-01-30T21:46:30","modified_gmt":"2025-01-30T20:46:30","slug":"pensions","status":"publish","type":"page","link":"https:\/\/grandboismison.com\/index.php\/pensions\/","title":{"rendered":"Pensions"},"content":{"rendered":"\n<div class=\"wp-block-group alignfull has-global-padding is-layout-constrained wp-block-group-is-layout-constrained\" style=\"margin-top:0px\">\n<h2 class=\"wp-block-heading has-text-align-left has-x-large-font-size\" id=\"pricing-table\">Nos formules de pension<\/h2>\n\n\n\n<p class=\"has-text-align-center\"><\/p>\n\n\n\n<div class=\"wp-block-columns has-smaller-left-margin is-layout-flex wp-container-core-columns-is-layout-28f84493 wp-block-columns-is-layout-flex\">\n<div class=\"wp-block-column is-style-shadow has-background-background-color has-background is-layout-flow wp-container-core-column-is-layout-dba16a7e wp-block-column-is-layout-flow\" style=\"padding-top:0;padding-right:0;padding-bottom:0;padding-left:0\">\n<div class=\"wp-block-group has-background-color has-secondary-background-color has-text-color has-background is-layout-flow wp-block-group-is-layout-flow\" style=\"border-top-left-radius:20px;border-top-right-radius:20px;padding-top:20px;padding-right:30px;padding-bottom:20px;padding-left:30px\">\n<div style=\"height:20px\" aria-hidden=\"true\" class=\"wp-block-spacer\"><\/div>\n\n\n\n<h3 class=\"wp-block-heading has-text-align-center has-white-color has-text-color\" style=\"font-size:clamp(18.959px, 1.185rem + ((1vw - 3.2px) * 1.15), 30px);\">Pension classique<\/h3>\n\n\n\n<h5 class=\"wp-block-heading has-text-align-center has-text-color\" style=\"color:#ffffff99\">190 \u20ac \/ mois<\/h5>\n\n\n\n<div style=\"height:20px\" aria-hidden=\"true\" class=\"wp-block-spacer\"><\/div>\n<\/div>\n\n\n\n<div class=\"wp-block-group is-layout-flow wp-container-core-group-is-layout-8a7de2ab wp-block-group-is-layout-flow\" style=\"border-style:none;border-width:0px;padding-top:40px;padding-right:40px;padding-bottom:40px;padding-left:40px\">\n<p class=\"has-text-align-center has-small-font-size\">Foin \u00e0 volont\u00e9<\/p>\n\n\n\n<hr class=\"wp-block-separator has-text-color has-lightgrey-color has-alpha-channel-opacity has-lightgrey-background-color has-background is-style-wide\"\/>\n\n\n\n<p class=\"has-text-align-center has-small-font-size\">En troupeau<\/p>\n\n\n\n<hr class=\"wp-block-separator has-text-color has-lightgrey-color has-alpha-channel-opacity has-lightgrey-background-color has-background is-style-wide\"\/>\n\n\n\n<p class=\"has-text-align-center has-small-font-size\">A l&#8217;herbe une partie de l&#8217;ann\u00e9e<\/p>\n\n\n\n<hr class=\"wp-block-separator has-text-color has-lightgrey-color has-alpha-channel-opacity has-lightgrey-background-color has-background is-style-wide\"\/>\n\n\n\n<p class=\"has-text-align-center has-small-font-size\">Une place dans la sellerie<\/p>\n\n\n\n<hr class=\"wp-block-separator has-text-color has-lightgrey-color has-alpha-channel-opacity has-lightgrey-background-color has-background is-style-wide\"\/>\n\n\n\n<p class=\"has-text-align-center has-small-font-size\">Acc\u00e8s \u00e0 toutes les installations<\/p>\n\n\n\n<div class=\"wp-block-buttons is-horizontal is-content-justification-center is-layout-flex wp-container-core-buttons-is-layout-a27650bb wp-block-buttons-is-layout-flex\" style=\"margin-top:40px\">\n<div class=\"wp-block-button\"><a class=\"wp-block-button__link wp-element-button\" href=\"https:\/\/grandboismison.com\/index.php\/contact\/\" style=\"border-radius:5px\">Je r\u00e9serve ma place<\/a><\/div>\n<\/div>\n<\/div>\n<\/div>\n\n\n\n<div class=\"wp-block-column is-style-shadow has-background-background-color has-background is-layout-flow wp-container-core-column-is-layout-dba16a7e wp-block-column-is-layout-flow\" style=\"border-style:none;border-width:0px;padding-top:0;padding-right:0;padding-bottom:0;padding-left:0\">\n<div class=\"wp-block-group has-background-color has-primary-background-color has-text-color has-background has-global-padding is-layout-constrained wp-container-core-group-is-layout-4a803732 wp-block-group-is-layout-constrained\" style=\"border-top-left-radius:20px;border-top-right-radius:20px;padding-top:20px;padding-right:30px;padding-bottom:20px;padding-left:30px\">\n<div style=\"height:20px\" aria-hidden=\"true\" class=\"wp-block-spacer\"><\/div>\n\n\n\n<h3 class=\"wp-block-heading has-text-align-center has-white-color has-text-color\" style=\"font-size:clamp(18.959px, 1.185rem + ((1vw - 3.2px) * 1.15), 30px);\">Pension paddock<\/h3>\n\n\n\n<h5 class=\"wp-block-heading has-text-align-center has-text-color\" style=\"color:#ffffff99\">220 \u20ac \/ mois<\/h5>\n\n\n\n<div style=\"height:20px\" aria-hidden=\"true\" class=\"wp-block-spacer\"><\/div>\n<\/div>\n\n\n\n<div class=\"wp-block-group has-global-padding is-layout-constrained wp-container-core-group-is-layout-c1694ee5 wp-block-group-is-layout-constrained\" style=\"border-style:none;border-width:0px;padding-top:40px;padding-right:40px;padding-bottom:40px;padding-left:40px\">\n<p class=\"has-text-align-center has-small-font-size\">Foin \u00e0 volont\u00e9 ou rationn\u00e9<\/p>\n\n\n\n<hr class=\"wp-block-separator has-text-color has-lightgrey-color has-alpha-channel-opacity has-lightgrey-background-color has-background is-style-wide\"\/>\n\n\n\n<p class=\"has-text-align-center has-small-font-size\">Paddock avec abri<\/p>\n\n\n\n<hr class=\"wp-block-separator has-text-color has-lightgrey-color has-alpha-channel-opacity has-lightgrey-background-color has-background is-style-wide\"\/>\n\n\n\n<p class=\"has-text-align-center has-small-font-size\">En petit groupe de 2 ou 3<\/p>\n\n\n\n<hr class=\"wp-block-separator has-text-color has-lightgrey-color has-alpha-channel-opacity has-lightgrey-background-color has-background is-style-wide\"\/>\n\n\n\n<p class=\"has-text-align-center has-small-font-size\">Une place dans la sellerie<\/p>\n\n\n\n<hr class=\"wp-block-separator has-text-color has-lightgrey-color has-alpha-channel-opacity has-lightgrey-background-color has-background is-style-wide\"\/>\n\n\n\n<p class=\"has-text-align-center has-small-font-size\">Acc\u00e8s \u00e0 toutes les installations<\/p>\n\n\n\n<div class=\"wp-block-buttons is-horizontal is-content-justification-center is-layout-flex wp-container-core-buttons-is-layout-a27650bb wp-block-buttons-is-layout-flex\" style=\"margin-top:40px\">\n<div class=\"wp-block-button\"><a class=\"wp-block-button__link wp-element-button\" href=\"https:\/\/grandboismison.com\/index.php\/contact\/\" style=\"border-radius:5px\">Je r\u00e9serve ma place<\/a><\/div>\n<\/div>\n<\/div>\n<\/div>\n\n\n\n<div class=\"wp-block-column is-style-shadow has-background-background-color has-background is-layout-flow wp-container-core-column-is-layout-dba16a7e wp-block-column-is-layout-flow\" style=\"border-style:none;border-width:0px;padding-top:0;padding-right:0;padding-bottom:0;padding-left:0\">\n<div class=\"wp-block-group has-background-color has-secondary-background-color has-text-color has-background has-global-padding is-layout-constrained wp-container-core-group-is-layout-4a803732 wp-block-group-is-layout-constrained\" style=\"border-top-left-radius:20px;border-top-right-radius:20px;padding-top:20px;padding-right:30px;padding-bottom:20px;padding-left:30px\">\n<div style=\"height:20px\" aria-hidden=\"true\" class=\"wp-block-spacer\"><\/div>\n\n\n\n<h3 class=\"wp-block-heading has-text-align-center has-white-color has-text-color\" style=\"font-size:clamp(18.959px, 1.185rem + ((1vw - 3.2px) * 1.15), 30px);\">Pension retrait\u00e9s<\/h3>\n\n\n\n<h5 class=\"wp-block-heading has-text-align-center has-text-color\" style=\"color:#ffffff99\">250 \u20ac \/ mois<\/h5>\n\n\n\n<div style=\"height:20px\" aria-hidden=\"true\" class=\"wp-block-spacer\"><\/div>\n<\/div>\n\n\n\n<div class=\"wp-block-group has-global-padding is-layout-constrained wp-container-core-group-is-layout-c1694ee5 wp-block-group-is-layout-constrained\" style=\"border-style:none;border-width:0px;padding-top:40px;padding-right:40px;padding-bottom:40px;padding-left:40px\">\n<p class=\"has-text-align-center has-small-font-size\">Foin \u00e0 volont\u00e9<\/p>\n\n\n\n<hr class=\"wp-block-separator has-text-color has-lightgrey-color has-alpha-channel-opacity has-lightgrey-background-color has-background is-style-wide\"\/>\n\n\n\n<p class=\"has-text-align-center has-small-font-size\">Ration 8L \/ jour tremp\u00e9e<\/p>\n\n\n\n<hr class=\"wp-block-separator has-text-color has-lightgrey-color has-alpha-channel-opacity has-lightgrey-background-color has-background is-style-wide\"\/>\n\n\n\n<p class=\"has-text-align-center has-small-font-size\">A l&#8217;herbe une partie de l&#8217;ann\u00e9e<\/p>\n\n\n\n<hr class=\"wp-block-separator has-text-color has-lightgrey-color has-alpha-channel-opacity has-lightgrey-background-color has-background is-style-wide\"\/>\n\n\n\n<p class=\"has-text-align-center has-small-font-size\">Une place dans la sellerie<\/p>\n\n\n\n<hr class=\"wp-block-separator has-text-color has-lightgrey-color has-alpha-channel-opacity has-lightgrey-background-color has-background is-style-wide\"\/>\n\n\n\n<p class=\"has-text-align-center has-small-font-size\">Pas d&#8217;acc\u00e8s aux installations<\/p>\n\n\n\n<div class=\"wp-block-buttons is-horizontal is-content-justification-center is-layout-flex wp-container-core-buttons-is-layout-a27650bb wp-block-buttons-is-layout-flex\" style=\"margin-top:40px\">\n<div class=\"wp-block-button\"><a class=\"wp-block-button__link wp-element-button\" href=\"https:\/\/grandboismison.com\/index.php\/contact\/\" style=\"border-radius:5px\">Je r\u00e9serve ma place<\/a><\/div>\n<\/div>\n<\/div>\n<\/div>\n<\/div>\n\n\n\n<div style=\"height:100px\" aria-hidden=\"true\" class=\"wp-block-spacer\"><\/div>\n<\/div>\n\n\n\n<figure class=\"wp-block-image size-full\"><img loading=\"lazy\" decoding=\"async\" width=\"2560\" height=\"1340\" src=\"http:\/\/grandboismison.com\/wp-content\/uploads\/2025\/01\/IMG_20240523_233125_951-scaled.jpg\" alt=\"Pension grand bois mison pr\u00e9 champ herbe\" class=\"wp-image-261\" srcset=\"https:\/\/grandboismison.com\/wp-content\/uploads\/2025\/01\/IMG_20240523_233125_951-scaled.jpg 2560w, https:\/\/grandboismison.com\/wp-content\/uploads\/2025\/01\/IMG_20240523_233125_951-300x157.jpg 300w, https:\/\/grandboismison.com\/wp-content\/uploads\/2025\/01\/IMG_20240523_233125_951-scaled-1536x804.jpg 1536w, https:\/\/grandboismison.com\/wp-content\/uploads\/2025\/01\/IMG_20240523_233125_951-scaled-2048x1072.jpg 2048w, https:\/\/grandboismison.com\/wp-content\/uploads\/2025\/01\/IMG_20240523_233125_951-scaled-2000x1047.jpg 2000w, https:\/\/grandboismison.com\/wp-content\/uploads\/2025\/01\/IMG_20240523_233125_951-scaled-600x314.jpg 600w, https:\/\/grandboismison.com\/wp-content\/uploads\/2025\/01\/IMG_20240523_233125_951-scaled-1200x628.jpg 1200w\" sizes=\"auto, (max-width: 2560px) 100vw, 2560px\" \/><\/figure>\n\n\n\n<div class=\"wp-block-columns alignwide is-layout-flex wp-container-core-columns-is-layout-28f84493 wp-block-columns-is-layout-flex\">\n<div class=\"wp-block-column is-layout-flow wp-block-column-is-layout-flow\">\n<figure class=\"wp-block-image size-large\"><img loading=\"lazy\" decoding=\"async\" width=\"683\" height=\"1024\" src=\"http:\/\/grandboismison.com\/wp-content\/uploads\/2025\/01\/IMG_20240503_193846-scaled-e1737409000237-683x1024.jpg\" alt=\"Pension grand bois mison pr\u00e9 champ herbe\" class=\"wp-image-262\" srcset=\"https:\/\/grandboismison.com\/wp-content\/uploads\/2025\/01\/IMG_20240503_193846-scaled-e1737409000237-683x1024.jpg 683w, https:\/\/grandboismison.com\/wp-content\/uploads\/2025\/01\/IMG_20240503_193846-scaled-e1737409000237-200x300.jpg 200w, https:\/\/grandboismison.com\/wp-content\/uploads\/2025\/01\/IMG_20240503_193846-scaled-e1737409000237-768x1152.jpg 768w, https:\/\/grandboismison.com\/wp-content\/uploads\/2025\/01\/IMG_20240503_193846-scaled-e1737409000237-1024x1536.jpg 1024w, https:\/\/grandboismison.com\/wp-content\/uploads\/2025\/01\/IMG_20240503_193846-scaled-e1737409000237-600x900.jpg 600w, https:\/\/grandboismison.com\/wp-content\/uploads\/2025\/01\/IMG_20240503_193846-scaled-e1737409000237.jpg 1152w\" sizes=\"auto, (max-width: 683px) 100vw, 683px\" \/><\/figure>\n<\/div>\n\n\n\n<div class=\"wp-block-column is-layout-flow wp-block-column-is-layout-flow\">\n<figure class=\"wp-block-image size-large\"><img loading=\"lazy\" decoding=\"async\" width=\"683\" height=\"1024\" src=\"http:\/\/grandboismison.com\/wp-content\/uploads\/2025\/01\/IMG_20240523_193051-scaled-e1737409153497-683x1024.jpg\" alt=\"Pension grand bois mison pr\u00e9 champ herbe\" class=\"wp-image-263\" srcset=\"https:\/\/grandboismison.com\/wp-content\/uploads\/2025\/01\/IMG_20240523_193051-scaled-e1737409153497-683x1024.jpg 683w, https:\/\/grandboismison.com\/wp-content\/uploads\/2025\/01\/IMG_20240523_193051-scaled-e1737409153497-200x300.jpg 200w, https:\/\/grandboismison.com\/wp-content\/uploads\/2025\/01\/IMG_20240523_193051-scaled-e1737409153497-768x1152.jpg 768w, https:\/\/grandboismison.com\/wp-content\/uploads\/2025\/01\/IMG_20240523_193051-scaled-e1737409153497-1024x1536.jpg 1024w, https:\/\/grandboismison.com\/wp-content\/uploads\/2025\/01\/IMG_20240523_193051-scaled-e1737409153497-600x900.jpg 600w, https:\/\/grandboismison.com\/wp-content\/uploads\/2025\/01\/IMG_20240523_193051-scaled-e1737409153497.jpg 1152w\" sizes=\"auto, (max-width: 683px) 100vw, 683px\" \/><\/figure>\n<\/div>\n<\/div>\n\n\n\n<p><\/p>\n","protected":false},"excerpt":{"rendered":"<p>Nos formules de pension Pension classique 190 \u20ac \/ mois Foin \u00e0 volont\u00e9 En troupeau A l&#8217;herbe une partie de l&#8217;ann\u00e9e Une place dans la sellerie Acc\u00e8s \u00e0 toutes les installations Pension paddock 220 \u20ac \/ mois Foin \u00e0 volont\u00e9 ou rationn\u00e9 Paddock avec abri En petit groupe de 2 ou 3 Une place dans &hellip; <\/p>\n<p class=\"link-more\"><a href=\"https:\/\/grandboismison.com\/index.php\/pensions\/\" class=\"more-link\">Read more<span class=\"screen-reader-text\"> &#8220;Pensions&#8221;<\/span><\/a><\/p>\n","protected":false},"author":1,"featured_media":260,"parent":0,"menu_order":0,"comment_status":"closed","ping_status":"closed","template":"","meta":{"footnotes":""},"class_list":["post-88","page","type-page","status-publish","has-post-thumbnail","hentry"],"_links":{"self":[{"href":"https:\/\/grandboismison.com\/index.php\/wp-json\/wp\/v2\/pages\/88","targetHints":{"allow":["GET"]}}],"collection":[{"href":"https:\/\/grandboismison.com\/index.php\/wp-json\/wp\/v2\/pages"}],"about":[{"href":"https:\/\/grandboismison.com\/index.php\/wp-json\/wp\/v2\/types\/page"}],"author":[{"embeddable":true,"href":"https:\/\/grandboismison.com\/index.php\/wp-json\/wp\/v2\/users\/1"}],"replies":[{"embeddable":true,"href":"https:\/\/grandboismison.com\/index.php\/wp-json\/wp\/v2\/comments?post=88"}],"version-history":[{"count":14,"href":"https:\/\/grandboismison.com\/index.php\/wp-json\/wp\/v2\/pages\/88\/revisions"}],"predecessor-version":[{"id":420,"href":"https:\/\/grandboismison.com\/index.php\/wp-json\/wp\/v2\/pages\/88\/revisions\/420"}],"wp:featuredmedia":[{"embeddable":true,"href":"https:\/\/grandboismison.com\/index.php\/wp-json\/wp\/v2\/media\/260"}],"wp:attachment":[{"href":"https:\/\/grandboismison.com\/index.php\/wp-json\/wp\/v2\/media?parent=88"}],"curies":[{"name":"wp","href":"https:\/\/api.w.org\/{rel}","templated":true}]}}