{"id":86,"date":"2025-01-14T20:58:57","date_gmt":"2025-01-14T19:58:57","guid":{"rendered":"https:\/\/grandboismison.com\/?page_id=86"},"modified":"2025-01-26T19:50:04","modified_gmt":"2025-01-26T18:50:04","slug":"ethologie","status":"publish","type":"page","link":"https:\/\/grandboismison.com\/index.php\/ethologie\/","title":{"rendered":"Ethologie"},"content":{"rendered":"\n<div class=\"wp-block-columns is-layout-flex wp-container-core-columns-is-layout-28f84493 wp-block-columns-is-layout-flex\">\n<div class=\"wp-block-column is-layout-flow wp-block-column-is-layout-flow\">\n<figure class=\"wp-block-image size-large\"><img loading=\"lazy\" decoding=\"async\" width=\"1024\" height=\"683\" src=\"http:\/\/grandboismison.com\/wp-content\/uploads\/2025\/01\/238-1024x683.jpg\" alt=\"Cheval en libert\u00e9 sur la plage\" class=\"wp-image-364\" srcset=\"https:\/\/grandboismison.com\/wp-content\/uploads\/2025\/01\/238-1024x683.jpg 1024w, https:\/\/grandboismison.com\/wp-content\/uploads\/2025\/01\/238-300x200.jpg 300w, https:\/\/grandboismison.com\/wp-content\/uploads\/2025\/01\/238.jpg 1800w\" sizes=\"auto, (max-width: 1024px) 100vw, 1024px\" \/><\/figure>\n<\/div>\n\n\n\n<div class=\"wp-block-column is-layout-flow wp-block-column-is-layout-flow\">\n<h2 class=\"wp-block-heading\"><strong>Vers une \u00e9quitation \u00e9thique et bienveillante<\/strong><\/h2>\n\n\n\n<p>Au-del\u00e0 de la technique, l&#8217;\u00e9thologie \u00e9quine, c&#8217;est avant tout une philosophie de vie. Je vous invite \u00e0 d\u00e9couvrir une approche de l&#8217;\u00e9quitation bas\u00e9e sur le respect du cheval et la recherche du bien-\u00eatre animal. Gr\u00e2ce \u00e0 mon expertise et \u00e0 mon exp\u00e9rience, je vous accompagnerai dans votre parcours \u00e9questre en vous proposant :<\/p>\n\n\n\n<ul class=\"wp-block-list\">\n<li><strong>Une approche globale de l&#8217;\u00e9quitation<\/strong> qui prend en compte les aspects physiques, psychologiques et \u00e9motionnels ;<\/li>\n<\/ul>\n\n\n\n<ul class=\"wp-block-list\">\n<li><strong>Des cours particuliers<\/strong> adapt\u00e9s \u00e0 votre niveau et \u00e0 vos objectifs, quelque soit votre discipline de pr\u00e9dilection ;<\/li>\n<\/ul>\n\n\n\n<ul class=\"wp-block-list\">\n<li><strong>Des conseils personnalis\u00e9s<\/strong> pour l&#8217;entretien et le bien-\u00eatre de votre cheval.<\/li>\n<\/ul>\n<\/div>\n<\/div>\n\n\n\n<div class=\"wp-block-buttons is-content-justification-center is-layout-flex wp-container-core-buttons-is-layout-a89b3969 wp-block-buttons-is-layout-flex\">\n<div class=\"wp-block-button is-style-fill\"><a class=\"wp-block-button__link wp-element-button\" href=\"https:\/\/grandboismison.com\/index.php\/contact\/\">JE RESERVE UN RDV<\/a><\/div>\n<\/div>\n\n\n\n<div style=\"height:73px\" aria-hidden=\"true\" class=\"wp-block-spacer\"><\/div>\n\n\n\n<div class=\"wp-block-group alignfull has-background has-global-padding is-layout-constrained wp-block-group-is-layout-constrained\" style=\"background-color:#e5e9ec;padding-top:var(--wp--preset--spacing--small);padding-bottom:var(--wp--preset--spacing--small)\">\n<div class=\"wp-block-columns is-layout-flex wp-container-core-columns-is-layout-7db7aa3e wp-block-columns-is-layout-flex\" style=\"padding-right:0;padding-left:0\">\n<div class=\"wp-block-column is-vertically-aligned-center is-layout-flow wp-block-column-is-layout-flow\">\n<h2 class=\"wp-block-heading has-medium-font-size\" style=\"text-transform:uppercase\">une relation de confiance au c\u0153ur de l&#8217;apprentissage<\/h2>\n\n\n\n<p>Chaque cheval \u00e9tant unique, je m&#8217;adapte \u00e0 vos besoins sp\u00e9cifiques et \u00e0 ceux de votre monture pour vous offrir un enseignement sur-mesure.<\/p>\n\n\n\n<p><strong>R\u00e9v\u00e9lez le potentiel de votre cheval gr\u00e2ce \u00e0 l&#8217;\u00e9thologie<\/strong><\/p>\n\n\n\n<p>En tant que professionnelle dipl\u00f4m\u00e9e en \u00e9thologie \u00e9quine (BFEE 2), je vous propose une approche bienveillante et respectueuse du cheval.<\/p>\n\n\n\n<p>Nous travaillerons ensemble pour :<\/p>\n\n\n\n<ul class=\"wp-block-list\">\n<li><strong>Am\u00e9liorer votre communication<\/strong> avec votre cheval et renforcer votre lien ;<\/li>\n\n\n\n<li><strong>R\u00e9soudre les probl\u00e8mes comportementaux<\/strong> de mani\u00e8re durable ;<\/li>\n\n\n\n<li><strong>D\u00e9velopper votre confiance en vous<\/strong> et vos comp\u00e9tences \u00e9questres ;<\/li>\n\n\n\n<li><strong>Permettre \u00e0 votre cheval de s&#8217;\u00e9panouir<\/strong> dans un environnement s\u00e9curis\u00e9 et stimulant.<\/li>\n<\/ul>\n\n\n\n<p>Offrez \u00e0 votre cheval le meilleur et d\u00e9couvrez les joies d&#8217;une \u00e9quitation fond\u00e9e sur la compr\u00e9hension mutuelle.<\/p>\n<\/div>\n\n\n\n<div class=\"wp-block-column is-layout-flow wp-block-column-is-layout-flow\">\n<figure class=\"wp-block-image aligncenter size-full is-resized\"><img loading=\"lazy\" decoding=\"async\" width=\"1707\" height=\"2560\" src=\"http:\/\/grandboismison.com\/wp-content\/uploads\/2025\/01\/IMG_20231102_221510-1-scaled.jpg\" alt=\"Cheval en libert\u00e9 sur la plage\" class=\"wp-image-362\" style=\"width:437px;height:auto\" srcset=\"https:\/\/grandboismison.com\/wp-content\/uploads\/2025\/01\/IMG_20231102_221510-1-scaled.jpg 1707w, https:\/\/grandboismison.com\/wp-content\/uploads\/2025\/01\/IMG_20231102_221510-1-200x300.jpg 200w, https:\/\/grandboismison.com\/wp-content\/uploads\/2025\/01\/IMG_20231102_221510-1-683x1024.jpg 683w, https:\/\/grandboismison.com\/wp-content\/uploads\/2025\/01\/IMG_20231102_221510-1-2000x3000.jpg 2000w\" sizes=\"auto, (max-width: 1707px) 100vw, 1707px\" \/><\/figure>\n<\/div>\n<\/div>\n<\/div>\n\n\n\n<div style=\"height:100px\" aria-hidden=\"true\" class=\"wp-block-spacer\"><\/div>\n\n\n\n<figure class=\"wp-block-pullquote\"><blockquote><p><em><strong>&#8220;En libert\u00e9 il ne reste qu&#8217;une seule chose : la V\u00e9rit\u00e9&#8221;<\/strong><\/em><\/p><cite>Andy Booth<\/cite><\/blockquote><\/figure>\n\n\n\n<div style=\"height:100px\" aria-hidden=\"true\" class=\"wp-block-spacer\"><\/div>\n","protected":false},"excerpt":{"rendered":"<p>Vers une \u00e9quitation \u00e9thique et bienveillante Au-del\u00e0 de la technique, l&#8217;\u00e9thologie \u00e9quine, c&#8217;est avant tout une philosophie de vie. Je vous invite \u00e0 d\u00e9couvrir une approche de l&#8217;\u00e9quitation bas\u00e9e sur le respect du cheval et la recherche du bien-\u00eatre animal. Gr\u00e2ce \u00e0 mon expertise et \u00e0 mon exp\u00e9rience, je vous accompagnerai dans votre parcours \u00e9questre &hellip; <\/p>\n<p class=\"link-more\"><a href=\"https:\/\/grandboismison.com\/index.php\/ethologie\/\" class=\"more-link\">Read more<span class=\"screen-reader-text\"> &#8220;Ethologie&#8221;<\/span><\/a><\/p>\n","protected":false},"author":1,"featured_media":0,"parent":0,"menu_order":0,"comment_status":"closed","ping_status":"closed","template":"","meta":{"footnotes":""},"class_list":["post-86","page","type-page","status-publish","hentry"],"_links":{"self":[{"href":"https:\/\/grandboismison.com\/index.php\/wp-json\/wp\/v2\/pages\/86","targetHints":{"allow":["GET"]}}],"collection":[{"href":"https:\/\/grandboismison.com\/index.php\/wp-json\/wp\/v2\/pages"}],"about":[{"href":"https:\/\/grandboismison.com\/index.php\/wp-json\/wp\/v2\/types\/page"}],"author":[{"embeddable":true,"href":"https:\/\/grandboismison.com\/index.php\/wp-json\/wp\/v2\/users\/1"}],"replies":[{"embeddable":true,"href":"https:\/\/grandboismison.com\/index.php\/wp-json\/wp\/v2\/comments?post=86"}],"version-history":[{"count":10,"href":"https:\/\/grandboismison.com\/index.php\/wp-json\/wp\/v2\/pages\/86\/revisions"}],"predecessor-version":[{"id":374,"href":"https:\/\/grandboismison.com\/index.php\/wp-json\/wp\/v2\/pages\/86\/revisions\/374"}],"wp:attachment":[{"href":"https:\/\/grandboismison.com\/index.php\/wp-json\/wp\/v2\/media?parent=86"}],"curies":[{"name":"wp","href":"https:\/\/api.w.org\/{rel}","templated":true}]}}