{"id":797,"date":"2025-02-13T21:54:52","date_gmt":"2025-02-13T20:54:52","guid":{"rendered":"https:\/\/grandboismison.com\/?page_id=797"},"modified":"2025-12-20T23:10:14","modified_gmt":"2025-12-20T22:10:14","slug":"le-tour-des-monges-a-cheval","status":"publish","type":"page","link":"https:\/\/grandboismison.com\/index.php\/le-tour-des-monges-a-cheval\/","title":{"rendered":"Le Tour des Monges \u00e0 cheval"},"content":{"rendered":"\n<div class=\"wp-block-group alignfull has-background-background-color has-background has-global-padding is-layout-constrained wp-block-group-is-layout-constrained\" style=\"margin-top:0px;margin-bottom:0px;padding-top:var(--wp--preset--spacing--xx-large);padding-bottom:var(--wp--preset--spacing--xx-large)\">\n<div class=\"wp-block-group alignwide is-layout-flow wp-container-core-group-is-layout-5dcfa7ce wp-block-group-is-layout-flow\" style=\"padding-top:var(--wp--preset--spacing--medium);padding-right:var(--wp--preset--spacing--small);padding-bottom:var(--wp--preset--spacing--medium);padding-left:var(--wp--preset--spacing--small)\">\n<div class=\"wp-block-columns is-layout-flex wp-container-core-columns-is-layout-28f84493 wp-block-columns-is-layout-flex\">\n<div class=\"wp-block-column is-layout-flow wp-block-column-is-layout-flow\"><\/div>\n\n\n\n<div class=\"wp-block-column is-layout-flow wp-block-column-is-layout-flow\" style=\"flex-basis:720px\">\n<p class=\"has-text-align-center\" style=\"margin-top:var(--wp--preset--spacing--small)\"><strong>Un s\u00e9jour initiatique de cinq jours \u00e0 cheval dans les paysages impressionnants du massif des Monges. Un voyage \u00e0 cheval bouleversant vous attend&#8230; Entre alpages sauvages, vall\u00e9es \u00e9troites et l&#8217;immensit\u00e9 \u00e0 perte de vue !<\/strong><\/p>\n\n\n\n<div class=\"wp-block-buttons is-content-justification-center is-layout-flex wp-container-core-buttons-is-layout-2af897fb wp-block-buttons-is-layout-flex\" style=\"margin-top:var(--wp--preset--spacing--medium)\">\n<div class=\"wp-block-button\"><a class=\"wp-block-button__link has-secondary-background-color has-background wp-element-button\" href=\"https:\/\/grandboismison.addock.co\/\">J&#8217;Y VAIS ! \u2192<\/a><\/div>\n\n\n\n<div class=\"wp-block-button is-style-outline is-style-outline--1\"><a class=\"wp-block-button__link wp-element-button\" href=\"https:\/\/grandboismison.com\/index.php\/conditions-generales-de-vente\/\">Conditions \u2192<\/a><\/div>\n<\/div>\n<\/div>\n\n\n\n<div class=\"wp-block-column is-layout-flow wp-block-column-is-layout-flow\"><\/div>\n<\/div>\n<\/div>\n<\/div>\n\n\n\n<div style=\"height:100px\" aria-hidden=\"true\" class=\"wp-block-spacer\"><\/div>\n\n\n\n<div class=\"wp-block-soliloquy-soliloquywp\"><div aria-live=\"polite\" id=\"soliloquy-container-802_1\" class=\"soliloquy-container soliloquy-transition-fade  soliloquy-theme-base\" style=\"max-width:900px;max-height:600px;\"><ul id=\"soliloquy-802_1\" class=\"soliloquy-slider soliloquy-slides soliloquy-wrap soliloquy-clear\"><li aria-hidden=\"true\" class=\"soliloquy-item soliloquy-item-1 soliloquy-image-slide\" draggable=\"false\" style=\"list-style:none\"><img decoding=\"async\" id=\"soliloquy-image-805\" class=\"soliloquy-image soliloquy-image-1\" src=\"https:\/\/grandboismison.com\/wp-content\/uploads\/2025\/02\/IMG_20240525_212823_143-1-scaled-900x600_c.jpg\" alt=\"IMG_20240525_212823_143\" \/><\/li><li aria-hidden=\"true\" class=\"soliloquy-item soliloquy-item-2 soliloquy-image-slide\" draggable=\"false\" style=\"list-style:none\"><img decoding=\"async\" id=\"soliloquy-image-803\" class=\"soliloquy-image soliloquy-image-2\" src=\"https:\/\/grandboismison.com\/wp-content\/uploads\/2025\/02\/IMG_20221008_130759-scaled-900x600_c.jpg\" alt=\"IMG_20221008_130759\" \/><\/li><li aria-hidden=\"true\" class=\"soliloquy-item soliloquy-item-3 soliloquy-image-slide\" draggable=\"false\" style=\"list-style:none\"><img decoding=\"async\" id=\"soliloquy-image-804\" class=\"soliloquy-image soliloquy-image-3\" src=\"https:\/\/grandboismison.com\/wp-content\/uploads\/2025\/02\/IMG_20221008_132244-scaled-900x600_c.jpg\" alt=\"IMG_20221008_132244\" \/><\/li><li aria-hidden=\"true\" class=\"soliloquy-item soliloquy-item-4 soliloquy-image-slide\" draggable=\"false\" style=\"list-style:none\"><img decoding=\"async\" id=\"soliloquy-image-806\" class=\"soliloquy-image soliloquy-image-4\" src=\"https:\/\/grandboismison.com\/wp-content\/uploads\/2025\/02\/au-col-de-veyre-visorando-232345-900x600_c.jpg\" alt=\"au-col-de-veyre-visorando-232345\" \/><\/li><li aria-hidden=\"true\" class=\"soliloquy-item soliloquy-item-5 soliloquy-image-slide\" draggable=\"false\" style=\"list-style:none\"><img decoding=\"async\" id=\"soliloquy-image-807\" class=\"soliloquy-image soliloquy-image-5\" src=\"https:\/\/grandboismison.com\/wp-content\/uploads\/2025\/02\/Troupeau-au-sommet-des-Monges-900x600_c.jpeg\" alt=\"Troupeau-au-sommet-des-Monges\" \/><\/li><li aria-hidden=\"true\" class=\"soliloquy-item soliloquy-item-6 soliloquy-image-slide\" draggable=\"false\" style=\"list-style:none\"><img decoding=\"async\" id=\"soliloquy-image-1118\" class=\"soliloquy-image soliloquy-image-6\" src=\"https:\/\/grandboismison.com\/wp-content\/uploads\/2025\/04\/20250405_200654639-1-scaled-900x600_c.jpg\" alt=\"20250405_200654639\" \/><\/li><li aria-hidden=\"true\" class=\"soliloquy-item soliloquy-item-7 soliloquy-image-slide\" draggable=\"false\" style=\"list-style:none\"><img decoding=\"async\" id=\"soliloquy-image-1119\" class=\"soliloquy-image soliloquy-image-7\" src=\"https:\/\/grandboismison.com\/wp-content\/uploads\/2025\/04\/IMG_20221008_124440-scaled-900x600_c.jpg\" alt=\"IMG_20221008_124440\" \/><\/li><\/ul><\/div><noscript><style type=\"text\/css\">#soliloquy-container-802_1{opacity:1}<\/style><\/noscript><\/div>\n\n\n\n<div style=\"height:100px\" aria-hidden=\"true\" class=\"wp-block-spacer\"><\/div>\n\n\n\n<p><strong>Les Monges, terres pastorales qui appartinrent jadis aux moines de l&#8217;abbaye Saint-Victor de Marseille. Les Monges &#8211; ou moines en proven\u00e7al &#8211; vous attendent pour vous offrir cinq jours de d\u00e9connexion totale du monde r\u00e9el&#8230;<\/strong><br><br>Jour 1 : de Clamensane \u00e0 Beaudinard. D\u00e8s le d\u00e9part vous plongerez dans <a href=\"https:\/\/www.sisteron-buech.fr\/fr\/j-aime-provence\/profite-nature\/massif-monges\" title=\"\">l&#8217;univers mystique des Monges<\/a>. Au sens propre du terme. Par la travers\u00e9e d&#8217;une rivi\u00e8re \u00e0 gu\u00e9. Avant de nous enfoncer dans la for\u00eat du Sasse jusqu&#8217;au Passage de Palabiouse, d&#8217;o\u00f9 vous d\u00e9couvrirez le panorama exceptionnel sur l&#8217;itin\u00e9raire des jours suivants ! Au pied de la montagne de Jou\u00e8re, les chevaux dormiront \u00e0 la Sapie. Suite \u00e0 la fermeture d\u00e9finitive du g\u00eete de Beaudinard, vous serez transf\u00e9r\u00e9s en voiture dans un g\u00eete \u00e0 Clamensane pour la nuit.<\/p>\n\n\n\n<p>Jour 2 : de Beaudinard \u00e0 Authon. Retour en voiture \u00e0 la Sapie pour retrouver les chevaux. Nous prendrons alors la direction du <a href=\"https:\/\/www.rando-alpes-haute-provence.fr\/trek\/297061-Lac-des-Monges\" title=\"\">Lac des Monges<\/a> par une mont\u00e9e raide entre les blocs de pierre rouge, puis vers le col de Clapouse et ses <a href=\"https:\/\/www.sisteron-buech.fr\/fr\/j-aime-provence\/profite-nature\/massif-monges\" title=\"\">pat\u00fbrages mill\u00e9naires<\/a> ! Suivra alors une longue descente par le GR de la Grande Travers\u00e9e des Pr\u00e9alpes vers Authon et le G\u00eete des Monges.<\/p>\n\n\n\n<p>Jour 3 : de Authon \u00e0 Saint-Geniez par le Col de Fontbelle et le Col de Mounis. Vous d\u00e9couvrirez une autre facette de l&#8217;histoire des Monges : l&#8217;univers min\u00e9ral du G\u00e9oparc Unesco et la dalle \u00e0 ammonites de Fontbelle, puis <a href=\"https:\/\/www.sisteron-buech.fr\/fr\/patrimoine-culturel\/fermeture-temporaire-chapelle-crypte-dromon\" title=\"\">la chapelle de Dromon, assise sur un crypte gauloise du VIII\u00e8me si\u00e8cle<\/a>. Nous dormirons \u00e0 l&#8217;issue de cette journ\u00e9e dans le g\u00eete du m\u00eame nom.<\/p>\n\n\n\n<p>Jour 4 : de Saint-Geniez \u00e0 La Motte-du-Caire par le Chemin de Compostelle. Nous rejoignons ici le mythique GR 653D, ou GR du Chemin de Compostelle. Comme un dernier salut \u00e0 l&#8217;histoire mystique du Massif des Monges pour rejoindre notre dernier h\u00e9bergement et passer une derni\u00e8re soir\u00e9e tous ensemble.<\/p>\n\n\n\n<p>Jour 5 : de la Motte-du-Caire \u00e0 Clamensane. Une derni\u00e8re demi-journ\u00e9e \u00e0 cheval avant les adieux pour rejoindre notre point de d\u00e9part, que nous pourrons rallonger selon les envies de chacun !<\/p>\n\n\n\n<div style=\"height:100px\" aria-hidden=\"true\" class=\"wp-block-spacer\"><\/div>\n\n\n\n<div class=\"wp-block-group has-global-padding is-layout-constrained wp-block-group-is-layout-constrained\">\n<div class=\"wp-block-group has-white-color has-secondary-background-color has-text-color has-background is-layout-flow wp-block-group-is-layout-flow\" style=\"border-radius:20px;padding-top:50px;padding-right:50px;padding-bottom:50px;padding-left:50px\">\n<div class=\"wp-block-columns is-layout-flex wp-container-core-columns-is-layout-28f84493 wp-block-columns-is-layout-flex\">\n<div class=\"wp-block-column is-layout-flow wp-block-column-is-layout-flow\">\n<h1 class=\"wp-block-heading\"><mark style=\"background-color:rgba(0, 0, 0, 0)\" class=\"has-inline-color has-white-color\">Nos coups de coeur :<\/mark><\/h1>\n<\/div>\n\n\n\n<div class=\"wp-block-column is-layout-flow wp-block-column-is-layout-flow\">\n<h1 class=\"wp-block-heading\"><mark style=\"background-color:rgba(0, 0, 0, 0)\" class=\"has-inline-color has-white-color\">Niveau de difficult\u00e9 :<\/mark><\/h1>\n<\/div>\n<\/div>\n\n\n\n<p><\/p>\n\n\n\n<div class=\"wp-block-columns is-layout-flex wp-container-core-columns-is-layout-28f84493 wp-block-columns-is-layout-flex\">\n<div class=\"wp-block-column is-layout-flow wp-block-column-is-layout-flow\">\n<ul class=\"wp-block-list\">\n<li>Un environnement calme et sauvage<\/li>\n\n\n\n<li>Des h\u00e9bergements de qualit\u00e9<\/li>\n\n\n\n<li>5 jours d&#8217;aventure avec votre compagnon de route<\/li>\n\n\n\n<li>Des paysages incomparables<\/li>\n<\/ul>\n<\/div>\n\n\n\n<div class=\"wp-block-column is-layout-flow wp-block-column-is-layout-flow\">\n<figure class=\"wp-block-image aligncenter size-large is-resized\"><img loading=\"lazy\" decoding=\"async\" width=\"1024\" height=\"627\" src=\"http:\/\/grandboismison.com\/wp-content\/uploads\/2025\/01\/Design-sans-titre-1-1024x627.jpg\" alt=\"Niveau interm\u00e9diaire fond bleu\" class=\"wp-image-742\" style=\"width:234px;height:auto\" srcset=\"https:\/\/grandboismison.com\/wp-content\/uploads\/2025\/01\/Design-sans-titre-1-1024x627.jpg 1024w, https:\/\/grandboismison.com\/wp-content\/uploads\/2025\/01\/Design-sans-titre-1-300x184.jpg 300w, https:\/\/grandboismison.com\/wp-content\/uploads\/2025\/01\/Design-sans-titre-1.jpg 1080w\" sizes=\"auto, (max-width: 1024px) 100vw, 1024px\" \/><figcaption class=\"wp-element-caption\">Niveau Interm\u00e9diaire<\/figcaption><\/figure>\n<\/div>\n<\/div>\n<\/div>\n<\/div>\n\n\n\n<div style=\"height:100px\" aria-hidden=\"true\" class=\"wp-block-spacer\"><\/div>\n\n\n\n<p>Un week-end de r\u00eave vous attend, alors, en selle !<\/p>\n\n\n\n<p>Et pour les accompagnateurs ? Il est possible de rejoindre directement les h\u00e9bergements en voiture \u00e0 chaque \u00e9tape. Vous b\u00e9n\u00e9ficierez d&#8217;un tarif comprenant uniquement l&#8217;h\u00e9bergement et le repas du soir.<\/p>\n\n\n\n<div style=\"height:100px\" aria-hidden=\"true\" class=\"wp-block-spacer\"><\/div>\n\n\n\n<div class=\"wp-block-group alignfull is-layout-flow wp-container-core-group-is-layout-c4d5c1b7 wp-block-group-is-layout-flow\" id=\"cover\" style=\"margin-top:0px;margin-bottom:0px\">\n<div class=\"wp-block-cover alignfull has-parallax\" style=\"min-height:549px;aspect-ratio:unset;\"><div class=\"wp-block-cover__image-background wp-image-807 has-parallax\" style=\"background-position:50% 50%;background-image:url(http:\/\/grandboismison.com\/wp-content\/uploads\/2025\/02\/Troupeau-au-sommet-des-Monges.jpeg)\"><\/div><span aria-hidden=\"true\" class=\"wp-block-cover__background has-black-background-color has-background-dim\"><\/span><div class=\"wp-block-cover__inner-container has-global-padding is-layout-constrained wp-block-cover-is-layout-constrained\">\n<div class=\"wp-block-group has-global-padding is-layout-constrained wp-container-core-group-is-layout-4383d167 wp-block-group-is-layout-constrained\">\n<h2 class=\"wp-block-heading has-white-color has-text-color has-large-font-size\">Je veux vivre cette exp\u00e9rience !<\/h2>\n\n\n\n<p>Vous avez encore des question ? Appellez-moi au <a href=\"tel:0698875767\">06 98 87 57 67<\/a>,<br>je r\u00e9pondrai \u00e0 toutes vos questions sur cette randonn\u00e9e !<\/p>\n\n\n\n<div style=\"height:31px\" aria-hidden=\"true\" class=\"wp-block-spacer\"><\/div>\n\n\n\n<div class=\"wp-block-buttons is-layout-flex wp-block-buttons-is-layout-flex\">\n<div class=\"wp-block-button is-style-fill\"><a class=\"wp-block-button__link has-secondary-background-color has-background wp-element-button\" href=\"https:\/\/grandboismison.addock.co\/\" style=\"border-radius:0px;text-transform:uppercase\">je reserve<\/a><\/div>\n\n\n\n<div class=\"wp-block-button is-style-outline is-style-outline--2\"><a class=\"wp-block-button__link wp-element-button\" href=\"https:\/\/grandboismison.com\/index.php\/conditions-generales-de-vente\/\" style=\"border-radius:0px;text-transform:uppercase\">je lis les cgv<\/a><\/div>\n<\/div>\n<\/div>\n<\/div><\/div>\n<\/div>\n\n\n\n<div style=\"height:100px\" aria-hidden=\"true\" class=\"wp-block-spacer\"><\/div>\n\n\n\n<p><\/p>\n","protected":false},"excerpt":{"rendered":"<p>Un s\u00e9jour initiatique de cinq jours \u00e0 cheval dans les paysages impressionnants du massif des Monges. Un voyage \u00e0 cheval bouleversant vous attend&#8230; Entre alpages sauvages, vall\u00e9es \u00e9troites et l&#8217;immensit\u00e9 \u00e0 perte de vue ! Les Monges, terres pastorales qui appartinrent jadis aux moines de l&#8217;abbaye Saint-Victor de Marseille. Les Monges &#8211; ou moines en &hellip; <\/p>\n<p class=\"link-more\"><a href=\"https:\/\/grandboismison.com\/index.php\/le-tour-des-monges-a-cheval\/\" class=\"more-link\">Read more<span class=\"screen-reader-text\"> &#8220;Le Tour des Monges \u00e0 cheval&#8221;<\/span><\/a><\/p>\n","protected":false},"author":1,"featured_media":798,"parent":0,"menu_order":0,"comment_status":"closed","ping_status":"closed","template":"","meta":{"footnotes":""},"class_list":["post-797","page","type-page","status-publish","has-post-thumbnail","hentry"],"_links":{"self":[{"href":"https:\/\/grandboismison.com\/index.php\/wp-json\/wp\/v2\/pages\/797","targetHints":{"allow":["GET"]}}],"collection":[{"href":"https:\/\/grandboismison.com\/index.php\/wp-json\/wp\/v2\/pages"}],"about":[{"href":"https:\/\/grandboismison.com\/index.php\/wp-json\/wp\/v2\/types\/page"}],"author":[{"embeddable":true,"href":"https:\/\/grandboismison.com\/index.php\/wp-json\/wp\/v2\/users\/1"}],"replies":[{"embeddable":true,"href":"https:\/\/grandboismison.com\/index.php\/wp-json\/wp\/v2\/comments?post=797"}],"version-history":[{"count":10,"href":"https:\/\/grandboismison.com\/index.php\/wp-json\/wp\/v2\/pages\/797\/revisions"}],"predecessor-version":[{"id":1187,"href":"https:\/\/grandboismison.com\/index.php\/wp-json\/wp\/v2\/pages\/797\/revisions\/1187"}],"wp:featuredmedia":[{"embeddable":true,"href":"https:\/\/grandboismison.com\/index.php\/wp-json\/wp\/v2\/media\/798"}],"wp:attachment":[{"href":"https:\/\/grandboismison.com\/index.php\/wp-json\/wp\/v2\/media?parent=797"}],"curies":[{"name":"wp","href":"https:\/\/api.w.org\/{rel}","templated":true}]}}