{"id":704,"date":"2025-01-31T21:26:53","date_gmt":"2025-01-31T20:26:53","guid":{"rendered":"https:\/\/grandboismison.com\/?page_id=704"},"modified":"2025-12-20T23:12:39","modified_gmt":"2025-12-20T22:12:39","slug":"portes-du-devoluy","status":"publish","type":"page","link":"https:\/\/grandboismison.com\/index.php\/portes-du-devoluy\/","title":{"rendered":"Aux portes du D\u00e9voluy"},"content":{"rendered":"\n<div class=\"wp-block-group alignfull has-background-background-color has-background has-global-padding is-layout-constrained wp-block-group-is-layout-constrained\" style=\"margin-top:0px;margin-bottom:0px;padding-top:var(--wp--preset--spacing--xx-large);padding-bottom:var(--wp--preset--spacing--xx-large)\">\n<div class=\"wp-block-group alignwide is-layout-flow wp-container-core-group-is-layout-5dcfa7ce wp-block-group-is-layout-flow\" style=\"padding-top:var(--wp--preset--spacing--medium);padding-right:var(--wp--preset--spacing--small);padding-bottom:var(--wp--preset--spacing--medium);padding-left:var(--wp--preset--spacing--small)\">\n<div class=\"wp-block-columns is-layout-flex wp-container-core-columns-is-layout-28f84493 wp-block-columns-is-layout-flex\">\n<div class=\"wp-block-column is-layout-flow wp-block-column-is-layout-flow\"><\/div>\n\n\n\n<div class=\"wp-block-column is-layout-flow wp-block-column-is-layout-flow\" style=\"flex-basis:720px\">\n<p class=\"has-text-align-center\" style=\"margin-top:var(--wp--preset--spacing--small)\"><strong>Une envie d\u2019\u00e9vasion ? Venez passer deux jours \u00e0 cheval entre les for\u00eats alpines et le d\u00e9cor min\u00e9ral du D\u00e9voluy. Deux jours pour d\u00e9couvrir l&#8217;entr\u00e9e du D\u00e9voluy et ses paysages.<\/strong><\/p>\n\n\n\n<div class=\"wp-block-buttons is-content-justification-center is-layout-flex wp-container-core-buttons-is-layout-2af897fb wp-block-buttons-is-layout-flex\" style=\"margin-top:var(--wp--preset--spacing--medium)\">\n<div class=\"wp-block-button\"><a class=\"wp-block-button__link has-secondary-background-color has-background wp-element-button\" href=\"https:\/\/grandboismison.addock.co\/\">J&#8217;Y VAIS ! \u2192<\/a><\/div>\n\n\n\n<div class=\"wp-block-button is-style-outline is-style-outline--1\"><a class=\"wp-block-button__link wp-element-button\" href=\"https:\/\/grandboismison.com\/index.php\/conditions-generales-de-vente\/\">Conditions \u2192<\/a><\/div>\n<\/div>\n<\/div>\n\n\n\n<div class=\"wp-block-column is-layout-flow wp-block-column-is-layout-flow\"><\/div>\n<\/div>\n<\/div>\n<\/div>\n\n\n\n<div style=\"height:100px\" aria-hidden=\"true\" class=\"wp-block-spacer\"><\/div>\n\n\n\n<div class=\"wp-block-soliloquy-soliloquywp\"><div aria-live=\"polite\" id=\"soliloquy-container-1070_1\" class=\"soliloquy-container soliloquy-transition-fade  soliloquy-theme-base\" style=\"max-width:900px;max-height:600px;\"><ul id=\"soliloquy-1070_1\" class=\"soliloquy-slider soliloquy-slides soliloquy-wrap soliloquy-clear\"><li aria-hidden=\"true\" class=\"soliloquy-item soliloquy-item-1 soliloquy-image-slide\" draggable=\"false\" style=\"list-style:none\"><img decoding=\"async\" id=\"soliloquy-image-1071\" class=\"soliloquy-image soliloquy-image-1\" src=\"https:\/\/grandboismison.com\/wp-content\/uploads\/2025\/04\/IMG_20220813_132744-1-scaled-900x600_c.jpg\" alt=\"IMG_20220813_132744\" \/><\/li><li aria-hidden=\"true\" class=\"soliloquy-item soliloquy-item-2 soliloquy-image-slide\" draggable=\"false\" style=\"list-style:none\"><img decoding=\"async\" id=\"soliloquy-image-1072\" class=\"soliloquy-image soliloquy-image-2\" src=\"https:\/\/grandboismison.com\/wp-content\/uploads\/2025\/04\/IMG_20220813_145908-1-scaled-900x600_c.jpg\" alt=\"IMG_20220813_145908\" \/><\/li><li aria-hidden=\"true\" class=\"soliloquy-item soliloquy-item-3 soliloquy-image-slide\" draggable=\"false\" style=\"list-style:none\"><img decoding=\"async\" id=\"soliloquy-image-1073\" class=\"soliloquy-image soliloquy-image-3\" src=\"https:\/\/grandboismison.com\/wp-content\/uploads\/2025\/04\/IMG_20220813_154336-1-scaled-900x600_c.jpg\" alt=\"IMG_20220813_154336\" \/><\/li><li aria-hidden=\"true\" class=\"soliloquy-item soliloquy-item-4 soliloquy-image-slide\" draggable=\"false\" style=\"list-style:none\"><img decoding=\"async\" id=\"soliloquy-image-1074\" class=\"soliloquy-image soliloquy-image-4\" src=\"https:\/\/grandboismison.com\/wp-content\/uploads\/2025\/04\/IMG_20220813_180844-1-scaled-900x600_c.jpg\" alt=\"IMG_20220813_180844\" \/><\/li><li aria-hidden=\"true\" class=\"soliloquy-item soliloquy-item-5 soliloquy-image-slide\" draggable=\"false\" style=\"list-style:none\"><img decoding=\"async\" id=\"soliloquy-image-1075\" class=\"soliloquy-image soliloquy-image-5\" src=\"https:\/\/grandboismison.com\/wp-content\/uploads\/2025\/04\/IMG_20230813_095240-1-scaled-900x600_c.jpg\" alt=\"IMG_20230813_095240\" \/><\/li><li aria-hidden=\"true\" class=\"soliloquy-item soliloquy-item-6 soliloquy-image-slide\" draggable=\"false\" style=\"list-style:none\"><img decoding=\"async\" id=\"soliloquy-image-1076\" class=\"soliloquy-image soliloquy-image-6\" src=\"https:\/\/grandboismison.com\/wp-content\/uploads\/2025\/04\/IMG_20230813_100951-1-scaled-900x600_c.jpg\" alt=\"IMG_20230813_100951\" \/><\/li><li aria-hidden=\"true\" class=\"soliloquy-item soliloquy-item-7 soliloquy-image-slide\" draggable=\"false\" style=\"list-style:none\"><img decoding=\"async\" id=\"soliloquy-image-1077\" class=\"soliloquy-image soliloquy-image-7\" src=\"https:\/\/grandboismison.com\/wp-content\/uploads\/2025\/04\/IMG_20230813_141148-1-scaled-900x600_c.jpg\" alt=\"IMG_20230813_141148\" \/><\/li><li aria-hidden=\"true\" class=\"soliloquy-item soliloquy-item-8 soliloquy-image-slide\" draggable=\"false\" style=\"list-style:none\"><img decoding=\"async\" id=\"soliloquy-image-1078\" class=\"soliloquy-image soliloquy-image-8\" src=\"https:\/\/grandboismison.com\/wp-content\/uploads\/2025\/04\/IMG_20240718_160240-1-scaled-900x600_c.jpg\" alt=\"IMG_20240718_160240\" \/><\/li><\/ul><\/div><noscript><style type=\"text\/css\">#soliloquy-container-1070_1{opacity:1}<\/style><\/noscript><\/div>\n\n\n\n<div style=\"height:100px\" aria-hidden=\"true\" class=\"wp-block-spacer\"><\/div>\n\n\n\n<div class=\"wp-block-columns is-layout-flex wp-container-core-columns-is-layout-28f84493 wp-block-columns-is-layout-flex\">\n<div class=\"wp-block-column is-layout-flow wp-block-column-is-layout-flow\">\n<p><strong>Au d\u00e9part de Montmaur, venez passer 2 jours \u00e0 l&#8217;entr\u00e9e du D\u00e9voluy. Nous serons accueillis en g\u00eete \u00e0 la Cluse o\u00f9 nos h\u00f4tes nous attendent avec de bons petits plats maison et locaux ! N&#8217;oubliez pas le maillot de bain, la cascade vous attend pour vous d\u00e9tendre apr\u00e8s une journ\u00e9e \u00e0 cheval.<\/strong><\/p>\n\n\n\n<p><\/p>\n\n\n\n<p>La premi\u00e8re journ\u00e9e d\u00e9bute par une travers\u00e9e de la for\u00eat de Tresaubenq, offrant une ambiance paisible et ombrag\u00e9e. Une pause pique-nique est pr\u00e9vue au g\u00eete ONF des Sauvas pour un d\u00e9jeuner en pleine nature sous les grands arbres. L&#8217;itin\u00e9raire se poursuit par le hameau de La Montagne, puis la travers\u00e9e du torrent de Rabioux. Vous y d\u00e9couvrirez l&#8217;univers min\u00e9ral du D\u00e9voluy. L&#8217;\u00e9tape du soir se fera dans un g\u00eete \u00e0 La Cluse o\u00f9 vous pourrez appr\u00e9cier un d\u00eener pr\u00e9par\u00e9 avec des produits locaux. Vous pourrez \u00e9galement vous d\u00e9tendre dans le salon, sous la vo\u00fbte de l&#8217;ancienne bergerie r\u00e9nov\u00e9e par nos h\u00f4tes avant de passer une nuit dans les chambr\u00e9es du g\u00eete.<\/p>\n\n\n\n<p><\/p>\n\n\n\n<p>Apr\u00e8s une bonne nuit de sommeil r\u00e9parateur et un petit-d\u00e9jeuner chez nos h\u00f4tes de la Cluse, nous prendrons la direction du Serre du Li\u00e8vre par la tourbi\u00e8re du lac ass\u00e9ch\u00e9 la plupart de l&#8217;ann\u00e9e. Ce sera l&#8217;occasion de d\u00e9couvrir la faune et la flore du D\u00e9voluy ainsi que la vie pastorale. Le parcours continue par le torrent de Rabioux avant de rejoindre \u00e0 nouveau La Montagne et sa chapelle. Le retour \u00e0 Montmaur s&#8217;effectuera par la route foresti\u00e8re de Tresaubenq.<\/p>\n<\/div>\n<\/div>\n\n\n\n<div style=\"height:100px\" aria-hidden=\"true\" class=\"wp-block-spacer\"><\/div>\n\n\n\n<div class=\"wp-block-group has-global-padding is-layout-constrained wp-block-group-is-layout-constrained\">\n<div class=\"wp-block-group has-white-color has-secondary-background-color has-text-color has-background is-layout-flow wp-block-group-is-layout-flow\" style=\"border-radius:20px;padding-top:50px;padding-right:50px;padding-bottom:50px;padding-left:50px\">\n<div class=\"wp-block-columns is-layout-flex wp-container-core-columns-is-layout-28f84493 wp-block-columns-is-layout-flex\">\n<div class=\"wp-block-column is-layout-flow wp-block-column-is-layout-flow\">\n<h1 class=\"wp-block-heading\"><mark style=\"background-color:rgba(0, 0, 0, 0)\" class=\"has-inline-color has-white-color\">Nos coups de coeur :<\/mark><\/h1>\n<\/div>\n\n\n\n<div class=\"wp-block-column is-layout-flow wp-block-column-is-layout-flow\">\n<h1 class=\"wp-block-heading\"><mark style=\"background-color:rgba(0, 0, 0, 0)\" class=\"has-inline-color has-white-color\">Niveau de difficult\u00e9 :<\/mark><\/h1>\n<\/div>\n<\/div>\n\n\n\n<p><\/p>\n\n\n\n<div class=\"wp-block-columns is-layout-flex wp-container-core-columns-is-layout-28f84493 wp-block-columns-is-layout-flex\">\n<div class=\"wp-block-column is-layout-flow wp-block-column-is-layout-flow\">\n<ul class=\"wp-block-list\">\n<li>Deux jours complices avec votre fid\u00e8le destrier<\/li>\n\n\n\n<li>Une nuit dans le plus beau g\u00eete du D\u00e9voluy<\/li>\n\n\n\n<li>Des repas maison avec des produits de pays<\/li>\n\n\n\n<li>Des paysages exceptionnels<\/li>\n<\/ul>\n<\/div>\n\n\n\n<div class=\"wp-block-column is-layout-flow wp-block-column-is-layout-flow\">\n<figure class=\"wp-block-image aligncenter size-large is-resized\"><img loading=\"lazy\" decoding=\"async\" width=\"1024\" height=\"627\" src=\"http:\/\/grandboismison.com\/wp-content\/uploads\/2025\/01\/Design-sans-titre-1-1024x627.jpg\" alt=\"Niveau interm\u00e9diaire fond bleu\" class=\"wp-image-742\" style=\"width:234px;height:auto\" srcset=\"https:\/\/grandboismison.com\/wp-content\/uploads\/2025\/01\/Design-sans-titre-1-1024x627.jpg 1024w, https:\/\/grandboismison.com\/wp-content\/uploads\/2025\/01\/Design-sans-titre-1-300x184.jpg 300w, https:\/\/grandboismison.com\/wp-content\/uploads\/2025\/01\/Design-sans-titre-1.jpg 1080w\" sizes=\"auto, (max-width: 1024px) 100vw, 1024px\" \/><figcaption class=\"wp-element-caption\">Niveau Interm\u00e9diaire<\/figcaption><\/figure>\n<\/div>\n<\/div>\n<\/div>\n<\/div>\n\n\n\n<div style=\"height:100px\" aria-hidden=\"true\" class=\"wp-block-spacer\"><\/div>\n\n\n\n<p>Un week-end de r\u00eave vous attend, alors, en selle !<\/p>\n\n\n\n<p>Et pour les accompagnateurs ? Il est possible de r\u00e9aliser cette randonn\u00e9e \u00e0 v\u00e9lo ! Ou bien de rejoindre directement l&#8217;h\u00e9bergement en voiture. Vous b\u00e9n\u00e9ficierez d&#8217;un tarif comprenant uniquement l&#8217;h\u00e9bergement et le repas du soir.<\/p>\n\n\n\n<div style=\"height:100px\" aria-hidden=\"true\" class=\"wp-block-spacer\"><\/div>\n\n\n\n<div class=\"wp-block-group alignfull is-layout-flow wp-container-core-group-is-layout-c4d5c1b7 wp-block-group-is-layout-flow\" id=\"cover\" style=\"margin-top:0px;margin-bottom:0px\">\n<div class=\"wp-block-cover alignfull has-parallax\" style=\"min-height:549px;aspect-ratio:unset;\"><div class=\"wp-block-cover__image-background wp-image-1068 size-large has-parallax\" style=\"background-position:50% 50%;background-image:url(http:\/\/grandboismison.com\/wp-content\/uploads\/2025\/04\/IMG_20240718_160240-1024x461.jpg)\"><\/div><span aria-hidden=\"true\" class=\"wp-block-cover__background has-black-background-color has-background-dim\"><\/span><div class=\"wp-block-cover__inner-container has-global-padding is-layout-constrained wp-block-cover-is-layout-constrained\">\n<div class=\"wp-block-group has-global-padding is-layout-constrained wp-container-core-group-is-layout-4383d167 wp-block-group-is-layout-constrained\">\n<h2 class=\"wp-block-heading has-white-color has-text-color has-large-font-size\">Je veux vivre cette exp\u00e9rience !<\/h2>\n\n\n\n<p>Vous avez encore des question ? Appellez-moi au <a href=\"tel:0698875767\">06 98 87 57 67<\/a>,<br>je r\u00e9pondrai \u00e0 toutes vos questions sur cette randonn\u00e9e !<\/p>\n\n\n\n<div style=\"height:31px\" aria-hidden=\"true\" class=\"wp-block-spacer\"><\/div>\n\n\n\n<div class=\"wp-block-buttons is-layout-flex wp-block-buttons-is-layout-flex\">\n<div class=\"wp-block-button is-style-fill\"><a class=\"wp-block-button__link has-secondary-background-color has-background wp-element-button\" href=\"https:\/\/grandboismison.addock.co\/\" style=\"border-radius:0px;text-transform:uppercase\">je reserve<\/a><\/div>\n\n\n\n<div class=\"wp-block-button is-style-outline is-style-outline--2\"><a class=\"wp-block-button__link wp-element-button\" href=\"https:\/\/grandboismison.com\/index.php\/conditions-generales-de-vente\/\" style=\"border-radius:0px;text-transform:uppercase\">je lis les cgv<\/a><\/div>\n<\/div>\n<\/div>\n<\/div><\/div>\n<\/div>\n\n\n\n<div style=\"height:100px\" aria-hidden=\"true\" class=\"wp-block-spacer\"><\/div>\n\n\n\n<p><\/p>\n","protected":false},"excerpt":{"rendered":"<p>Une envie d\u2019\u00e9vasion ? Venez passer deux jours \u00e0 cheval entre les for\u00eats alpines et le d\u00e9cor min\u00e9ral du D\u00e9voluy. Deux jours pour d\u00e9couvrir l&#8217;entr\u00e9e du D\u00e9voluy et ses paysages. Au d\u00e9part de Montmaur, venez passer 2 jours \u00e0 l&#8217;entr\u00e9e du D\u00e9voluy. Nous serons accueillis en g\u00eete \u00e0 la Cluse o\u00f9 nos h\u00f4tes nous attendent &hellip; <\/p>\n<p class=\"link-more\"><a href=\"https:\/\/grandboismison.com\/index.php\/portes-du-devoluy\/\" class=\"more-link\">Read more<span class=\"screen-reader-text\"> &#8220;Aux portes du D\u00e9voluy&#8221;<\/span><\/a><\/p>\n","protected":false},"author":1,"featured_media":1068,"parent":0,"menu_order":0,"comment_status":"closed","ping_status":"closed","template":"","meta":{"footnotes":""},"class_list":["post-704","page","type-page","status-publish","has-post-thumbnail","hentry"],"_links":{"self":[{"href":"https:\/\/grandboismison.com\/index.php\/wp-json\/wp\/v2\/pages\/704","targetHints":{"allow":["GET"]}}],"collection":[{"href":"https:\/\/grandboismison.com\/index.php\/wp-json\/wp\/v2\/pages"}],"about":[{"href":"https:\/\/grandboismison.com\/index.php\/wp-json\/wp\/v2\/types\/page"}],"author":[{"embeddable":true,"href":"https:\/\/grandboismison.com\/index.php\/wp-json\/wp\/v2\/users\/1"}],"replies":[{"embeddable":true,"href":"https:\/\/grandboismison.com\/index.php\/wp-json\/wp\/v2\/comments?post=704"}],"version-history":[{"count":27,"href":"https:\/\/grandboismison.com\/index.php\/wp-json\/wp\/v2\/pages\/704\/revisions"}],"predecessor-version":[{"id":1191,"href":"https:\/\/grandboismison.com\/index.php\/wp-json\/wp\/v2\/pages\/704\/revisions\/1191"}],"wp:featuredmedia":[{"embeddable":true,"href":"https:\/\/grandboismison.com\/index.php\/wp-json\/wp\/v2\/media\/1068"}],"wp:attachment":[{"href":"https:\/\/grandboismison.com\/index.php\/wp-json\/wp\/v2\/media?parent=704"}],"curies":[{"name":"wp","href":"https:\/\/api.w.org\/{rel}","templated":true}]}}