{"id":545,"date":"2025-01-29T19:25:24","date_gmt":"2025-01-29T18:25:24","guid":{"rendered":"https:\/\/grandboismison.com\/?page_id=545"},"modified":"2025-12-20T23:13:30","modified_gmt":"2025-12-20T22:13:30","slug":"autour-des-cretes-de-ribiers-a-eourres","status":"publish","type":"page","link":"https:\/\/grandboismison.com\/index.php\/autour-des-cretes-de-ribiers-a-eourres\/","title":{"rendered":"Autour des cr\u00eates, de Ribiers \u00e0 Eourres"},"content":{"rendered":"\n<div class=\"wp-block-group alignfull has-background-background-color has-background has-global-padding is-layout-constrained wp-block-group-is-layout-constrained\" style=\"margin-top:0px;margin-bottom:0px;padding-top:var(--wp--preset--spacing--xx-large);padding-bottom:var(--wp--preset--spacing--xx-large)\">\n<div class=\"wp-block-group alignwide is-layout-flow wp-container-core-group-is-layout-5dcfa7ce wp-block-group-is-layout-flow\" style=\"padding-top:var(--wp--preset--spacing--medium);padding-right:var(--wp--preset--spacing--small);padding-bottom:var(--wp--preset--spacing--medium);padding-left:var(--wp--preset--spacing--small)\">\n<div class=\"wp-block-columns is-layout-flex wp-container-core-columns-is-layout-28f84493 wp-block-columns-is-layout-flex\">\n<div class=\"wp-block-column is-layout-flow wp-block-column-is-layout-flow\"><\/div>\n\n\n\n<div class=\"wp-block-column is-layout-flow wp-block-column-is-layout-flow\" style=\"flex-basis:720px\">\n<p class=\"has-text-align-center\" style=\"margin-top:var(--wp--preset--spacing--small)\"><strong>Une envie d\u2019\u00e9vasion ? Venez passer deux jours \u00e0 cheval \u00e0 la fronti\u00e8re entre Alpes-de-Haute-Provence et Hautes-Alpes, entre Parc naturel r\u00e9gional des Baronnies proven\u00e7ales et Unesco G\u00e9oparc de Haute-Provence.<\/strong><\/p>\n\n\n\n<div class=\"wp-block-buttons is-content-justification-center is-layout-flex wp-container-core-buttons-is-layout-2af897fb wp-block-buttons-is-layout-flex\" style=\"margin-top:var(--wp--preset--spacing--medium)\">\n<div class=\"wp-block-button\"><a class=\"wp-block-button__link has-secondary-background-color has-background wp-element-button\" href=\"https:\/\/grandboismison.addock.co\/\">J&#8217;Y VAIS ! \u2192<\/a><\/div>\n\n\n\n<div class=\"wp-block-button is-style-outline is-style-outline--1\"><a class=\"wp-block-button__link wp-element-button\" href=\"https:\/\/grandboismison.com\/index.php\/conditions-generales-de-vente\/\">Conditions \u2192<\/a><\/div>\n<\/div>\n<\/div>\n\n\n\n<div class=\"wp-block-column is-layout-flow wp-block-column-is-layout-flow\"><\/div>\n<\/div>\n<\/div>\n<\/div>\n\n\n\n<div style=\"height:100px\" aria-hidden=\"true\" class=\"wp-block-spacer\"><\/div>\n\n\n\n<div class=\"wp-block-soliloquy-soliloquywp\"><div aria-live=\"polite\" id=\"soliloquy-container-526_1\" class=\"soliloquy-container soliloquy-transition-fade  soliloquy-theme-base\" style=\"max-width:900px;max-height:600px;\"><ul id=\"soliloquy-526_1\" class=\"soliloquy-slider soliloquy-slides soliloquy-wrap soliloquy-clear\"><li aria-hidden=\"true\" class=\"soliloquy-item soliloquy-item-1 soliloquy-image-slide\" draggable=\"false\" style=\"list-style:none\"><img decoding=\"async\" id=\"soliloquy-image-488\" class=\"soliloquy-image soliloquy-image-1\" src=\"https:\/\/grandboismison.com\/wp-content\/uploads\/2025\/01\/340775430_1294189384835785_7083740849831594658_n-1-900x600_c.jpg\" alt=\"340775430_1294189384835785_7083740849831594658_n\" \/><\/li><li aria-hidden=\"true\" class=\"soliloquy-item soliloquy-item-2 soliloquy-image-slide\" draggable=\"false\" style=\"list-style:none\"><img decoding=\"async\" id=\"soliloquy-image-491\" class=\"soliloquy-image soliloquy-image-2\" src=\"https:\/\/grandboismison.com\/wp-content\/uploads\/2025\/01\/IMG_20230408_151041-scaled-900x600_c.jpg\" alt=\"IMG_20230408_151041\" \/><\/li><li aria-hidden=\"true\" class=\"soliloquy-item soliloquy-item-3 soliloquy-image-slide\" draggable=\"false\" style=\"list-style:none\"><img decoding=\"async\" id=\"soliloquy-image-486\" class=\"soliloquy-image soliloquy-image-3\" src=\"https:\/\/grandboismison.com\/wp-content\/uploads\/2025\/01\/11463473-diaporama-900x600_c.jpg\" alt=\"11463473-diaporama\" \/><\/li><li aria-hidden=\"true\" class=\"soliloquy-item soliloquy-item-4 soliloquy-image-slide\" draggable=\"false\" style=\"list-style:none\"><img decoding=\"async\" id=\"soliloquy-image-484\" class=\"soliloquy-image soliloquy-image-4\" src=\"https:\/\/grandboismison.com\/wp-content\/uploads\/2025\/01\/11463470-diaporama_1-900x600_c.jpg\" alt=\"11463470-diaporama_1\" \/><\/li><li aria-hidden=\"true\" class=\"soliloquy-item soliloquy-item-5 soliloquy-image-slide\" draggable=\"false\" style=\"list-style:none\"><img decoding=\"async\" id=\"soliloquy-image-490\" class=\"soliloquy-image soliloquy-image-5\" src=\"https:\/\/grandboismison.com\/wp-content\/uploads\/2025\/01\/accueil-site_1632403287-900x600_c.jpg\" alt=\"accueil-site_1632403287\" \/><\/li><li aria-hidden=\"true\" class=\"soliloquy-item soliloquy-item-6 soliloquy-image-slide\" draggable=\"false\" style=\"list-style:none\"><img decoding=\"async\" id=\"soliloquy-image-489\" class=\"soliloquy-image soliloquy-image-6\" src=\"https:\/\/grandboismison.com\/wp-content\/uploads\/2025\/01\/accueil-site_1632403140-900x600_c.jpg\" alt=\"accueil-site_1632403140\" \/><\/li><li aria-hidden=\"true\" class=\"soliloquy-item soliloquy-item-7 soliloquy-image-slide\" draggable=\"false\" style=\"list-style:none\"><img decoding=\"async\" id=\"soliloquy-image-485\" class=\"soliloquy-image soliloquy-image-7\" src=\"https:\/\/grandboismison.com\/wp-content\/uploads\/2025\/01\/11463472-diaporama_1-900x600_c.jpg\" alt=\"11463472-diaporama_1\" \/><\/li><li aria-hidden=\"true\" class=\"soliloquy-item soliloquy-item-8 soliloquy-image-slide\" draggable=\"false\" style=\"list-style:none\"><img decoding=\"async\" id=\"soliloquy-image-487\" class=\"soliloquy-image soliloquy-image-8\" src=\"https:\/\/grandboismison.com\/wp-content\/uploads\/2025\/01\/17481792-diaporama_1-900x600_c.jpg\" alt=\"17481792-diaporama_1\" \/><\/li><li aria-hidden=\"true\" class=\"soliloquy-item soliloquy-item-9 soliloquy-image-slide\" draggable=\"false\" style=\"list-style:none\"><img decoding=\"async\" id=\"soliloquy-image-493\" class=\"soliloquy-image soliloquy-image-9\" src=\"https:\/\/grandboismison.com\/wp-content\/uploads\/2025\/01\/IMG_20230408_164457-scaled-900x600_c.jpg\" alt=\"IMG_20230408_164457\" \/><\/li><li aria-hidden=\"true\" class=\"soliloquy-item soliloquy-item-10 soliloquy-image-slide\" draggable=\"false\" style=\"list-style:none\"><img decoding=\"async\" id=\"soliloquy-image-492\" class=\"soliloquy-image soliloquy-image-10\" src=\"https:\/\/grandboismison.com\/wp-content\/uploads\/2025\/01\/IMG_20230408_162438-scaled-900x600_c.jpg\" alt=\"IMG_20230408_162438\" \/><\/li><li aria-hidden=\"true\" class=\"soliloquy-item soliloquy-item-11 soliloquy-image-slide\" draggable=\"false\" style=\"list-style:none\"><img decoding=\"async\" id=\"soliloquy-image-501\" class=\"soliloquy-image soliloquy-image-11\" src=\"https:\/\/grandboismison.com\/wp-content\/uploads\/2025\/01\/IMG_20240723_125142-scaled-900x600_c.jpg\" alt=\"IMG_20240723_125142\" \/><\/li><li aria-hidden=\"true\" class=\"soliloquy-item soliloquy-item-12 soliloquy-image-slide\" draggable=\"false\" style=\"list-style:none\"><img decoding=\"async\" id=\"soliloquy-image-503\" class=\"soliloquy-image soliloquy-image-12\" src=\"https:\/\/grandboismison.com\/wp-content\/uploads\/2025\/01\/jardin-900x600_c.jpeg\" alt=\"jardin\" \/><\/li><li aria-hidden=\"true\" class=\"soliloquy-item soliloquy-item-13 soliloquy-image-slide\" draggable=\"false\" style=\"list-style:none\"><img decoding=\"async\" id=\"soliloquy-image-494\" class=\"soliloquy-image soliloquy-image-13\" src=\"https:\/\/grandboismison.com\/wp-content\/uploads\/2025\/01\/IMG_20230408_170241-scaled-900x600_c.jpg\" alt=\"IMG_20230408_170241\" \/><\/li><li aria-hidden=\"true\" class=\"soliloquy-item soliloquy-item-14 soliloquy-image-slide\" draggable=\"false\" style=\"list-style:none\"><img decoding=\"async\" id=\"soliloquy-image-495\" class=\"soliloquy-image soliloquy-image-14\" src=\"https:\/\/grandboismison.com\/wp-content\/uploads\/2025\/01\/IMG_20230408_200839-scaled-900x600_c.jpg\" alt=\"IMG_20230408_200839\" \/><\/li><li aria-hidden=\"true\" class=\"soliloquy-item soliloquy-item-15 soliloquy-image-slide\" draggable=\"false\" style=\"list-style:none\"><img decoding=\"async\" id=\"soliloquy-image-496\" class=\"soliloquy-image soliloquy-image-15\" src=\"https:\/\/grandboismison.com\/wp-content\/uploads\/2025\/01\/IMG_20230409_111457-scaled-900x600_c.jpg\" alt=\"IMG_20230409_111457\" \/><\/li><li aria-hidden=\"true\" class=\"soliloquy-item soliloquy-item-16 soliloquy-image-slide\" draggable=\"false\" style=\"list-style:none\"><img decoding=\"async\" id=\"soliloquy-image-497\" class=\"soliloquy-image soliloquy-image-16\" src=\"https:\/\/grandboismison.com\/wp-content\/uploads\/2025\/01\/IMG_20230409_132020-scaled-900x600_c.jpg\" alt=\"IMG_20230409_132020\" \/><\/li><li aria-hidden=\"true\" class=\"soliloquy-item soliloquy-item-17 soliloquy-image-slide\" draggable=\"false\" style=\"list-style:none\"><img decoding=\"async\" id=\"soliloquy-image-498\" class=\"soliloquy-image soliloquy-image-17\" src=\"https:\/\/grandboismison.com\/wp-content\/uploads\/2025\/01\/IMG_20230409_132120-scaled-900x600_c.jpg\" alt=\"IMG_20230409_132120\" \/><\/li><li aria-hidden=\"true\" class=\"soliloquy-item soliloquy-item-18 soliloquy-image-slide\" draggable=\"false\" style=\"list-style:none\"><img decoding=\"async\" id=\"soliloquy-image-499\" class=\"soliloquy-image soliloquy-image-18\" src=\"https:\/\/grandboismison.com\/wp-content\/uploads\/2025\/01\/IMG_20230409_133027-scaled-900x600_c.jpg\" alt=\"IMG_20230409_133027\" \/><\/li><li aria-hidden=\"true\" class=\"soliloquy-item soliloquy-item-19 soliloquy-image-slide\" draggable=\"false\" style=\"list-style:none\"><img decoding=\"async\" id=\"soliloquy-image-500\" class=\"soliloquy-image soliloquy-image-19\" src=\"https:\/\/grandboismison.com\/wp-content\/uploads\/2025\/01\/IMG_20230409_143000-scaled-900x600_c.jpg\" alt=\"IMG_20230409_143000\" \/><\/li><li aria-hidden=\"true\" class=\"soliloquy-item soliloquy-item-20 soliloquy-image-slide\" draggable=\"false\" style=\"list-style:none\"><img decoding=\"async\" id=\"soliloquy-image-502\" class=\"soliloquy-image soliloquy-image-20\" src=\"https:\/\/grandboismison.com\/wp-content\/uploads\/2025\/01\/IMG_20240724_130520-scaled-900x600_c.jpg\" alt=\"IMG_20240724_130520\" \/><\/li><\/ul><\/div><noscript><style type=\"text\/css\">#soliloquy-container-526_1{opacity:1}<\/style><\/noscript><\/div>\n\n\n\n<div style=\"height:100px\" aria-hidden=\"true\" class=\"wp-block-spacer\"><\/div>\n\n\n\n<p><strong>Offrez(-vous) un week-end hors du commun au c\u0153ur de paysages \u00e0 couper le souffle !<\/strong><br><br>Une randonn\u00e9e de deux jours \u00e0 cheval au d\u00e9part de Ribiers, pour d\u00e9connecter d\u2019un monde \u00e0 mille \u00e0 l\u2019heure et prendre le temps de savourer le parfum de l\u2019air frais&#8230; Avec une vue imprenable sur les cr\u00eates de Ribiers !<br><br>Apr\u00e8s avoir pr\u00e9par\u00e9 vos chevaux et les sacs, vous prendrez la direction des ruines d&#8217;une chapelle du XIII\u00e8me si\u00e8cle puis vous vous dirigerez vers un superbe col \u00e0 pr\u00e8s de 1300m d\u2019altitude. Une vue splendide vous y attend. Il faudra ensuite prendre la direction d\u2019Eourres pour passer la nuit.<br><br>Vous serez accueillis dans un \u00e9co-lieu \u00e0 1000m d\u2019altitude, entour\u00e9 de montagne : <a href=\"https:\/\/lesdamias.com\/\">Les Damias<\/a>. Ici, tout ce que vous consommez est produit dans le hameau. Des produits issus de circuits courts composent des repas complets, \u00e9quilibr\u00e9s et savoureux. Avant une nuit dans un calme absolu&#8230; En g\u00eete pour ceux qui aiment le confort d&#8217;un bon lit douillet, ou en bivouac dans l&#8217;espace camping avec sanitaires pour rester au plus proche de votre monture toute la nuit. <br><br>Apr\u00e8s un petit-d\u00e9jeuner toujours bio et local autour du buffet, il sera enfin temps pr\u00e9parer \u00e0 nouveau votre compagnon pour reprendre votre chevauch\u00e9e. Vous remonterez la ligne des cr\u00eates en direction de la vall\u00e9e du Jabron avant de redescendre vers Ribiers pour rejoindre notre r\u00e9alit\u00e9&#8230; Ressourc\u00e9s et repos\u00e9s !<\/p>\n\n\n\n<div style=\"height:100px\" aria-hidden=\"true\" class=\"wp-block-spacer\"><\/div>\n\n\n\n<div class=\"wp-block-group has-global-padding is-layout-constrained wp-block-group-is-layout-constrained\">\n<div class=\"wp-block-group has-white-color has-secondary-background-color has-text-color has-background is-layout-flow wp-block-group-is-layout-flow\" style=\"border-radius:20px;padding-top:50px;padding-right:50px;padding-bottom:50px;padding-left:50px\">\n<div class=\"wp-block-columns is-layout-flex wp-container-core-columns-is-layout-28f84493 wp-block-columns-is-layout-flex\">\n<div class=\"wp-block-column is-layout-flow wp-block-column-is-layout-flow\">\n<h1 class=\"wp-block-heading\"><mark style=\"background-color:rgba(0, 0, 0, 0)\" class=\"has-inline-color has-white-color\">Nos coups de coeur :<\/mark><\/h1>\n<\/div>\n\n\n\n<div class=\"wp-block-column is-layout-flow wp-block-column-is-layout-flow\">\n<h1 class=\"wp-block-heading\"><mark style=\"background-color:rgba(0, 0, 0, 0)\" class=\"has-inline-color has-white-color\">Niveau de difficult\u00e9 :<\/mark><\/h1>\n<\/div>\n<\/div>\n\n\n\n<p><\/p>\n\n\n\n<div class=\"wp-block-columns is-layout-flex wp-container-core-columns-is-layout-28f84493 wp-block-columns-is-layout-flex\">\n<div class=\"wp-block-column is-layout-flow wp-block-column-is-layout-flow\">\n<ul class=\"wp-block-list\">\n<li>Deux jours complices avec votre fid\u00e8le destrier<\/li>\n\n\n\n<li>Une nuit dans un hameau pr\u00e9serv\u00e9 entour\u00e9 de nature<\/li>\n\n\n\n<li>Des repas concoct\u00e9s avec des produits issus du jardin<\/li>\n\n\n\n<li>Des paysages incomparables<\/li>\n<\/ul>\n<\/div>\n\n\n\n<div class=\"wp-block-column is-layout-flow wp-block-column-is-layout-flow\">\n<figure class=\"wp-block-image aligncenter size-large is-resized\"><img loading=\"lazy\" decoding=\"async\" width=\"1024\" height=\"627\" src=\"http:\/\/grandboismison.com\/wp-content\/uploads\/2025\/01\/Design-sans-titre-1024x627.jpg\" alt=\"\" class=\"wp-image-596\" style=\"width:234px;height:auto\" srcset=\"https:\/\/grandboismison.com\/wp-content\/uploads\/2025\/01\/Design-sans-titre-1024x627.jpg 1024w, https:\/\/grandboismison.com\/wp-content\/uploads\/2025\/01\/Design-sans-titre-300x184.jpg 300w, https:\/\/grandboismison.com\/wp-content\/uploads\/2025\/01\/Design-sans-titre.jpg 1080w\" sizes=\"auto, (max-width: 1024px) 100vw, 1024px\" \/><figcaption class=\"wp-element-caption\">Niveau Facile<\/figcaption><\/figure>\n<\/div>\n<\/div>\n<\/div>\n<\/div>\n\n\n\n<div style=\"height:100px\" aria-hidden=\"true\" class=\"wp-block-spacer\"><\/div>\n\n\n\n<div class=\"wp-block-columns is-layout-flex wp-container-core-columns-is-layout-28f84493 wp-block-columns-is-layout-flex\">\n<div class=\"wp-block-column is-layout-flow wp-block-column-is-layout-flow\">\n<p>Un week-end de r\u00eave vous attend, alors, en selle !<\/p>\n\n\n\n<p>Et pour les accompagnateurs ? Il est possible de r\u00e9aliser cette randonn\u00e9e \u00e0 v\u00e9lo ! Ou bien de rejoindre directement l&#8217;h\u00e9bergement en voiture. Vous b\u00e9n\u00e9ficierez d&#8217;un tarif comprenant uniquement l&#8217;h\u00e9bergement et le repas du soir.<\/p>\n<\/div>\n<\/div>\n\n\n\n<div style=\"height:100px\" aria-hidden=\"true\" class=\"wp-block-spacer\"><\/div>\n\n\n\n<div class=\"wp-block-group alignfull is-layout-flow wp-container-core-group-is-layout-c4d5c1b7 wp-block-group-is-layout-flow\" id=\"cover\" style=\"margin-top:0px;margin-bottom:0px\">\n<div class=\"wp-block-cover alignfull has-parallax\" style=\"min-height:549px;aspect-ratio:unset;\"><div class=\"wp-block-cover__image-background wp-image-502 has-parallax\" style=\"background-position:50% 50%;background-image:url(http:\/\/grandboismison.com\/wp-content\/uploads\/2025\/01\/IMG_20240724_130520-scaled.jpg)\"><\/div><span aria-hidden=\"true\" class=\"wp-block-cover__background has-black-background-color has-background-dim\"><\/span><div class=\"wp-block-cover__inner-container has-global-padding is-layout-constrained wp-block-cover-is-layout-constrained\">\n<div class=\"wp-block-group has-global-padding is-layout-constrained wp-container-core-group-is-layout-4383d167 wp-block-group-is-layout-constrained\">\n<h2 class=\"wp-block-heading has-white-color has-text-color has-large-font-size\">Je veux vivre cette exp\u00e9rience !<\/h2>\n\n\n\n<p>Vous avez encore des question ? Appellez-moi au <a href=\"tel:0698875767\">06 98 87 57 67<\/a>,<br>je r\u00e9pondrai \u00e0 toutes vos questions sur cette randonn\u00e9e !<\/p>\n\n\n\n<div style=\"height:31px\" aria-hidden=\"true\" class=\"wp-block-spacer\"><\/div>\n\n\n\n<div class=\"wp-block-buttons is-layout-flex wp-block-buttons-is-layout-flex\">\n<div class=\"wp-block-button is-style-fill\"><a class=\"wp-block-button__link has-secondary-background-color has-background wp-element-button\" href=\"https:\/\/grandboismison.addock.co\/\" style=\"border-radius:0px;text-transform:uppercase\">je reserve<\/a><\/div>\n\n\n\n<div class=\"wp-block-button is-style-outline is-style-outline--2\"><a class=\"wp-block-button__link wp-element-button\" href=\"https:\/\/grandboismison.com\/index.php\/conditions-generales-de-vente\/\" style=\"border-radius:0px;text-transform:uppercase\">je lis les cgv<\/a><\/div>\n<\/div>\n<\/div>\n<\/div><\/div>\n<\/div>\n\n\n\n<div style=\"height:100px\" aria-hidden=\"true\" class=\"wp-block-spacer\"><\/div>\n\n\n\n<p><\/p>\n","protected":false},"excerpt":{"rendered":"<p>Une envie d\u2019\u00e9vasion ? Venez passer deux jours \u00e0 cheval \u00e0 la fronti\u00e8re entre Alpes-de-Haute-Provence et Hautes-Alpes, entre Parc naturel r\u00e9gional des Baronnies proven\u00e7ales et Unesco G\u00e9oparc de Haute-Provence. Offrez(-vous) un week-end hors du commun au c\u0153ur de paysages \u00e0 couper le souffle ! Une randonn\u00e9e de deux jours \u00e0 cheval au d\u00e9part de Ribiers, &hellip; <\/p>\n<p class=\"link-more\"><a href=\"https:\/\/grandboismison.com\/index.php\/autour-des-cretes-de-ribiers-a-eourres\/\" class=\"more-link\">Read more<span class=\"screen-reader-text\"> &#8220;Autour des cr\u00eates, de Ribiers \u00e0 Eourres&#8221;<\/span><\/a><\/p>\n","protected":false},"author":1,"featured_media":676,"parent":0,"menu_order":0,"comment_status":"closed","ping_status":"closed","template":"","meta":{"footnotes":""},"class_list":["post-545","page","type-page","status-publish","has-post-thumbnail","hentry"],"_links":{"self":[{"href":"https:\/\/grandboismison.com\/index.php\/wp-json\/wp\/v2\/pages\/545","targetHints":{"allow":["GET"]}}],"collection":[{"href":"https:\/\/grandboismison.com\/index.php\/wp-json\/wp\/v2\/pages"}],"about":[{"href":"https:\/\/grandboismison.com\/index.php\/wp-json\/wp\/v2\/types\/page"}],"author":[{"embeddable":true,"href":"https:\/\/grandboismison.com\/index.php\/wp-json\/wp\/v2\/users\/1"}],"replies":[{"embeddable":true,"href":"https:\/\/grandboismison.com\/index.php\/wp-json\/wp\/v2\/comments?post=545"}],"version-history":[{"count":56,"href":"https:\/\/grandboismison.com\/index.php\/wp-json\/wp\/v2\/pages\/545\/revisions"}],"predecessor-version":[{"id":1192,"href":"https:\/\/grandboismison.com\/index.php\/wp-json\/wp\/v2\/pages\/545\/revisions\/1192"}],"wp:featuredmedia":[{"embeddable":true,"href":"https:\/\/grandboismison.com\/index.php\/wp-json\/wp\/v2\/media\/676"}],"wp:attachment":[{"href":"https:\/\/grandboismison.com\/index.php\/wp-json\/wp\/v2\/media?parent=545"}],"curies":[{"name":"wp","href":"https:\/\/api.w.org\/{rel}","templated":true}]}}