{"id":334,"date":"2025-01-25T23:45:49","date_gmt":"2025-01-25T22:45:49","guid":{"rendered":"https:\/\/grandboismison.com\/?page_id=334"},"modified":"2026-03-18T11:44:03","modified_gmt":"2026-03-18T10:44:03","slug":"faq","status":"publish","type":"page","link":"https:\/\/grandboismison.com\/index.php\/faq\/","title":{"rendered":"FAQ"},"content":{"rendered":"\n<details class=\"wp-block-details is-layout-flow wp-block-details-is-layout-flow\"><summary>Comment faire pour r\u00e9server ?<\/summary>\n<p>Pour chaque activit\u00e9 vous trouverez un lien vers la plateforme de r\u00e9servation de l&#8217;Office de Tourisme Sisteron-Bu\u00ebch, Addock. Vous pouvez r\u00e9server directement sur cette page en payant par carte bancaire ou Paypal.<\/p>\n\n\n\n<p>Pour les randonn\u00e9es, vous serez invit\u00e9s \u00e0 remplir un formulaire avec tous les renseignements n\u00e9cessaires \u00e0 votre inscription. Vous pourrez payer en 1x ou 4x gr\u00e2ce \u00e0 Paypal.<br>Quelques semaines avant la randonn\u00e9e vous recevrez par e-mail une fiche d&#8217;informations \u00e0 me retourner et une fiche indiquant le mat\u00e9riel obligatoire \u00e0 pr\u00e9voir. Il est \u00e9videmment n\u00e9cessaire que vous l&#8217;ayez avec vous.<\/p>\n\n\n\n<div style=\"height:100px\" aria-hidden=\"true\" class=\"wp-block-spacer\"><\/div>\n<\/details>\n\n\n\n<details class=\"wp-block-details is-layout-flow wp-block-details-is-layout-flow\"><summary>Est-ce que je peux venir \u00e0 la Ferme \u00e9questre du Grand Bois avec mon cheval ?<\/summary>\n<p>Oui, bien \u00e9videmment. Toutefois nous refusons les \u00e9talons. Pour cela votre cheval doit \u00eatre en r\u00e8gle, \u00e0 jour de vaccinations grippe, t\u00e9tanos et rhinopneumonie, et de vermifuges. Nous nous r\u00e9servons le droit de refuser tout mouvement d&#8217;\u00e9quid\u00e9s en cas d&#8217;\u00e9pid\u00e9mie. Pour les randonn\u00e9es sur plusieurs jours, votre cheval doit \u00eatre parfaitement entra\u00een\u00e9 en fonction du niveau annonc\u00e9 pour chaque randonn\u00e9e. Pour les stages et randonn\u00e9es \u00e0 la journ\u00e9e, cela ne pose aucun probl\u00e8me. Je vous accompagne volontiers dans votre progression avec votre cheval avant la randonn\u00e9e si cela est n\u00e9cessaire.<\/p>\n\n\n\n<div style=\"height:100px\" aria-hidden=\"true\" class=\"wp-block-spacer\"><\/div>\n<\/details>\n\n\n\n<div style=\"height:100px\" aria-hidden=\"true\" class=\"wp-block-spacer\"><\/div>\n\n\n\n<p><\/p>\n","protected":false},"excerpt":{"rendered":"","protected":false},"author":1,"featured_media":0,"parent":0,"menu_order":0,"comment_status":"closed","ping_status":"closed","template":"","meta":{"footnotes":""},"class_list":["post-334","page","type-page","status-publish","hentry"],"_links":{"self":[{"href":"https:\/\/grandboismison.com\/index.php\/wp-json\/wp\/v2\/pages\/334","targetHints":{"allow":["GET"]}}],"collection":[{"href":"https:\/\/grandboismison.com\/index.php\/wp-json\/wp\/v2\/pages"}],"about":[{"href":"https:\/\/grandboismison.com\/index.php\/wp-json\/wp\/v2\/types\/page"}],"author":[{"embeddable":true,"href":"https:\/\/grandboismison.com\/index.php\/wp-json\/wp\/v2\/users\/1"}],"replies":[{"embeddable":true,"href":"https:\/\/grandboismison.com\/index.php\/wp-json\/wp\/v2\/comments?post=334"}],"version-history":[{"count":18,"href":"https:\/\/grandboismison.com\/index.php\/wp-json\/wp\/v2\/pages\/334\/revisions"}],"predecessor-version":[{"id":1315,"href":"https:\/\/grandboismison.com\/index.php\/wp-json\/wp\/v2\/pages\/334\/revisions\/1315"}],"wp:attachment":[{"href":"https:\/\/grandboismison.com\/index.php\/wp-json\/wp\/v2\/media?parent=334"}],"curies":[{"name":"wp","href":"https:\/\/api.w.org\/{rel}","templated":true}]}}