{"id":142,"date":"2025-01-14T22:42:21","date_gmt":"2025-01-14T21:42:21","guid":{"rendered":"https:\/\/grandboismison.com\/?page_id=142"},"modified":"2025-01-29T11:04:36","modified_gmt":"2025-01-29T10:04:36","slug":"qui-suis-je","status":"publish","type":"page","link":"https:\/\/grandboismison.com\/index.php\/qui-suis-je\/","title":{"rendered":"Qui suis-je ?"},"content":{"rendered":"\n<div class=\"wp-block-group has-border-color has-primary-border-color is-layout-flow wp-container-core-group-is-layout-a77db08e wp-block-group-is-layout-flow\" style=\"border-width:1px;border-radius:8px\">\n<div class=\"wp-block-group has-primary-background-color has-background has-global-padding is-layout-constrained wp-container-core-group-is-layout-5fbedae1 wp-block-group-is-layout-constrained\" style=\"border-top-left-radius:8px;border-top-right-radius:8px;border-bottom-left-radius:0px;border-bottom-right-radius:0px;padding-top:var(--wp--preset--spacing--large);padding-right:var(--wp--preset--spacing--large);padding-bottom:var(--wp--preset--spacing--large);padding-left:var(--wp--preset--spacing--large)\">\n<figure class=\"wp-block-image aligncenter size-full is-resized is-style-rounded\"><img loading=\"lazy\" decoding=\"async\" width=\"2048\" height=\"1365\" src=\"http:\/\/grandboismison.com\/wp-content\/uploads\/2025\/01\/332027370_194634676595965_8752409135264134357_n.jpg\" alt=\"Vaiana Lacombe\" class=\"wp-image-169\" style=\"aspect-ratio:1;object-fit:cover;width:214px;height:auto\" srcset=\"https:\/\/grandboismison.com\/wp-content\/uploads\/2025\/01\/332027370_194634676595965_8752409135264134357_n.jpg 2048w, https:\/\/grandboismison.com\/wp-content\/uploads\/2025\/01\/332027370_194634676595965_8752409135264134357_n-300x200.jpg 300w, https:\/\/grandboismison.com\/wp-content\/uploads\/2025\/01\/332027370_194634676595965_8752409135264134357_n-1024x683.jpg 1024w, https:\/\/grandboismison.com\/wp-content\/uploads\/2025\/01\/332027370_194634676595965_8752409135264134357_n-2000x1333.jpg 2000w\" sizes=\"auto, (max-width: 2048px) 100vw, 2048px\" \/><\/figure>\n\n\n\n<div class=\"wp-block-group has-global-padding is-layout-constrained wp-container-core-group-is-layout-7c6d2669 wp-block-group-is-layout-constrained\">\n<h3 class=\"wp-block-heading has-text-align-center has-white-color has-text-color\">Va\u00efana Lacombe<\/h3>\n\n\n\n<p class=\"has-text-align-center has-white-color has-text-color has-x-small-font-size\">Organisatrice de randonn\u00e9es \u00e9questres et monitrice<\/p>\n<\/div>\n\n\n\n<ul class=\"wp-block-social-links has-normal-icon-size has-icon-color is-style-logos-only is-content-justification-center is-layout-flex wp-container-core-social-links-is-layout-a89b3969 wp-block-social-links-is-layout-flex\"><li style=\"color:#ffffff;\" class=\"wp-social-link wp-social-link-facebook has-white-color wp-block-social-link\"><a href=\"https:\/\/www.facebook.com\/vaiana.lacombe\" class=\"wp-block-social-link-anchor\"><svg width=\"24\" height=\"24\" viewBox=\"0 0 24 24\" version=\"1.1\" xmlns=\"http:\/\/www.w3.org\/2000\/svg\" aria-hidden=\"true\" focusable=\"false\"><path d=\"M12 2C6.5 2 2 6.5 2 12c0 5 3.7 9.1 8.4 9.9v-7H7.9V12h2.5V9.8c0-2.5 1.5-3.9 3.8-3.9 1.1 0 2.2.2 2.2.2v2.5h-1.3c-1.2 0-1.6.8-1.6 1.6V12h2.8l-.4 2.9h-2.3v7C18.3 21.1 22 17 22 12c0-5.5-4.5-10-10-10z\"><\/path><\/svg><span class=\"wp-block-social-link-label screen-reader-text\">Facebook<\/span><\/a><\/li>\n\n<li style=\"color:#ffffff;\" class=\"wp-social-link wp-social-link-instagram has-white-color wp-block-social-link\"><a href=\"https:\/\/instagram.com\/vaiana_lacombe\" class=\"wp-block-social-link-anchor\"><svg width=\"24\" height=\"24\" viewBox=\"0 0 24 24\" version=\"1.1\" xmlns=\"http:\/\/www.w3.org\/2000\/svg\" aria-hidden=\"true\" focusable=\"false\"><path d=\"M12,4.622c2.403,0,2.688,0.009,3.637,0.052c0.877,0.04,1.354,0.187,1.671,0.31c0.42,0.163,0.72,0.358,1.035,0.673 c0.315,0.315,0.51,0.615,0.673,1.035c0.123,0.317,0.27,0.794,0.31,1.671c0.043,0.949,0.052,1.234,0.052,3.637 s-0.009,2.688-0.052,3.637c-0.04,0.877-0.187,1.354-0.31,1.671c-0.163,0.42-0.358,0.72-0.673,1.035 c-0.315,0.315-0.615,0.51-1.035,0.673c-0.317,0.123-0.794,0.27-1.671,0.31c-0.949,0.043-1.233,0.052-3.637,0.052 s-2.688-0.009-3.637-0.052c-0.877-0.04-1.354-0.187-1.671-0.31c-0.42-0.163-0.72-0.358-1.035-0.673 c-0.315-0.315-0.51-0.615-0.673-1.035c-0.123-0.317-0.27-0.794-0.31-1.671C4.631,14.688,4.622,14.403,4.622,12 s0.009-2.688,0.052-3.637c0.04-0.877,0.187-1.354,0.31-1.671c0.163-0.42,0.358-0.72,0.673-1.035 c0.315-0.315,0.615-0.51,1.035-0.673c0.317-0.123,0.794-0.27,1.671-0.31C9.312,4.631,9.597,4.622,12,4.622 M12,3 C9.556,3,9.249,3.01,8.289,3.054C7.331,3.098,6.677,3.25,6.105,3.472C5.513,3.702,5.011,4.01,4.511,4.511 c-0.5,0.5-0.808,1.002-1.038,1.594C3.25,6.677,3.098,7.331,3.054,8.289C3.01,9.249,3,9.556,3,12c0,2.444,0.01,2.751,0.054,3.711 c0.044,0.958,0.196,1.612,0.418,2.185c0.23,0.592,0.538,1.094,1.038,1.594c0.5,0.5,1.002,0.808,1.594,1.038 c0.572,0.222,1.227,0.375,2.185,0.418C9.249,20.99,9.556,21,12,21s2.751-0.01,3.711-0.054c0.958-0.044,1.612-0.196,2.185-0.418 c0.592-0.23,1.094-0.538,1.594-1.038c0.5-0.5,0.808-1.002,1.038-1.594c0.222-0.572,0.375-1.227,0.418-2.185 C20.99,14.751,21,14.444,21,12s-0.01-2.751-0.054-3.711c-0.044-0.958-0.196-1.612-0.418-2.185c-0.23-0.592-0.538-1.094-1.038-1.594 c-0.5-0.5-1.002-0.808-1.594-1.038c-0.572-0.222-1.227-0.375-2.185-0.418C14.751,3.01,14.444,3,12,3L12,3z M12,7.378 c-2.552,0-4.622,2.069-4.622,4.622S9.448,16.622,12,16.622s4.622-2.069,4.622-4.622S14.552,7.378,12,7.378z M12,15 c-1.657,0-3-1.343-3-3s1.343-3,3-3s3,1.343,3,3S13.657,15,12,15z M16.804,6.116c-0.596,0-1.08,0.484-1.08,1.08 s0.484,1.08,1.08,1.08c0.596,0,1.08-0.484,1.08-1.08S17.401,6.116,16.804,6.116z\"><\/path><\/svg><span class=\"wp-block-social-link-label screen-reader-text\">Instagram<\/span><\/a><\/li>\n\n<li style=\"color:#ffffff;\" class=\"wp-social-link wp-social-link-linkedin has-white-color wp-block-social-link\"><a href=\"https:\/\/www.linkedin.com\/in\/vaianalacombe\" class=\"wp-block-social-link-anchor\"><svg width=\"24\" height=\"24\" viewBox=\"0 0 24 24\" version=\"1.1\" xmlns=\"http:\/\/www.w3.org\/2000\/svg\" aria-hidden=\"true\" focusable=\"false\"><path d=\"M19.7,3H4.3C3.582,3,3,3.582,3,4.3v15.4C3,20.418,3.582,21,4.3,21h15.4c0.718,0,1.3-0.582,1.3-1.3V4.3 C21,3.582,20.418,3,19.7,3z M8.339,18.338H5.667v-8.59h2.672V18.338z M7.004,8.574c-0.857,0-1.549-0.694-1.549-1.548 c0-0.855,0.691-1.548,1.549-1.548c0.854,0,1.547,0.694,1.547,1.548C8.551,7.881,7.858,8.574,7.004,8.574z M18.339,18.338h-2.669 v-4.177c0-0.996-0.017-2.278-1.387-2.278c-1.389,0-1.601,1.086-1.601,2.206v4.249h-2.667v-8.59h2.559v1.174h0.037 c0.356-0.675,1.227-1.387,2.526-1.387c2.703,0,3.203,1.779,3.203,4.092V18.338z\"><\/path><\/svg><span class=\"wp-block-social-link-label screen-reader-text\">LinkedIn<\/span><\/a><\/li>\n\n<li style=\"color:#ffffff;\" class=\"wp-social-link wp-social-link-google has-white-color wp-block-social-link\"><a href=\"https:\/\/g.co\/kgs\/Dqr5Pd1\" class=\"wp-block-social-link-anchor\"><svg width=\"24\" height=\"24\" viewBox=\"0 0 24 24\" version=\"1.1\" xmlns=\"http:\/\/www.w3.org\/2000\/svg\" aria-hidden=\"true\" focusable=\"false\"><path d=\"M12.02,10.18v3.72v0.01h5.51c-0.26,1.57-1.67,4.22-5.5,4.22c-3.31,0-6.01-2.75-6.01-6.12s2.7-6.12,6.01-6.12 c1.87,0,3.13,0.8,3.85,1.48l2.84-2.76C16.99,2.99,14.73,2,12.03,2c-5.52,0-10,4.48-10,10s4.48,10,10,10c5.77,0,9.6-4.06,9.6-9.77 c0-0.83-0.11-1.42-0.25-2.05H12.02z\"><\/path><\/svg><span class=\"wp-block-social-link-label screen-reader-text\">Google<\/span><\/a><\/li><\/ul>\n<\/div>\n<\/div>\n\n\n\n<div style=\"height:64px\" aria-hidden=\"true\" class=\"wp-block-spacer\"><\/div>\n\n\n\n<div class=\"wp-block-group has-global-padding is-layout-constrained wp-block-group-is-layout-constrained\">\n<h2 class=\"wp-block-heading has-large-font-size\" id=\"inspiro-is-a-digital-product-agency-that-focuses-on-strategy-and-design\" style=\"font-style:normal;font-weight:100\"><strong>Une monitrice et organisatrice de randonn\u00e9es \u00e9questres \u00e0 votre \u00e9coute !<\/strong><\/h2>\n\n\n\n<div style=\"height:44px\" aria-hidden=\"true\" class=\"wp-block-spacer\"><\/div>\n\n\n\n<div class=\"wp-block-columns is-layout-flex wp-container-core-columns-is-layout-28f84493 wp-block-columns-is-layout-flex\">\n<div class=\"wp-block-column is-layout-flow wp-block-column-is-layout-flow\">\n<figure class=\"wp-block-image size-full\"><img loading=\"lazy\" decoding=\"async\" width=\"901\" height=\"601\" src=\"http:\/\/grandboismison.com\/wp-content\/uploads\/2025\/01\/FB_IMG_1675809647191-Copie.jpg\" alt=\"Vaiana Lacombe guide equestre\" class=\"wp-image-284\" srcset=\"https:\/\/grandboismison.com\/wp-content\/uploads\/2025\/01\/FB_IMG_1675809647191-Copie.jpg 901w, https:\/\/grandboismison.com\/wp-content\/uploads\/2025\/01\/FB_IMG_1675809647191-Copie-300x200.jpg 300w\" sizes=\"auto, (max-width: 901px) 100vw, 901px\" \/><\/figure>\n\n\n\n<h3 class=\"wp-block-heading has-black-color has-text-color has-medium-font-size\"><strong>Monitrice mais surtout humaine<\/strong>&#8230;<\/h3>\n\n\n\n<p class=\"has-text-color\" style=\"color:#7a7a7a\">Passionn\u00e9e de randonn\u00e9e depuis mon plus jeune \u00e2ge, il me tient \u00e0 coeur de vous faire partager ma passion dans les meilleures conditions !<br>La ferme est un espace de s\u00e9curit\u00e9 et de bienveillance pour chacun. Ici je prends \u00e0 coeur de vous remettre en confiance avec les chevaux si vous avez subi une chute. Aucune pression, aucun objectif impos\u00e9 ! Venez comme vous \u00eates !<\/p>\n<\/div>\n\n\n\n<div class=\"wp-block-column is-layout-flow wp-block-column-is-layout-flow\">\n<figure class=\"wp-block-image size-full\"><img loading=\"lazy\" decoding=\"async\" width=\"1707\" height=\"1138\" src=\"http:\/\/grandboismison.com\/wp-content\/uploads\/2025\/01\/IMG_20231102_221510-scaled-e1737403980973.jpg\" alt=\"Vaiana Lacombe ethologie\" class=\"wp-image-244\" srcset=\"https:\/\/grandboismison.com\/wp-content\/uploads\/2025\/01\/IMG_20231102_221510-scaled-e1737403980973.jpg 1707w, https:\/\/grandboismison.com\/wp-content\/uploads\/2025\/01\/IMG_20231102_221510-scaled-e1737403980973-300x200.jpg 300w, https:\/\/grandboismison.com\/wp-content\/uploads\/2025\/01\/IMG_20231102_221510-scaled-e1737403980973-1024x683.jpg 1024w, https:\/\/grandboismison.com\/wp-content\/uploads\/2025\/01\/IMG_20231102_221510-scaled-e1737403980973-768x512.jpg 768w, https:\/\/grandboismison.com\/wp-content\/uploads\/2025\/01\/IMG_20231102_221510-scaled-e1737403980973-1536x1024.jpg 1536w, https:\/\/grandboismison.com\/wp-content\/uploads\/2025\/01\/IMG_20231102_221510-scaled-e1737403980973-600x400.jpg 600w, https:\/\/grandboismison.com\/wp-content\/uploads\/2025\/01\/IMG_20231102_221510-scaled-e1737403980973-1200x800.jpg 1200w\" sizes=\"auto, (max-width: 1707px) 100vw, 1707px\" \/><\/figure>\n\n\n\n<h3 class=\"wp-block-heading has-black-color has-text-color has-medium-font-size\"><strong>Ma philosophie<\/strong><\/h3>\n\n\n\n<p class=\"has-text-color\" style=\"color:#7a7a7a\">Mettre le cheval au centre de l&#8217;\u00e9quitation ! Vous permettre de cr\u00e9er un v\u00e9ritable lien avec le cheval s\u00e9ance apr\u00e8s s\u00e9ance, jour apr\u00e8s jour en randonn\u00e9e. Ici chaque cheval a sa personnalit\u00e9 et nous la respectons. Je vous enseigne l&#8217;\u00e9thologie \u00e0 chaque s\u00e9ance pour vous permettre de devenir de meilleurs hommes et femmes de chevaux.<\/p>\n<\/div>\n\n\n\n<div class=\"wp-block-column is-layout-flow wp-block-column-is-layout-flow\">\n<figure class=\"wp-block-image size-large\"><img loading=\"lazy\" decoding=\"async\" width=\"1024\" height=\"683\" src=\"http:\/\/grandboismison.com\/wp-content\/uploads\/2025\/01\/0002__IDE6634-1024x683.jpg\" alt=\"Vaiana Lacombe TREC\" class=\"wp-image-245\" srcset=\"https:\/\/grandboismison.com\/wp-content\/uploads\/2025\/01\/0002__IDE6634-1024x683.jpg 1024w, https:\/\/grandboismison.com\/wp-content\/uploads\/2025\/01\/0002__IDE6634-300x200.jpg 300w, https:\/\/grandboismison.com\/wp-content\/uploads\/2025\/01\/0002__IDE6634-2000x1333.jpg 2000w\" sizes=\"auto, (max-width: 1024px) 100vw, 1024px\" \/><\/figure>\n\n\n\n<h3 class=\"wp-block-heading has-black-color has-text-color has-medium-font-size\"><strong>Comp\u00e9titrice dans l&#8217;\u00e2me<\/strong> !<\/h3>\n\n\n\n<p class=\"has-text-color\" style=\"color:#7a7a7a\">J&#8217;aime la comp\u00e9tition pour me surpasser chaque jour ! Non pas pour \u00eatre meilleure que les autres mais pour me fixer des objectifs&#8230; Et les atteindre ! Ainsi je vous fais profiter de mon exp\u00e9rience en comp\u00e9tition si vous le souhaitez, je vous donne toutes mes astuces pour atteindre vos objectifs et je vous accompagne en concours. Coaching bienveillant assur\u00e9 !<\/p>\n<\/div>\n<\/div>\n<\/div>\n\n\n\n<div style=\"height:66px\" aria-hidden=\"true\" class=\"wp-block-spacer\"><\/div>\n\n\n\n<div class=\"wp-block-group alignfull has-black-background-color has-background has-global-padding is-layout-constrained wp-block-group-is-layout-constrained\" style=\"padding-top:var(--wp--preset--spacing--medium);padding-bottom:var(--wp--preset--spacing--medium)\">\n<div class=\"wp-block-columns are-vertically-aligned-center is-layout-flex wp-container-core-columns-is-layout-28f84493 wp-block-columns-is-layout-flex\">\n<div class=\"wp-block-column is-vertically-aligned-center is-layout-flow wp-block-column-is-layout-flow\" style=\"padding-top:20px;padding-right:0px;padding-bottom:20px;padding-left:0px\">\n<div class=\"wp-block-group is-content-justification-space-between is-nowrap is-layout-flex wp-container-core-group-is-layout-bb3dfb5c wp-block-group-is-layout-flex\">\n<figure class=\"wp-block-image size-full\"><img decoding=\"async\" src=\"https:\/\/grandboismison.com\/wp-content\/themes\/inspiro\/assets\/images\/laurel_left.png\" alt=\"\"\/><\/figure>\n\n\n\n<div class=\"wp-block-group is-layout-flow wp-block-group-is-layout-flow\">\n<p class=\"has-text-align-center has-white-color has-text-color\" style=\"font-size:clamp(14px, 0.875rem + ((1vw - 3.2px) * 0.417), 18px);line-height:1\">BPJEPS Activit\u00e9s \u00e9questres Accompagnatrice de Randonn\u00e9es Equestres<\/p>\n<\/div>\n\n\n\n<figure class=\"wp-block-image size-full\"><img decoding=\"async\" src=\"https:\/\/grandboismison.com\/wp-content\/themes\/inspiro\/assets\/images\/laurel_right.png\" alt=\"\"\/><\/figure>\n<\/div>\n<\/div>\n\n\n\n<div class=\"wp-block-column is-vertically-aligned-center is-layout-flow wp-block-column-is-layout-flow\" style=\"padding-top:20px;padding-right:0px;padding-bottom:20px;padding-left:0px\">\n<div class=\"wp-block-group is-content-justification-space-between is-nowrap is-layout-flex wp-container-core-group-is-layout-bb3dfb5c wp-block-group-is-layout-flex\">\n<figure class=\"wp-block-image size-full is-resized\"><img decoding=\"async\" src=\"https:\/\/grandboismison.com\/wp-content\/themes\/inspiro\/assets\/images\/laurel_left.png\" alt=\"\" style=\"width:29px;height:auto\"\/><\/figure>\n\n\n\n<div class=\"wp-block-group is-layout-flow wp-block-group-is-layout-flow\">\n<p class=\"has-text-align-center has-white-color has-text-color\" style=\"font-size:clamp(14px, 0.875rem + ((1vw - 3.2px) * 0.417), 18px);\">Brevet F\u00e9d\u00e9ral d&#8217;Enseignement d&#8217;Equitation Ethologique niveau 2<\/p>\n<\/div>\n\n\n\n<figure class=\"wp-block-image size-full is-resized\"><img decoding=\"async\" src=\"https:\/\/grandboismison.com\/wp-content\/themes\/inspiro\/assets\/images\/laurel_right.png\" alt=\"\" style=\"width:28px;height:auto\"\/><\/figure>\n<\/div>\n<\/div>\n\n\n\n<div class=\"wp-block-column is-vertically-aligned-center is-layout-flow wp-block-column-is-layout-flow\" style=\"padding-top:20px;padding-right:0px;padding-bottom:20px;padding-left:0px\">\n<div class=\"wp-block-group is-content-justification-space-between is-nowrap is-layout-flex wp-container-core-group-is-layout-bb3dfb5c wp-block-group-is-layout-flex\">\n<figure class=\"wp-block-image size-full is-resized\"><img decoding=\"async\" src=\"https:\/\/grandboismison.com\/wp-content\/themes\/inspiro\/assets\/images\/laurel_left.png\" alt=\"\" style=\"width:27px;height:auto\"\/><\/figure>\n\n\n\n<div class=\"wp-block-group is-layout-flow wp-block-group-is-layout-flow\">\n<p class=\"has-text-align-center has-white-color has-text-color\" style=\"font-size:clamp(14px, 0.875rem + ((1vw - 3.2px) * 0.417), 18px);\">Championne R\u00e9gionale PACA de TREC Club Elite 2023<\/p>\n<\/div>\n\n\n\n<figure class=\"wp-block-image size-full is-resized\"><img decoding=\"async\" src=\"https:\/\/grandboismison.com\/wp-content\/themes\/inspiro\/assets\/images\/laurel_right.png\" alt=\"\" style=\"width:28px;height:auto\"\/><\/figure>\n<\/div>\n<\/div>\n<\/div>\n<\/div>\n\n\n\n<div style=\"height:100px\" aria-hidden=\"true\" class=\"wp-block-spacer\"><\/div>\n","protected":false},"excerpt":{"rendered":"<p>Va\u00efana Lacombe Organisatrice de randonn\u00e9es \u00e9questres et monitrice Une monitrice et organisatrice de randonn\u00e9es \u00e9questres \u00e0 votre \u00e9coute ! Monitrice mais surtout humaine&#8230; Passionn\u00e9e de randonn\u00e9e depuis mon plus jeune \u00e2ge, il me tient \u00e0 coeur de vous faire partager ma passion dans les meilleures conditions !La ferme est un espace de s\u00e9curit\u00e9 et de &hellip; <\/p>\n<p class=\"link-more\"><a href=\"https:\/\/grandboismison.com\/index.php\/qui-suis-je\/\" class=\"more-link\">Read more<span class=\"screen-reader-text\"> &#8220;Qui suis-je ?&#8221;<\/span><\/a><\/p>\n","protected":false},"author":1,"featured_media":0,"parent":0,"menu_order":0,"comment_status":"closed","ping_status":"closed","template":"","meta":{"footnotes":""},"class_list":["post-142","page","type-page","status-publish","hentry"],"_links":{"self":[{"href":"https:\/\/grandboismison.com\/index.php\/wp-json\/wp\/v2\/pages\/142","targetHints":{"allow":["GET"]}}],"collection":[{"href":"https:\/\/grandboismison.com\/index.php\/wp-json\/wp\/v2\/pages"}],"about":[{"href":"https:\/\/grandboismison.com\/index.php\/wp-json\/wp\/v2\/types\/page"}],"author":[{"embeddable":true,"href":"https:\/\/grandboismison.com\/index.php\/wp-json\/wp\/v2\/users\/1"}],"replies":[{"embeddable":true,"href":"https:\/\/grandboismison.com\/index.php\/wp-json\/wp\/v2\/comments?post=142"}],"version-history":[{"count":23,"href":"https:\/\/grandboismison.com\/index.php\/wp-json\/wp\/v2\/pages\/142\/revisions"}],"predecessor-version":[{"id":406,"href":"https:\/\/grandboismison.com\/index.php\/wp-json\/wp\/v2\/pages\/142\/revisions\/406"}],"wp:attachment":[{"href":"https:\/\/grandboismison.com\/index.php\/wp-json\/wp\/v2\/media?parent=142"}],"curies":[{"name":"wp","href":"https:\/\/api.w.org\/{rel}","templated":true}]}}