{"id":1269,"date":"2026-03-18T10:17:38","date_gmt":"2026-03-18T09:17:38","guid":{"rendered":"https:\/\/grandboismison.com\/?page_id=1269"},"modified":"2026-03-18T10:45:39","modified_gmt":"2026-03-18T09:45:39","slug":"la-vallee-de-la-meouge-de-yourtes-en-cabanes","status":"publish","type":"page","link":"https:\/\/grandboismison.com\/index.php\/la-vallee-de-la-meouge-de-yourtes-en-cabanes\/","title":{"rendered":"La vall\u00e9e de la M\u00e9ouge, de yourtes en cabanes"},"content":{"rendered":"\n<div class=\"wp-block-group alignfull has-background-background-color has-background has-global-padding is-layout-constrained wp-block-group-is-layout-constrained\" style=\"margin-top:0px;margin-bottom:0px;padding-top:var(--wp--preset--spacing--xx-large);padding-bottom:var(--wp--preset--spacing--xx-large)\">\n<div class=\"wp-block-group alignwide is-layout-flow wp-container-core-group-is-layout-5dcfa7ce wp-block-group-is-layout-flow\" style=\"padding-top:var(--wp--preset--spacing--medium);padding-right:var(--wp--preset--spacing--small);padding-bottom:var(--wp--preset--spacing--medium);padding-left:var(--wp--preset--spacing--small)\">\n<div class=\"wp-block-columns is-layout-flex wp-container-core-columns-is-layout-28f84493 wp-block-columns-is-layout-flex\">\n<div class=\"wp-block-column is-layout-flow wp-block-column-is-layout-flow\"><\/div>\n\n\n\n<div class=\"wp-block-column is-layout-flow wp-block-column-is-layout-flow\" style=\"flex-basis:720px\">\n<p class=\"has-text-align-center\" style=\"margin-top:var(--wp--preset--spacing--small)\"><strong>Quatre ou cinq jours \u00e0 cheval de ferme en ferme pour d\u00e9couvrir produits du terroir et h\u00e9bergements atypiques ! \u00c9vadez-vous au c\u0153ur des Baronnies Proven\u00e7ales pour une itin\u00e9rance \u00e9questre unique. Entre rivi\u00e8re sauvage, vasques turquoises, cr\u00eates panoramiques et for\u00eat pr\u00e9serv\u00e9e, cette randonn\u00e9e vous emm\u00e8ne \u00e0 la d\u00e9couverte de la Vall\u00e9e de la M\u00e9ouge, joyau naturel des Hautes-Alpes\u2026<\/strong><\/p>\n\n\n\n<p class=\"has-text-align-center\" style=\"margin-top:var(--wp--preset--spacing--small)\"><\/p>\n\n\n\n<div class=\"wp-block-buttons is-content-justification-center is-layout-flex wp-container-core-buttons-is-layout-2af897fb wp-block-buttons-is-layout-flex\" style=\"margin-top:var(--wp--preset--spacing--medium)\">\n<div class=\"wp-block-button\"><a class=\"wp-block-button__link has-secondary-background-color has-background wp-element-button\" href=\"https:\/\/grandboismison.addock.co\/\">J&#8217;Y VAIS ! \u2192<\/a><\/div>\n\n\n\n<div class=\"wp-block-button is-style-outline is-style-outline--1\"><a class=\"wp-block-button__link wp-element-button\" href=\"https:\/\/grandboismison.com\/index.php\/conditions-generales-de-vente\/\">Conditions \u2192<\/a><\/div>\n<\/div>\n<\/div>\n\n\n\n<div class=\"wp-block-column is-layout-flow wp-block-column-is-layout-flow\"><\/div>\n<\/div>\n<\/div>\n<\/div>\n\n\n\n<div style=\"height:100px\" aria-hidden=\"true\" class=\"wp-block-spacer\"><\/div>\n\n\n\n<div class=\"wp-block-soliloquy-soliloquywp\"><div aria-live=\"polite\" id=\"soliloquy-container-1277_1\" class=\"soliloquy-container soliloquy-transition-fade  soliloquy-theme-base\" style=\"max-width:900px;max-height:600px;\"><ul id=\"soliloquy-1277_1\" class=\"soliloquy-slider soliloquy-slides soliloquy-wrap soliloquy-clear\"><li aria-hidden=\"true\" class=\"soliloquy-item soliloquy-item-1 soliloquy-image-slide\" draggable=\"false\" style=\"list-style:none\"><img decoding=\"async\" id=\"soliloquy-image-1271\" class=\"soliloquy-image soliloquy-image-1\" src=\"https:\/\/grandboismison.com\/wp-content\/uploads\/2026\/03\/gorges-de-la-meouge-provence-cedric-tempier-900x600_c.jpeg\" alt=\"gorges-de-la-meouge-provence-cedric-tempier\" \/><\/li><li aria-hidden=\"true\" class=\"soliloquy-item soliloquy-item-2 soliloquy-image-slide\" draggable=\"false\" style=\"list-style:none\"><img decoding=\"async\" id=\"soliloquy-image-1272\" class=\"soliloquy-image soliloquy-image-2\" src=\"https:\/\/grandboismison.com\/wp-content\/uploads\/2026\/03\/gorges-meouge-1024x678-1-900x600_c.jpeg\" alt=\"gorges-meouge-1024&#215;678\" \/><\/li><li aria-hidden=\"true\" class=\"soliloquy-item soliloquy-item-3 soliloquy-image-slide\" draggable=\"false\" style=\"list-style:none\"><img decoding=\"async\" id=\"soliloquy-image-1273\" class=\"soliloquy-image soliloquy-image-3\" src=\"https:\/\/grandboismison.com\/wp-content\/uploads\/2026\/03\/image-1-900x600_c.jpeg\" alt=\"image (1)\" \/><\/li><li aria-hidden=\"true\" class=\"soliloquy-item soliloquy-item-4 soliloquy-image-slide\" draggable=\"false\" style=\"list-style:none\"><img decoding=\"async\" id=\"soliloquy-image-1274\" class=\"soliloquy-image soliloquy-image-4\" src=\"https:\/\/grandboismison.com\/wp-content\/uploads\/2026\/03\/image-900x600_c.jpg\" alt=\"image\" \/><\/li><li aria-hidden=\"true\" class=\"soliloquy-item soliloquy-item-5 soliloquy-image-slide\" draggable=\"false\" style=\"list-style:none\"><img decoding=\"async\" id=\"soliloquy-image-1232\" class=\"soliloquy-image soliloquy-image-5\" src=\"https:\/\/grandboismison.com\/wp-content\/uploads\/2025\/12\/11463473-diaporama-2-900x600_c.jpg\" alt=\"11463473-diaporama\" \/><\/li><li aria-hidden=\"true\" class=\"soliloquy-item soliloquy-item-6 soliloquy-image-slide\" draggable=\"false\" style=\"list-style:none\"><img decoding=\"async\" id=\"soliloquy-image-1233\" class=\"soliloquy-image soliloquy-image-6\" src=\"https:\/\/grandboismison.com\/wp-content\/uploads\/2025\/12\/11463470-diaporama_1-1-900x600_c.jpg\" alt=\"11463470-diaporama_1\" \/><\/li><li aria-hidden=\"true\" class=\"soliloquy-item soliloquy-item-7 soliloquy-image-slide\" draggable=\"false\" style=\"list-style:none\"><img decoding=\"async\" id=\"soliloquy-image-1224\" class=\"soliloquy-image soliloquy-image-7\" src=\"https:\/\/grandboismison.com\/wp-content\/uploads\/2025\/12\/jardin-900x600_c.jpeg\" alt=\"jardin\" \/><\/li><li aria-hidden=\"true\" class=\"soliloquy-item soliloquy-item-8 soliloquy-image-slide\" draggable=\"false\" style=\"list-style:none\"><img decoding=\"async\" id=\"soliloquy-image-1216\" class=\"soliloquy-image soliloquy-image-8\" src=\"https:\/\/grandboismison.com\/wp-content\/uploads\/2025\/12\/340775430_1294189384835785_7083740849831594658_n-1-900x600_c.jpg\" alt=\"340775430_1294189384835785_7083740849831594658_n\" \/><\/li><\/ul><\/div><noscript><style type=\"text\/css\">#soliloquy-container-1277_1{opacity:1}<\/style><\/noscript><\/div>\n\n\n\n<div style=\"height:100px\" aria-hidden=\"true\" class=\"wp-block-spacer\"><\/div>\n\n\n\n<p><strong>Jour 1 : Ribiers \u2794 \u00c9ourres<\/strong><\/p>\n\n\n\n<p>Au d\u00e9part de Ribiers, vous quitterez la vall\u00e9e pour vous \u00e9lever progressivement \u00e0 travers les for\u00eats.&nbsp;Une mont\u00e9e r\u00e9guli\u00e8re avec des vues imprenables sur la vall\u00e9e du Bu\u00ebch et de la Durance. Vous traversez des paysages de plus en plus sauvages pour atteindre \u00c9ourres, un village &#8220;Au bout du monde&#8221; connu pour son mode de vie \u00e9cologique et son calme absolu. Vous dormirez&nbsp;en yourte sous un ciel \u00e9toil\u00e9 d&#8217;une puret\u00e9 rare, loin de toute pollution lumineuse.<\/p>\n\n\n\n<p><strong>Jour 2 : \u00c9ourres \u2794 Izon-la-Bruisse<\/strong><\/p>\n\n\n\n<p>Sur les traces des bergers et des maquisards, une \u00e9tape de cr\u00eates et de solitude magnifique vous attend pour rejoindre la Dr\u00f4me Proven\u00e7ale. Vous chevaucherez sur des sentiers de montagne o\u00f9 l&#8217;air fleure bon la lavande et le thym. Arriv\u00e9e \u00e0 Izon-la-Bruisse, un hameau charg\u00e9 d&#8217;histoire (haut lieu de la R\u00e9sistance), nich\u00e9 dans un cirque de montagnes. Un repas authentique autour des produits de la ferme vous attend \u00e0 la fin de la journ\u00e9e.<\/p>\n\n\n\n<p><strong>Jour 3 : Izon-la-Bruisse \u2794 Barret-sur-M\u00e9ouge<\/strong><\/p>\n\n\n\n<p>Des cr\u00eates \u00e0 la rivi\u00e8re turquoise, une journ\u00e9e de contrastes pour descendre des sommets vers le c\u0153ur des gorges. Le sentier serpente jusqu\u2019au village de Barret-sur-M\u00e9ouge, point central de la vall\u00e9e. Nous ferons \u00e9tape dans une yourte \u00e0 la ferme autour de leurs produits.<\/p>\n\n\n\n<p><strong>Jour 4 : Barret-sur-M\u00e9ouge \u2794 Antonaves<\/strong><\/p>\n\n\n\n<p>Vous prendrez aujourd&#8217;hui de la hauteur sur la Montagne de Chabre avant de rejoindre le lit de la M\u00e9ouge et le mythique pont Roman ! Une \u00e9tape spectaculaire en vue !<\/p>\n\n\n\n<p><strong>Jour 5 : Antonaves \u2794 Ribiers<\/strong><\/p>\n\n\n\n<p>Dernier jour, derni\u00e8re nuit en g\u00eete. Apr\u00e8s avoir pr\u00e9par\u00e9 une derni\u00e8re fois nos chevaux, nous serpenterons \u00e0 travers la for\u00eat de la montagne de Saint-Cyr pour atteindre ses magnifiques paturages. Avant de descendre une derni\u00e8re fois pour rejoindre Ribiers et notre point de d\u00e9part&#8230;<\/p>\n\n\n\n<div style=\"height:60px\" aria-hidden=\"true\" class=\"wp-block-spacer\"><\/div>\n\n\n\n<p class=\"has-text-align-left\"><strong>OU (selon dates et s\u00e9jour choisi) :<\/strong><\/p>\n\n\n\n<div style=\"height:60px\" aria-hidden=\"true\" class=\"wp-block-spacer\"><\/div>\n\n\n\n<p><strong>Jour 1 : Ribiers \u2794 \u00c9ourres<\/strong><\/p>\n\n\n\n<p>Au d\u00e9part de Ribiers, vous quitterez la vall\u00e9e pour vous \u00e9lever progressivement \u00e0 travers les for\u00eats.&nbsp;Une mont\u00e9e r\u00e9guli\u00e8re avec des vues imprenables sur la vall\u00e9e du Bu\u00ebch et de la Durance. Vous traversez des paysages de plus en plus sauvages pour atteindre \u00c9ourres, un village &#8220;Au bout du monde&#8221; connu pour son mode de vie \u00e9cologique et son calme absolu. Vous dormirez&nbsp;en yourte sous un ciel \u00e9toil\u00e9 d&#8217;une puret\u00e9 rare, loin de toute pollution lumineuse.<\/p>\n\n\n\n<p><strong>Jour 2 : \u00c9ourres \u2794 Izon-la-Bruisse<\/strong><\/p>\n\n\n\n<p>Sur les traces des bergers et des maquisards, une \u00e9tape de cr\u00eates et de solitude magnifique vous attend pour rejoindre la Dr\u00f4me Proven\u00e7ale. Vous chevaucherez sur des sentiers de montagne o\u00f9 l&#8217;air fleure bon la lavande et le thym. Arriv\u00e9e \u00e0 Izon-la-Bruisse, un hameau charg\u00e9 d&#8217;histoire (haut lieu de la R\u00e9sistance), nich\u00e9 dans un cirque de montagnes. Un repas authentique autour des produits de la ferme vous attend \u00e0 la fin de la journ\u00e9e.<\/p>\n\n\n\n<p><strong>Jour 3 : Izon-la-Bruisse \u2794 Barret-sur-M\u00e9ouge<\/strong><\/p>\n\n\n\n<p>Des cr\u00eates \u00e0 la rivi\u00e8re turquoise, une journ\u00e9e de contrastes pour descendre des sommets vers le c\u0153ur des gorges. Le sentier serpente jusqu\u2019au village de Barret-sur-M\u00e9ouge, point central de la vall\u00e9e. Nous ferons \u00e9tape dans une yourte \u00e0 la ferme autour de leurs produits.<\/p>\n\n\n\n<p><strong>Jour 4 : Barret-sur-M\u00e9ouge \u2794 Ribiers par les cr\u00eates<\/strong><\/p>\n\n\n\n<p>Pour clore l&#8217;aventure, vous prendrez de la hauteur sur la Montagne de la Chabre. Une \u00e9tape spectaculaire sur les lignes de cr\u00eates&#8230; D&#8217;un c\u00f4t\u00e9, les Gorges de la M\u00e9ouge, de l&#8217;autre, la vue plongeante sur Sisteron et son rocher de la Baume. Le final est une descente sinueuse \u00e0 travers les sous-bois pour rejoindre Ribiers. Galops sur les plateaux sommitaux et sentiment de libert\u00e9 absolue vous attendent avant le retour \u00e0 la civilisation&#8230;<\/p>\n\n\n\n<div style=\"height:100px\" aria-hidden=\"true\" class=\"wp-block-spacer\"><\/div>\n\n\n\n<div class=\"wp-block-group has-global-padding is-layout-constrained wp-block-group-is-layout-constrained\">\n<div class=\"wp-block-group has-white-color has-secondary-background-color has-text-color has-background is-layout-flow wp-block-group-is-layout-flow\" style=\"border-radius:20px;padding-top:50px;padding-right:50px;padding-bottom:50px;padding-left:50px\">\n<div class=\"wp-block-columns is-layout-flex wp-container-core-columns-is-layout-28f84493 wp-block-columns-is-layout-flex\">\n<div class=\"wp-block-column is-layout-flow wp-block-column-is-layout-flow\">\n<h1 class=\"wp-block-heading\"><mark style=\"background-color:rgba(0, 0, 0, 0)\" class=\"has-inline-color has-white-color\">Nos coups de coeur :<\/mark><\/h1>\n<\/div>\n\n\n\n<div class=\"wp-block-column is-layout-flow wp-block-column-is-layout-flow\">\n<h1 class=\"wp-block-heading\"><mark style=\"background-color:rgba(0, 0, 0, 0)\" class=\"has-inline-color has-white-color\">Niveau de difficult\u00e9 :<\/mark><\/h1>\n<\/div>\n<\/div>\n\n\n\n<p><\/p>\n\n\n\n<div class=\"wp-block-columns is-layout-flex wp-container-core-columns-is-layout-28f84493 wp-block-columns-is-layout-flex\">\n<div class=\"wp-block-column is-layout-flow wp-block-column-is-layout-flow\">\n<ul class=\"wp-block-list\">\n<li>H\u00e9bergements insolites : oubliez le quotidien en s\u00e9journant chaque soir dans des lieux atypiques (yourtes chaleureuses, cabanes en bois\u2026)<\/li>\n\n\n\n<li>Terroir &amp; Partage : une aventure de ferme en ferme \u00e0 la rencontre des producteurs locaux pour d\u00e9guster les meilleurs produits des Hautes-Alpes<\/li>\n\n\n\n<li>Nature sauvage : des sentiers vari\u00e9s entre gorges spectaculaires et plateaux d&#8217;altitude, parfaits pour une d\u00e9connexion totale<\/li>\n<\/ul>\n<\/div>\n\n\n\n<div class=\"wp-block-column is-layout-flow wp-block-column-is-layout-flow\">\n<figure class=\"wp-block-image aligncenter size-large is-resized\"><img loading=\"lazy\" decoding=\"async\" width=\"1024\" height=\"627\" src=\"http:\/\/grandboismison.com\/wp-content\/uploads\/2026\/03\/Design-sans-titre-1024x627.png\" alt=\"\" class=\"wp-image-1279\" style=\"width:234px;height:auto\" srcset=\"https:\/\/grandboismison.com\/wp-content\/uploads\/2026\/03\/Design-sans-titre-1024x627.png 1024w, https:\/\/grandboismison.com\/wp-content\/uploads\/2026\/03\/Design-sans-titre-300x184.png 300w, https:\/\/grandboismison.com\/wp-content\/uploads\/2026\/03\/Design-sans-titre.png 1080w\" sizes=\"auto, (max-width: 1024px) 100vw, 1024px\" \/><figcaption class=\"wp-element-caption\">Niveau Facile<\/figcaption><\/figure>\n<\/div>\n<\/div>\n<\/div>\n<\/div>\n\n\n\n<div style=\"height:100px\" aria-hidden=\"true\" class=\"wp-block-spacer\"><\/div>\n\n\n\n<p>Un s\u00e9jour de r\u00eave vous attend, alors, en selle !<\/p>\n\n\n\n<p>Et pour les accompagnateurs ? Il est possible de r\u00e9aliser cette randonn\u00e9e \u00e0 v\u00e9lo ! Ou bien de rejoindre directement l&#8217;h\u00e9bergement en voiture. Vous b\u00e9n\u00e9ficierez d&#8217;un tarif comprenant uniquement l&#8217;h\u00e9bergement et le repas du soir.<\/p>\n\n\n\n<div style=\"height:100px\" aria-hidden=\"true\" class=\"wp-block-spacer\"><\/div>\n\n\n\n<div class=\"wp-block-group alignfull is-layout-flow wp-container-core-group-is-layout-c4d5c1b7 wp-block-group-is-layout-flow\" id=\"cover\" style=\"margin-top:0px;margin-bottom:0px\">\n<div class=\"wp-block-cover alignfull\" style=\"min-height:549px;aspect-ratio:unset;\"><img loading=\"lazy\" decoding=\"async\" width=\"2560\" height=\"1152\" class=\"wp-block-cover__image-background wp-image-502\" alt=\"\" src=\"http:\/\/grandboismison.com\/wp-content\/uploads\/2025\/01\/IMG_20240724_130520-scaled.jpg\" data-object-fit=\"cover\" srcset=\"https:\/\/grandboismison.com\/wp-content\/uploads\/2025\/01\/IMG_20240724_130520-scaled.jpg 2560w, https:\/\/grandboismison.com\/wp-content\/uploads\/2025\/01\/IMG_20240724_130520-300x135.jpg 300w, https:\/\/grandboismison.com\/wp-content\/uploads\/2025\/01\/IMG_20240724_130520-1024x461.jpg 1024w, https:\/\/grandboismison.com\/wp-content\/uploads\/2025\/01\/IMG_20240724_130520-2000x900.jpg 2000w\" sizes=\"auto, (max-width: 2560px) 100vw, 2560px\" \/><span aria-hidden=\"true\" class=\"wp-block-cover__background has-black-background-color has-background-dim\"><\/span><div class=\"wp-block-cover__inner-container has-global-padding is-layout-constrained wp-block-cover-is-layout-constrained\">\n<div class=\"wp-block-group has-global-padding is-layout-constrained wp-container-core-group-is-layout-4383d167 wp-block-group-is-layout-constrained\">\n<h2 class=\"wp-block-heading has-white-color has-text-color has-large-font-size\">Je veux vivre cette exp\u00e9rience !<\/h2>\n\n\n\n<p>Vous avez encore des question ? Appellez-moi au <a href=\"tel:0698875767\">06 98 87 57 67<\/a>,<br>je r\u00e9pondrai \u00e0 toutes vos questions sur cette randonn\u00e9e !<\/p>\n\n\n\n<div style=\"height:31px\" aria-hidden=\"true\" class=\"wp-block-spacer\"><\/div>\n\n\n\n<div class=\"wp-block-buttons is-layout-flex wp-block-buttons-is-layout-flex\">\n<div class=\"wp-block-button is-style-fill\"><a class=\"wp-block-button__link has-secondary-background-color has-background wp-element-button\" href=\"https:\/\/grandboismison.addock.co\/\" style=\"border-radius:0px;text-transform:uppercase\">je reserve<\/a><\/div>\n\n\n\n<div class=\"wp-block-button is-style-outline is-style-outline--2\"><a class=\"wp-block-button__link wp-element-button\" href=\"https:\/\/grandboismison.com\/index.php\/conditions-generales-de-vente\/\" style=\"border-radius:0px;text-transform:uppercase\">je lis les cgv<\/a><\/div>\n<\/div>\n<\/div>\n<\/div><\/div>\n<\/div>\n\n\n\n<div style=\"height:100px\" aria-hidden=\"true\" class=\"wp-block-spacer\"><\/div>\n","protected":false},"excerpt":{"rendered":"<p>Quatre ou cinq jours \u00e0 cheval de ferme en ferme pour d\u00e9couvrir produits du terroir et h\u00e9bergements atypiques ! \u00c9vadez-vous au c\u0153ur des Baronnies Proven\u00e7ales pour une itin\u00e9rance \u00e9questre unique. Entre rivi\u00e8re sauvage, vasques turquoises, cr\u00eates panoramiques et for\u00eat pr\u00e9serv\u00e9e, cette randonn\u00e9e vous emm\u00e8ne \u00e0 la d\u00e9couverte de la Vall\u00e9e de la M\u00e9ouge, joyau naturel &hellip; <\/p>\n<p class=\"link-more\"><a href=\"https:\/\/grandboismison.com\/index.php\/la-vallee-de-la-meouge-de-yourtes-en-cabanes\/\" class=\"more-link\">Read more<span class=\"screen-reader-text\"> &#8220;La vall\u00e9e de la M\u00e9ouge, de yourtes en cabanes&#8221;<\/span><\/a><\/p>\n","protected":false},"author":1,"featured_media":1271,"parent":0,"menu_order":0,"comment_status":"closed","ping_status":"closed","template":"","meta":{"footnotes":""},"class_list":["post-1269","page","type-page","status-publish","has-post-thumbnail","hentry"],"_links":{"self":[{"href":"https:\/\/grandboismison.com\/index.php\/wp-json\/wp\/v2\/pages\/1269","targetHints":{"allow":["GET"]}}],"collection":[{"href":"https:\/\/grandboismison.com\/index.php\/wp-json\/wp\/v2\/pages"}],"about":[{"href":"https:\/\/grandboismison.com\/index.php\/wp-json\/wp\/v2\/types\/page"}],"author":[{"embeddable":true,"href":"https:\/\/grandboismison.com\/index.php\/wp-json\/wp\/v2\/users\/1"}],"replies":[{"embeddable":true,"href":"https:\/\/grandboismison.com\/index.php\/wp-json\/wp\/v2\/comments?post=1269"}],"version-history":[{"count":13,"href":"https:\/\/grandboismison.com\/index.php\/wp-json\/wp\/v2\/pages\/1269\/revisions"}],"predecessor-version":[{"id":1289,"href":"https:\/\/grandboismison.com\/index.php\/wp-json\/wp\/v2\/pages\/1269\/revisions\/1289"}],"wp:featuredmedia":[{"embeddable":true,"href":"https:\/\/grandboismison.com\/index.php\/wp-json\/wp\/v2\/media\/1271"}],"wp:attachment":[{"href":"https:\/\/grandboismison.com\/index.php\/wp-json\/wp\/v2\/media?parent=1269"}],"curies":[{"name":"wp","href":"https:\/\/api.w.org\/{rel}","templated":true}]}}