{"id":122,"date":"2025-01-14T21:32:56","date_gmt":"2025-01-14T20:32:56","guid":{"rendered":"https:\/\/grandboismison.com\/?page_id=122"},"modified":"2026-03-18T10:55:41","modified_gmt":"2026-03-18T09:55:41","slug":"4-7-jours","status":"publish","type":"page","link":"https:\/\/grandboismison.com\/index.php\/4-7-jours\/","title":{"rendered":"4 \u00e0 7 jours \u00e0 cheval"},"content":{"rendered":"\n<div class=\"wp-block-group alignfull has-global-padding is-layout-constrained wp-block-group-is-layout-constrained\" style=\"padding-top:var(--wp--preset--spacing--small);padding-bottom:var(--wp--preset--spacing--small)\">\n<div class=\"wp-block-columns is-layout-flex wp-container-core-columns-is-layout-7db7aa3e wp-block-columns-is-layout-flex\" style=\"padding-right:0;padding-left:0\">\n<div class=\"wp-block-column is-layout-flow wp-block-column-is-layout-flow\">\n<div class=\"wp-block-soliloquy-soliloquywp\"><div aria-live=\"polite\" id=\"soliloquy-container-1035_1\" class=\"soliloquy-container soliloquy-transition-fade  soliloquy-theme-base\" style=\"max-width:900px;max-height:600px;\"><ul id=\"soliloquy-1035_1\" class=\"soliloquy-slider soliloquy-slides soliloquy-wrap soliloquy-clear\"><li aria-hidden=\"true\" class=\"soliloquy-item soliloquy-item-1 soliloquy-image-slide\" draggable=\"false\" style=\"list-style:none\"><img decoding=\"async\" id=\"soliloquy-image-1038\" class=\"soliloquy-image soliloquy-image-1\" src=\"https:\/\/grandboismison.com\/wp-content\/uploads\/2025\/04\/IMG_20240802_131635-1-scaled-900x600_c.jpg\" alt=\"IMG_20240802_131635\" \/><\/li><li aria-hidden=\"true\" class=\"soliloquy-item soliloquy-item-2 soliloquy-image-slide\" draggable=\"false\" style=\"list-style:none\"><img decoding=\"async\" id=\"soliloquy-image-1037\" class=\"soliloquy-image soliloquy-image-2\" src=\"https:\/\/grandboismison.com\/wp-content\/uploads\/2025\/04\/IMG_20240802_131630-1-scaled-900x600_c.jpg\" alt=\"IMG_20240802_131630\" \/><\/li><li aria-hidden=\"true\" class=\"soliloquy-item soliloquy-item-3 soliloquy-image-slide\" draggable=\"false\" style=\"list-style:none\"><img decoding=\"async\" id=\"soliloquy-image-1039\" class=\"soliloquy-image soliloquy-image-3\" src=\"https:\/\/grandboismison.com\/wp-content\/uploads\/2025\/04\/IMG_20240802_140457-1-scaled-900x600_c.jpg\" alt=\"IMG_20240802_140457\" \/><\/li><li aria-hidden=\"true\" class=\"soliloquy-item soliloquy-item-4 soliloquy-image-slide\" draggable=\"false\" style=\"list-style:none\"><img decoding=\"async\" id=\"soliloquy-image-1040\" class=\"soliloquy-image soliloquy-image-4\" src=\"https:\/\/grandboismison.com\/wp-content\/uploads\/2025\/04\/le-lac-de-roue-900x600_c.jpg\" alt=\"le-lac-de-roue\" \/><\/li><li aria-hidden=\"true\" class=\"soliloquy-item soliloquy-item-5 soliloquy-image-slide\" draggable=\"false\" style=\"list-style:none\"><img decoding=\"async\" id=\"soliloquy-image-1036\" class=\"soliloquy-image soliloquy-image-5\" src=\"https:\/\/grandboismison.com\/wp-content\/uploads\/2025\/04\/fort-queyras-avec-la-lune-1200x675-1-900x600_c.jpg\" alt=\"fort-queyras-avec-la-lune-1200&#215;675\" \/><\/li><\/ul><\/div><noscript><style type=\"text\/css\">#soliloquy-container-1035_1{opacity:1}<\/style><\/noscript><\/div>\n<\/div>\n\n\n\n<div class=\"wp-block-column is-vertically-aligned-center is-layout-flow wp-block-column-is-layout-flow\">\n<h2 class=\"wp-block-heading has-primary-color has-text-color has-link-color has-medium-font-size wp-elements-82f01e40b16ed7d4f868b4fc8835d893\" style=\"text-transform:uppercase\"><a href=\"https:\/\/grandboismison.com\/index.php\/grand-tour-des-lacs-du-queyras\/\" title=\"L\u2019essentiel du D\u00e9voluy\">grand tour des lacs du queyras<\/a><\/h2>\n\n\n\n<p><mark style=\"background-color:rgba(0, 0, 0, 0);color:#00d2db\" class=\"has-inline-color\">6 jours \u00e0 cheval \/ 5 nuits en bivouac<\/mark><\/p>\n\n\n\n<p class=\"has-primary-color has-text-color has-link-color wp-elements-4abfd9bedcd62147ff3ab0662d3d949e\"><a href=\"https:\/\/grandboismison.com\/index.php\/grand-tour-des-lacs-du-queyras\/\" title=\"\">Une envie d\u2019\u00e9vasion ? Venez passer deux jours \u00e0 cheval entre les for\u00eats alpines et le d\u00e9cor min\u00e9ral du D\u00e9voluy. Deux jours pour parcourir les sites embl\u00e9matiques du D\u00e9voluy avec une vue imprenable sur le Pic de Bure\u2026&nbsp;Lire la suite \u2192<\/a><\/p>\n\n\n\n<div class=\"wp-block-buttons is-layout-flex wp-block-buttons-is-layout-flex\">\n<div class=\"wp-block-button is-style-outline is-style-outline--1\"><a class=\"wp-block-button__link wp-element-button\" href=\"https:\/\/grandboismison.addock.co\/\">JE RESERVE<\/a><\/div>\n<\/div>\n<\/div>\n<\/div>\n<\/div>\n\n\n\n<div style=\"height:100px\" aria-hidden=\"true\" class=\"wp-block-spacer\"><\/div>\n\n\n\n<div class=\"wp-block-group alignfull has-background has-global-padding is-layout-constrained wp-block-group-is-layout-constrained\" style=\"background-color:#e5e9ec;padding-top:var(--wp--preset--spacing--small);padding-bottom:var(--wp--preset--spacing--small)\">\n<div class=\"wp-block-columns is-layout-flex wp-container-core-columns-is-layout-7db7aa3e wp-block-columns-is-layout-flex\" style=\"padding-right:0;padding-left:0\">\n<div class=\"wp-block-column is-vertically-aligned-center is-layout-flow wp-block-column-is-layout-flow\">\n<h2 class=\"wp-block-heading has-primary-color has-text-color has-link-color has-medium-font-size wp-elements-5ac5833dda4132b2d171d086142ffbe3\" style=\"text-transform:uppercase\"><a href=\"https:\/\/grandboismison.com\/index.php\/le-tour-des-monges-a-cheval\/\" title=\"Le Tour des Monges \u00e0 cheval\">Tour des Monges \u00e0 cheval<\/a><\/h2>\n\n\n\n<p><mark style=\"background-color:rgba(0, 0, 0, 0);color:#00d2db\" class=\"has-inline-color\">5 jours \u00e0 cheval \/ 4 nuit en g\u00eete<\/mark><\/p>\n\n\n\n<p class=\"has-primary-color has-text-color has-link-color wp-elements-0960d5d94dca1e91cd6adffb9c41f776\"><a href=\"https:\/\/grandboismison.com\/index.php\/le-tour-des-monges-a-cheval\/\" title=\"Le Tour des Monges \u00e0 cheval\">Un s\u00e9jour initiatique de cinq jours \u00e0 cheval dans les paysages impressionnants du massif des Monges. Un voyage \u00e0 cheval bouleversant vous attend\u2026 Entre alpages sauvages, vall\u00e9es \u00e9troites et l\u2019immensit\u00e9 \u00e0 perte de vue ! Lire la suite \u2192<\/a><\/p>\n\n\n\n<div class=\"wp-block-buttons is-horizontal is-content-justification-left is-layout-flex wp-container-core-buttons-is-layout-20be11b6 wp-block-buttons-is-layout-flex\">\n<div class=\"wp-block-button is-style-outline is-style-outline--2\"><a class=\"wp-block-button__link wp-element-button\" href=\"https:\/\/grandboismison.addock.co\/\">JE RESERVE<\/a><\/div>\n<\/div>\n\n\n\n<p><\/p>\n<\/div>\n\n\n\n<div class=\"wp-block-column is-layout-flow wp-block-column-is-layout-flow\">\n<div class=\"wp-block-soliloquy-soliloquywp\"><div aria-live=\"polite\" id=\"soliloquy-container-802_2\" class=\"soliloquy-container soliloquy-transition-fade  soliloquy-theme-base\" style=\"max-width:900px;max-height:600px;\"><ul id=\"soliloquy-802_2\" class=\"soliloquy-slider soliloquy-slides soliloquy-wrap soliloquy-clear\"><li aria-hidden=\"true\" class=\"soliloquy-item soliloquy-item-1 soliloquy-image-slide\" draggable=\"false\" style=\"list-style:none\"><img decoding=\"async\" id=\"soliloquy-image-805\" class=\"soliloquy-image soliloquy-image-1\" src=\"https:\/\/grandboismison.com\/wp-content\/uploads\/2025\/02\/IMG_20240525_212823_143-1-scaled-900x600_c.jpg\" alt=\"IMG_20240525_212823_143\" \/><\/li><li aria-hidden=\"true\" class=\"soliloquy-item soliloquy-item-2 soliloquy-image-slide\" draggable=\"false\" style=\"list-style:none\"><img decoding=\"async\" id=\"soliloquy-image-803\" class=\"soliloquy-image soliloquy-image-2\" src=\"https:\/\/grandboismison.com\/wp-content\/uploads\/2025\/02\/IMG_20221008_130759-scaled-900x600_c.jpg\" alt=\"IMG_20221008_130759\" \/><\/li><li aria-hidden=\"true\" class=\"soliloquy-item soliloquy-item-3 soliloquy-image-slide\" draggable=\"false\" style=\"list-style:none\"><img decoding=\"async\" id=\"soliloquy-image-804\" class=\"soliloquy-image soliloquy-image-3\" src=\"https:\/\/grandboismison.com\/wp-content\/uploads\/2025\/02\/IMG_20221008_132244-scaled-900x600_c.jpg\" alt=\"IMG_20221008_132244\" \/><\/li><li aria-hidden=\"true\" class=\"soliloquy-item soliloquy-item-4 soliloquy-image-slide\" draggable=\"false\" style=\"list-style:none\"><img decoding=\"async\" id=\"soliloquy-image-806\" class=\"soliloquy-image soliloquy-image-4\" src=\"https:\/\/grandboismison.com\/wp-content\/uploads\/2025\/02\/au-col-de-veyre-visorando-232345-900x600_c.jpg\" alt=\"au-col-de-veyre-visorando-232345\" \/><\/li><li aria-hidden=\"true\" class=\"soliloquy-item soliloquy-item-5 soliloquy-image-slide\" draggable=\"false\" style=\"list-style:none\"><img decoding=\"async\" id=\"soliloquy-image-807\" class=\"soliloquy-image soliloquy-image-5\" src=\"https:\/\/grandboismison.com\/wp-content\/uploads\/2025\/02\/Troupeau-au-sommet-des-Monges-900x600_c.jpeg\" alt=\"Troupeau-au-sommet-des-Monges\" \/><\/li><li aria-hidden=\"true\" class=\"soliloquy-item soliloquy-item-6 soliloquy-image-slide\" draggable=\"false\" style=\"list-style:none\"><img decoding=\"async\" id=\"soliloquy-image-1118\" class=\"soliloquy-image soliloquy-image-6\" src=\"https:\/\/grandboismison.com\/wp-content\/uploads\/2025\/04\/20250405_200654639-1-scaled-900x600_c.jpg\" alt=\"20250405_200654639\" \/><\/li><li aria-hidden=\"true\" class=\"soliloquy-item soliloquy-item-7 soliloquy-image-slide\" draggable=\"false\" style=\"list-style:none\"><img decoding=\"async\" id=\"soliloquy-image-1119\" class=\"soliloquy-image soliloquy-image-7\" src=\"https:\/\/grandboismison.com\/wp-content\/uploads\/2025\/04\/IMG_20221008_124440-scaled-900x600_c.jpg\" alt=\"IMG_20221008_124440\" \/><\/li><\/ul><\/div><noscript><style type=\"text\/css\">#soliloquy-container-802_2{opacity:1}<\/style><\/noscript><\/div>\n<\/div>\n<\/div>\n<\/div>\n\n\n\n<div style=\"height:100px\" aria-hidden=\"true\" class=\"wp-block-spacer\"><\/div>\n\n\n\n<div class=\"wp-block-group alignfull has-global-padding is-layout-constrained wp-block-group-is-layout-constrained\" style=\"padding-top:var(--wp--preset--spacing--small);padding-bottom:var(--wp--preset--spacing--small)\">\n<div class=\"wp-block-columns is-layout-flex wp-container-core-columns-is-layout-7db7aa3e wp-block-columns-is-layout-flex\" style=\"padding-right:0;padding-left:0\">\n<div class=\"wp-block-column is-layout-flow wp-block-column-is-layout-flow\">\n<div class=\"wp-block-soliloquy-soliloquywp\"><div aria-live=\"polite\" id=\"soliloquy-container-1277_3\" class=\"soliloquy-container soliloquy-transition-fade  soliloquy-theme-base\" style=\"max-width:900px;max-height:600px;\"><ul id=\"soliloquy-1277_3\" class=\"soliloquy-slider soliloquy-slides soliloquy-wrap soliloquy-clear\"><li aria-hidden=\"true\" class=\"soliloquy-item soliloquy-item-1 soliloquy-image-slide\" draggable=\"false\" style=\"list-style:none\"><img decoding=\"async\" id=\"soliloquy-image-1271\" class=\"soliloquy-image soliloquy-image-1\" src=\"https:\/\/grandboismison.com\/wp-content\/uploads\/2026\/03\/gorges-de-la-meouge-provence-cedric-tempier-900x600_c.jpeg\" alt=\"gorges-de-la-meouge-provence-cedric-tempier\" \/><\/li><li aria-hidden=\"true\" class=\"soliloquy-item soliloquy-item-2 soliloquy-image-slide\" draggable=\"false\" style=\"list-style:none\"><img decoding=\"async\" id=\"soliloquy-image-1272\" class=\"soliloquy-image soliloquy-image-2\" src=\"https:\/\/grandboismison.com\/wp-content\/uploads\/2026\/03\/gorges-meouge-1024x678-1-900x600_c.jpeg\" alt=\"gorges-meouge-1024&#215;678\" \/><\/li><li aria-hidden=\"true\" class=\"soliloquy-item soliloquy-item-3 soliloquy-image-slide\" draggable=\"false\" style=\"list-style:none\"><img decoding=\"async\" id=\"soliloquy-image-1273\" class=\"soliloquy-image soliloquy-image-3\" src=\"https:\/\/grandboismison.com\/wp-content\/uploads\/2026\/03\/image-1-900x600_c.jpeg\" alt=\"image (1)\" \/><\/li><li aria-hidden=\"true\" class=\"soliloquy-item soliloquy-item-4 soliloquy-image-slide\" draggable=\"false\" style=\"list-style:none\"><img decoding=\"async\" id=\"soliloquy-image-1274\" class=\"soliloquy-image soliloquy-image-4\" src=\"https:\/\/grandboismison.com\/wp-content\/uploads\/2026\/03\/image-900x600_c.jpg\" alt=\"image\" \/><\/li><li aria-hidden=\"true\" class=\"soliloquy-item soliloquy-item-5 soliloquy-image-slide\" draggable=\"false\" style=\"list-style:none\"><img decoding=\"async\" id=\"soliloquy-image-1232\" class=\"soliloquy-image soliloquy-image-5\" src=\"https:\/\/grandboismison.com\/wp-content\/uploads\/2025\/12\/11463473-diaporama-2-900x600_c.jpg\" alt=\"11463473-diaporama\" \/><\/li><li aria-hidden=\"true\" class=\"soliloquy-item soliloquy-item-6 soliloquy-image-slide\" draggable=\"false\" style=\"list-style:none\"><img decoding=\"async\" id=\"soliloquy-image-1233\" class=\"soliloquy-image soliloquy-image-6\" src=\"https:\/\/grandboismison.com\/wp-content\/uploads\/2025\/12\/11463470-diaporama_1-1-900x600_c.jpg\" alt=\"11463470-diaporama_1\" \/><\/li><li aria-hidden=\"true\" class=\"soliloquy-item soliloquy-item-7 soliloquy-image-slide\" draggable=\"false\" style=\"list-style:none\"><img decoding=\"async\" id=\"soliloquy-image-1224\" class=\"soliloquy-image soliloquy-image-7\" src=\"https:\/\/grandboismison.com\/wp-content\/uploads\/2025\/12\/jardin-900x600_c.jpeg\" alt=\"jardin\" \/><\/li><li aria-hidden=\"true\" class=\"soliloquy-item soliloquy-item-8 soliloquy-image-slide\" draggable=\"false\" style=\"list-style:none\"><img decoding=\"async\" id=\"soliloquy-image-1216\" class=\"soliloquy-image soliloquy-image-8\" src=\"https:\/\/grandboismison.com\/wp-content\/uploads\/2025\/12\/340775430_1294189384835785_7083740849831594658_n-1-900x600_c.jpg\" alt=\"340775430_1294189384835785_7083740849831594658_n\" \/><\/li><\/ul><\/div><noscript><style type=\"text\/css\">#soliloquy-container-1277_3{opacity:1}<\/style><\/noscript><\/div>\n<\/div>\n\n\n\n<div class=\"wp-block-column is-vertically-aligned-center is-layout-flow wp-block-column-is-layout-flow\">\n<h2 class=\"wp-block-heading has-primary-color has-text-color has-link-color has-medium-font-size wp-elements-a8f6c0072c829aa662e4b1b640464806\" style=\"text-transform:uppercase\"><a href=\"https:\/\/grandboismison.com\/index.php\/la-vallee-de-la-meouge-de-yourtes-en-cabanes\/\">La vall\u00e9e de la M\u00e9ouge, de yourtes en cabanes<\/a><\/h2>\n\n\n\n<p><mark style=\"background-color:rgba(0, 0, 0, 0);color:#00d2db\" class=\"has-inline-color\">4 ou 5 jours \u00e0 cheval \/ 3 ou 4 nuits en yourtes et g\u00eetes<\/mark><\/p>\n\n\n\n<p class=\"has-primary-color has-text-color has-link-color wp-elements-ed99ec1f770b9fd0dc0022e120118a73\"><a href=\"https:\/\/grandboismison.com\/index.php\/la-vallee-de-la-meouge-de-yourtes-en-cabanes\/\">Quatre ou cinq jours \u00e0 cheval de ferme en ferme pour d\u00e9couvrir produits du terroir et h\u00e9bergements atypiques ! \u00c9vadez-vous au c\u0153ur des Baronnies Proven\u00e7ales pour une itin\u00e9rance \u00e9questre unique. Entre rivi\u00e8re sauvage, vasques turquoises, cr\u00eates panoramiques et for\u00eat pr\u00e9serv\u00e9e, cette randonn\u00e9e vous emm\u00e8ne \u00e0 la d\u00e9couverte de la Vall\u00e9e de la M\u00e9ouge, joyau naturel des Hautes-Alpes\u2026&nbsp;Lire la suite \u2192<\/a><\/p>\n\n\n\n<div class=\"wp-block-buttons is-layout-flex wp-block-buttons-is-layout-flex\">\n<div class=\"wp-block-button is-style-outline is-style-outline--3\"><a class=\"wp-block-button__link wp-element-button\" href=\"https:\/\/grandboismison.addock.co\/\">JE RESERVE<\/a><\/div>\n<\/div>\n<\/div>\n<\/div>\n<\/div>\n\n\n\n<div style=\"height:100px\" aria-hidden=\"true\" class=\"wp-block-spacer\"><\/div>\n","protected":false},"excerpt":{"rendered":"<p>grand tour des lacs du queyras 6 jours \u00e0 cheval \/ 5 nuits en bivouac Une envie d\u2019\u00e9vasion ? Venez passer deux jours \u00e0 cheval entre les for\u00eats alpines et le d\u00e9cor min\u00e9ral du D\u00e9voluy. Deux jours pour parcourir les sites embl\u00e9matiques du D\u00e9voluy avec une vue imprenable sur le Pic de Bure\u2026&nbsp;Lire la suite &hellip; <\/p>\n<p class=\"link-more\"><a href=\"https:\/\/grandboismison.com\/index.php\/4-7-jours\/\" class=\"more-link\">Read more<span class=\"screen-reader-text\"> &#8220;4 \u00e0 7 jours \u00e0 cheval&#8221;<\/span><\/a><\/p>\n","protected":false},"author":1,"featured_media":0,"parent":0,"menu_order":0,"comment_status":"closed","ping_status":"closed","template":"","meta":{"footnotes":""},"class_list":["post-122","page","type-page","status-publish","hentry"],"_links":{"self":[{"href":"https:\/\/grandboismison.com\/index.php\/wp-json\/wp\/v2\/pages\/122","targetHints":{"allow":["GET"]}}],"collection":[{"href":"https:\/\/grandboismison.com\/index.php\/wp-json\/wp\/v2\/pages"}],"about":[{"href":"https:\/\/grandboismison.com\/index.php\/wp-json\/wp\/v2\/types\/page"}],"author":[{"embeddable":true,"href":"https:\/\/grandboismison.com\/index.php\/wp-json\/wp\/v2\/users\/1"}],"replies":[{"embeddable":true,"href":"https:\/\/grandboismison.com\/index.php\/wp-json\/wp\/v2\/comments?post=122"}],"version-history":[{"count":15,"href":"https:\/\/grandboismison.com\/index.php\/wp-json\/wp\/v2\/pages\/122\/revisions"}],"predecessor-version":[{"id":1295,"href":"https:\/\/grandboismison.com\/index.php\/wp-json\/wp\/v2\/pages\/122\/revisions\/1295"}],"wp:attachment":[{"href":"https:\/\/grandboismison.com\/index.php\/wp-json\/wp\/v2\/media?parent=122"}],"curies":[{"name":"wp","href":"https:\/\/api.w.org\/{rel}","templated":true}]}}