{"id":114,"date":"2025-01-14T21:28:10","date_gmt":"2025-01-14T20:28:10","guid":{"rendered":"https:\/\/grandboismison.com\/?page_id=114"},"modified":"2025-07-06T15:19:41","modified_gmt":"2025-07-06T13:19:41","slug":"conditions-generales-de-vente","status":"publish","type":"page","link":"https:\/\/grandboismison.com\/index.php\/conditions-generales-de-vente\/","title":{"rendered":"Conditions G\u00e9n\u00e9rales de Vente"},"content":{"rendered":"\n<p>Nous vous proposons de d\u00e9couvrir les Alpes de Haute-Provence et les Hautes-Alpes \u00e0 travers des cours, des stages, des balades et des randonn\u00e9es \u00e0 cheval. Pour chaque stage, un descriptif d\u00e9taill\u00e9 est publi\u00e9 pour vous permettre de savoir si ce stage est adapt\u00e9 \u00e0 vos attentes. Pour les randonn\u00e9es, un descriptif d\u00e9taill\u00e9 contenant plusieurs curseurs de couleur vous est propos\u00e9.<\/p>\n\n\n\n<div style=\"height:42px\" aria-hidden=\"true\" class=\"wp-block-spacer\"><\/div>\n\n\n\n<div class=\"wp-block-columns is-layout-flex wp-container-core-columns-is-layout-28f84493 wp-block-columns-is-layout-flex\">\n<div class=\"wp-block-column is-layout-flow wp-block-column-is-layout-flow\">\n<div class=\"wp-block-columns is-layout-flex wp-container-core-columns-is-layout-28f84493 wp-block-columns-is-layout-flex\">\n<div class=\"wp-block-column is-layout-flow wp-block-column-is-layout-flow\">\n<figure class=\"wp-block-image aligncenter size-large is-resized\"><img loading=\"lazy\" decoding=\"async\" width=\"1024\" height=\"627\" src=\"http:\/\/grandboismison.com\/wp-content\/uploads\/2025\/01\/Debutant-1024x627.png\" alt=\"niveau D\u00e9butant\" class=\"wp-image-427\" style=\"width:155px;height:auto\" srcset=\"https:\/\/grandboismison.com\/wp-content\/uploads\/2025\/01\/Debutant-1024x627.png 1024w, https:\/\/grandboismison.com\/wp-content\/uploads\/2025\/01\/Debutant-300x184.png 300w, https:\/\/grandboismison.com\/wp-content\/uploads\/2025\/01\/Debutant.png 1080w\" sizes=\"auto, (max-width: 1024px) 100vw, 1024px\" \/><figcaption class=\"wp-element-caption\">Niveau Facile<\/figcaption><\/figure>\n\n\n\n<p>Ces randonn\u00e9es sont accessibles \u00e0 tous les niveaux, m\u00eame d\u00e9butants complets, \u00e0 partir du moment o\u00f9 vous n&#8217;avez pas peur de monter \u00e0 cheval. Les chemins sont sans danger, l&#8217;itin\u00e9raire se d\u00e9roule bien souvent sur des pistes larges, sans passages techniques d\u00e9licats. Vous avez tout de m\u00eame une condition physique vous permettant de supporter d&#8217;encha\u00eener 2 journ\u00e9es enti\u00e8res ou plus \u00e0 cheval.<\/p>\n\n\n\n<p><a href=\"https:\/\/www.ffrandonnee.fr\/Media\/Default\/Documents\/randonner\/Guide-cotation-ffrandonnee-2020.pdf\">Equivalent cotation FFRP : Effort, Technicit\u00e9 et Risques niveau 1<\/a><\/p>\n<\/div>\n\n\n\n<div class=\"wp-block-column is-layout-flow wp-block-column-is-layout-flow\">\n<figure class=\"wp-block-image aligncenter size-large is-resized\"><img loading=\"lazy\" decoding=\"async\" width=\"1024\" height=\"627\" src=\"http:\/\/grandboismison.com\/wp-content\/uploads\/2025\/01\/Intermediaire-1024x627.png\" alt=\"Niveau Interm\u00e9diaire\" class=\"wp-image-429\" style=\"width:155px;height:auto\" srcset=\"https:\/\/grandboismison.com\/wp-content\/uploads\/2025\/01\/Intermediaire-1024x627.png 1024w, https:\/\/grandboismison.com\/wp-content\/uploads\/2025\/01\/Intermediaire-300x184.png 300w, https:\/\/grandboismison.com\/wp-content\/uploads\/2025\/01\/Intermediaire.png 1080w\" sizes=\"auto, (max-width: 1024px) 100vw, 1024px\" \/><figcaption class=\"wp-element-caption\">Niveau Interm\u00e9diaire<\/figcaption><\/figure>\n\n\n\n<p>Les randonn\u00e9es de niveau interm\u00e9diaires sont destin\u00e9es \u00e0 un public ayant d\u00e9j\u00e0 mont\u00e9 \u00e0 cheval quelques fois sur une journ\u00e9e enti\u00e8re. Vous \u00eates \u00e0 l&#8217;aise au galop sans vous fatiguer. Vous \u00eates capables de trouver votre \u00e9quilibre aux trois allures. Vous \u00eates capable de g\u00e9rer un cheval en main \u00e0 pieds. Vous avez une bonne condition physique, vous avez l&#8217;habitude des sentiers de randonn\u00e9e p\u00e9destre et vous \u00eates capables de franchir quelques passages d\u00e9licats.<\/p>\n\n\n\n<p><a href=\"https:\/\/www.ffrandonnee.fr\/Media\/Default\/Documents\/randonner\/Guide-cotation-ffrandonnee-2020.pdf\">Equivalent cotation FFRP : Effort, Technicit\u00e9 et Risques niveau 2 \u00e0 3<\/a><\/p>\n<\/div>\n\n\n\n<div class=\"wp-block-column is-layout-flow wp-block-column-is-layout-flow\">\n<figure class=\"wp-block-image aligncenter size-large is-resized\"><img loading=\"lazy\" decoding=\"async\" width=\"1024\" height=\"627\" src=\"http:\/\/grandboismison.com\/wp-content\/uploads\/2025\/01\/Confirme-1024x627.png\" alt=\"Niveau Confirm\u00e9\" class=\"wp-image-428\" style=\"width:155px;height:auto\" srcset=\"https:\/\/grandboismison.com\/wp-content\/uploads\/2025\/01\/Confirme-1024x627.png 1024w, https:\/\/grandboismison.com\/wp-content\/uploads\/2025\/01\/Confirme-300x184.png 300w, https:\/\/grandboismison.com\/wp-content\/uploads\/2025\/01\/Confirme.png 1080w\" sizes=\"auto, (max-width: 1024px) 100vw, 1024px\" \/><figcaption class=\"wp-element-caption\">Niveau Confirm\u00e9<\/figcaption><\/figure>\n\n\n\n<p>Les randonn\u00e9es de niveau confirm\u00e9 n\u00e9cessitent une aisance \u00e0 cheval et \u00e0 pieds mais surtout une parfaite condition physique. Vous avez d\u00e9j\u00e0 randonn\u00e9 \u00e0 cheval plusieurs jours d&#8217;affil\u00e9. Vous n&#8217;avez pas peur de dormir sous la tente (si s\u00e9jour en bivouac). Vous \u00eates \u00e0 l&#8217;aise sur des sentiers escarp\u00e9s, vous n&#8217;avez pas le vertige et vous avez le pied s\u00fbr en montagne. Vous devez \u00eatre capables de franchir plusieurs centaines de m\u00e8tres de d\u00e9nivel\u00e9 \u00e0 pieds au-del\u00e0 de 2500m d&#8217;altitude. Vous \u00eates sportifs r\u00e9guliers et avez re\u00e7u un avis m\u00e9dical favorable \u00e0 la randonn\u00e9e p\u00e9destre et \u00e9questre en haute altitude.<\/p>\n\n\n\n<p><a href=\"https:\/\/www.ffrandonnee.fr\/Media\/Default\/Documents\/randonner\/Guide-cotation-ffrandonnee-2020.pdf\">Equivalent cotation FFRP : Effort, Technicit\u00e9 et Risques niveau 3 \u00e0 4<\/a><\/p>\n<\/div>\n<\/div>\n<\/div>\n<\/div>\n\n\n\n<div style=\"height:45px\" aria-hidden=\"true\" class=\"wp-block-spacer\"><\/div>\n\n\n\n<p><strong>Pr\u00e9ambule<\/strong><\/p>\n\n\n\n<p>L&#8217;entreprise individuelle agricole Ferme Equestre du Grand Bois dont le si\u00e8ge social est 4 rue des banquets, La Silve, 04200 MISON, enregistr\u00e9e sous le num\u00e9ro SIRET 79342924200027, repr\u00e9sent\u00e9e par Mme LACOMBE Va\u00efana, ayant tous pouvoirs aux effets et b\u00e9n\u00e9fices des pr\u00e9sentes. Les pr\u00e9sentes conditions g\u00e9n\u00e9rales sont applicables \u00e0 tout achat, utilisation ou remboursement de tout produit ainsi qu&#8217;\u00e0 toute utilisation du site http:\/\/grandboismison.com exploit\u00e9 par la Ferme Equestre du Grand Bois.<\/p>\n\n\n\n<p><strong>Objet du contrat et applicabilit\u00e9 des Conditions G\u00e9n\u00e9rales de Vente<\/strong><\/p>\n\n\n\n<p>L&#8217;objet des pr\u00e9sentes conditions g\u00e9n\u00e9rales de vente est la d\u00e9finition des conditions et modalit\u00e9s entourant la commercialisation par la soci\u00e9t\u00e9 Ferme Equestre du Grand Bois de ses produits et services.<br>L&#8217;acceptation des conditions g\u00e9n\u00e9rales d&#8217;utilisation est indispensable pr\u00e9alablement \u00e0 l&#8217;acc\u00e8s ou \u00e0 l&#8217;utilisation du site, \u00e0 l&#8217;acquisition, la r\u00e9ception ou l&#8217;utilisation d&#8217;une activit\u00e9 sur le site. En cas d&#8217;opposition auxdites conditions g\u00e9n\u00e9rales, l&#8217;utilisateur s&#8217;abstiendra de l&#8217;utilisation du site et du d\u00e9clenchement du processus de r\u00e9servation.<br>Les pr\u00e9sentes conditions g\u00e9n\u00e9rales de vente sont applicables aux seules r\u00e9servations d&#8217;activit\u00e9s pass\u00e9es sur le site ou par t\u00e9l\u00e9phone.<br>La soci\u00e9t\u00e9 Ferme Equestre du Grand Bois se r\u00e9serve le droit de proc\u00e9der \u00e0 des modifications des pr\u00e9sentes conditions g\u00e9n\u00e9rales de vente \u00e0 tout moment, et sans pr\u00e9avis, \u00e9tant entendu que le cas \u00e9ch\u00e9ant, les modifications seront inapplicables aux r\u00e9servations pr\u00e9alablement accept\u00e9es et confirm\u00e9es par la soci\u00e9t\u00e9 Ferme Equestre du Grand Bois.<br>Tout client d\u00e9clare avoir la capacit\u00e9 juridique conform\u00e9ment \u00e0 l&#8217;article 1124 du Code Civil pour contracter et utiliser le site conform\u00e9ment aux Conditions G\u00e9n\u00e9rales de Vente du site.<\/p>\n\n\n\n<p><strong>R\u00e8glementation<br><\/strong><br>La Ferme \u00e9questre du Grand Bois est en r\u00e8gle pour toutes les formalit\u00e9s administratives obligatoires r\u00e8glementant l&#8217;activit\u00e9 de centre \u00e9questre (notamment immatriculation INSEE, MSA, cotisations sociales, TVA, d\u00e9claration de lieu de d\u00e9tention et de v\u00e9t\u00e9rinaire sanitaire \u00e0 la DDCSPP, obligation de dipl\u00f4me des encadrants et cartes professionnelles \u00e0 jour, assurance RC pro) et s&#8217;engage \u00e0 l&#8217;\u00eatre \u00e0 l&#8217;avenir.<br>Nous sommes en cours d&#8217;immatriculation Atout France pour vous garantir des prestations de qualit\u00e9.<br><br><strong>Inscription<\/strong><br><br>L&#8217;inscription \u00e0 toutes nos activit\u00e9s (sauf les balades d&#8217;une journ\u00e9e ou moins) se fait uniquement par la plateforme Sportyneo qui vous permet de b\u00e9n\u00e9ficier d&#8217;une assurance annulation (facultative) et d&#8217;options de paiement en 1x, 4x ou 10x, quelle que soit la date de votre inscription. Pour chaque activit\u00e9 vous trouverez sur notre site un descriptif pr\u00e9cis comprenant des photographies. Les photographies pr\u00e9sent\u00e9es dans le catalogue des activit\u00e9s ne sont pas contractuelles, et toute reproduction partielle ou enti\u00e8re est interdite.<br>Pour les randonn\u00e9es sur plusieurs jours vous trouverez en lien une fiche d&#8217;inscription en PDF \u00e0 nous retourner d\u00fbment compl\u00e9t\u00e9e et sign\u00e9e. Votre inscription ne sera effective qu&#8217;\u00e0 r\u00e9ception de cette fiche d&#8217;inscription avec toutes les pi\u00e8ces compl\u00e9mentaires demand\u00e9es. Nous nous r\u00e9servons le droit de refuser votre inscription m\u00eame si le paiement de celle-ci a \u00e9t\u00e9 valid\u00e9 sur Sportyneo. Dans ce cas vous serez int\u00e9gralement rembours\u00e9s du montant du paiement. Votre inscription ne sera d\u00e9finitive qu&#8217;\u00e0 r\u00e9ception de l&#8217;entier paiement du tarif de l&#8217;inscription. Quel que soit le mode de paiement choisi, l&#8217;entier paiement de l&#8217;inscription doit nous parvenir au minimum un mois avant le d\u00e9but de l&#8217;activit\u00e9 concern\u00e9e. Aucun d\u00e9part d&#8217;activit\u00e9 ne sera effectu\u00e9 en l&#8217;absence de l&#8217;entier paiement du tarif de l&#8217;activit\u00e9.<br>Toutes les r\u00e9ponses \u00e0 vos questions sur Sportyneo et les paiements en plusieurs fois se trouvent ici : <a href=\"https:\/\/www.sportyneo.com\/a-propos\/\">https:\/\/www.sportyneo.com\/a-propos\/<\/a><br>Vous trouverez les CGU \/ CGV de notre partenaire Sportyneo ici : <a href=\"https:\/\/www.sportyneo.com\/conditions-generales-dutilisation\/\">https:\/\/www.sportyneo.com\/conditions-generales-dutilisation\/<\/a><\/p>\n\n\n\n<p>Les r\u00e9servations pour les balades d&#8217;une journ\u00e9e ou moins se font exclusivement sur le site internet de notre partenaire l&#8217;Office de Tourisme Sisteron-Bu\u00ebch via leur plateforme de r\u00e9servation Addock. Les CGU et mentions l\u00e9gales de l&#8217;Office de Tourisme se trouvent ici : <a href=\"https:\/\/www.sisteron-buech.fr\/conditions-generales-de-vente\/\" title=\"\">https:\/\/www.sisteron-buech.fr\/conditions-generales-de-vente\/<\/a><br>Toute r\u00e9servation de randonn\u00e9e sur plusieurs jours effectu\u00e9e par l&#8217;interm\u00e9diaire de l&#8217;Office de Tourisme Sisteron-Bu\u00ebch sera obligatoirement soumise aux Conditions G\u00e9n\u00e9rales de Vente de l&#8217;Office de Tourisme Sisteron-Bu\u00ebch. Le Client ne pourra en aucun cas b\u00e9n\u00e9ficier des Conditions G\u00e9n\u00e9rales de Vente de la Ferme Equestre du Grand Bois ni de ses conditions d&#8217;annulation ou de remboursement.<br><br><strong>Annulation<\/strong><br><br>Pour les r\u00e9servations par le site de notre partenaire Sportyneo vous pouvez b\u00e9n\u00e9ficier d&#8217;une assurance annulation sur option dans les conditions suivantes : <a href=\"https:\/\/www.sportyneo.com\/assurance\/?open\">https:\/\/www.sportyneo.com\/assurance\/?open<\/a> . Les randonn\u00e9es sur plusieurs jours sont indemnis\u00e9es de la m\u00eame mani\u00e8re que les stages.<\/p>\n\n\n\n<p>Pour les r\u00e9servations par le site <a href=\"https:\/\/grandboismison.addock.co\/\">https:\/\/grandboismison.addock.co\/<\/a> ou <a href=\"https:\/\/www.sisteron-buech.fr\/equipement\/ferme-equestre-du-grand-bois\/\">https:\/\/www.sisteron-buech.fr\/equipement\/ferme-equestre-du-grand-bois\/<\/a> les conditions d&#8217;annulation sont les suivantes : remboursement \u00e0 100% jusqu&#8217;\u00e0 30 jours avant l&#8217;activit\u00e9, 50% jusqu&#8217;\u00e0 15 jours avant l&#8217;activit\u00e9, 0% \u00e0 partir de 14 jours avant l&#8217;activit\u00e9.<\/p>\n\n\n\n<p>Nous nous r\u00e9servons le droit d\u2019annuler l&#8217;activit\u00e9, le stage ou la randonn\u00e9e si la m\u00e9t\u00e9o ne permet pas son maintien ou si le nombre minimum de participants n\u2019est pas atteint. Dans ce cas, vous serez int\u00e9gralement rembours\u00e9s mais aucune indemnit\u00e9 ne pourra vous \u00eatre vers\u00e9e.<br><br><strong>Tarif<\/strong><br><br>Tous les tarifs sont indiqu\u00e9s en Euros TTC (Toutes Taxes Comprises). La TVA appliqu\u00e9e est celle en vigueur pour chaque activit\u00e9 \u00e0 la date de l&#8217;activit\u00e9.<br>Le tarif cavalier non-propri\u00e9taire comprend la mise \u00e0 disposition du cheval ainsi que son \u00e9quipement adapt\u00e9 \u00e0 l&#8217;activit\u00e9 propos\u00e9 (cours, stage ou randonn\u00e9e).<br>Le tarif cavalier propri\u00e9taire ne comprend pas la mise \u00e0 disposition du cheval ni de son \u00e9quipement. Le cavalier propri\u00e9taire doit \u00e9quiper son cheval pour porter l&#8217;int\u00e9gralit\u00e9 de ses affaires de mani\u00e8re autonome durant toute l&#8217;activit\u00e9 (sacoches, fontes, sac boudin arri\u00e8re le cas \u00e9ch\u00e9ant).<br>Le tarif comprend l\u2019h\u00e9bergement tel que d\u00e9crit dans la fiche descriptive de chaque activit\u00e9 le cas \u00e9ch\u00e9ant et l\u2019encadrement par une monitrice dipl\u00f4m\u00e9e et disposant d&#8217;une carte professionnelle d&#8217;\u00e9ducateur sportif \u00e0 jour.<br>Le tarif ne comprend jamais le pique-nique de la pause d\u00e9jeuner du premier jour de randonn\u00e9e.<br>Le tarif ne comprend pas les d\u00e9penses personnelles ni les boissons, ni le transport aller-retour depuis votre domicile ni le stationnement de votre v\u00e9hicule durant l&#8217;activit\u00e9. Le tarif ne comprend pas non plus les assurances optionnelles ni la Licence FFE.<br><br><strong>Assurances<br><\/strong><br>La soci\u00e9t\u00e9 Ferme Equestre du Grand Bois a souscrit \u00e0 une assurance responsabilit\u00e9 civile et professionnelle qui couvre notamment les cons\u00e9quences p\u00e9cuniaires pouvant incomber \u00e0 l&#8217;assur\u00e9 en raison des dommages corporels, mat\u00e9riels et immat\u00e9riels caus\u00e9s au B\u00e9n\u00e9ficiaire par suite de fautes, erreurs de fait ou de droit, omissions ou n\u00e9gligence commises \u00e0 l&#8217;occasion de son activit\u00e9 d&#8217;\u00e9metteur d&#8217;activit\u00e9s.<\/p>\n\n\n\n<p><strong>La souscription par le Client \u00e0 la Licence FFE est obligatoire<\/strong>. Si vous n&#8217;\u00eates pas titulaire d&#8217;une Licence FFE il est <strong>OBLIGATOIRE <\/strong>d&#8217;y souscrire en m\u00eame temps que la r\u00e9servation de l&#8217;activit\u00e9 par un des liens suivants : <a href=\"https:\/\/www.sportyneo.com\/boutique\/produit\/licence-ffe-2025-3\/\">https:\/\/www.sportyneo.com\/boutique\/produit\/licence-ffe-2025-3\/<\/a> (Licence annuelle, 36\u20ac) ou <a href=\"https:\/\/www.sportyneo.com\/boutique\/produit\/licence-verte\/\">https:\/\/www.sportyneo.com\/boutique\/produit\/licence-verte\/<\/a> (Licence Verte, 10\u20ac valable 30 jours \u00e0 partir du 1er jour de la premi\u00e8re activit\u00e9 que vous r\u00e9servez).<\/p>\n\n\n\n<p>Pour les activit\u00e9s r\u00e9serv\u00e9es par la plateforme Addock, la Licence FFE vous est propos\u00e9e dans la cat\u00e9gorie &#8220;Extras&#8221; accessible apr\u00e8s le choix de la randonn\u00e9e, du jour et de l&#8217;horaire. La souscription d&#8217;une Licence FFE est obligatoire.<br><br>Nous vous recommandons fortement de souscrire une police d&#8217;assurance corporelle personnelle suppl\u00e9mentaire ainsi qu&#8217;une assurance rapatriement.<br><br><strong>Animaux<br><\/strong><br>Les animaux autres que votre cheval personnel ne sont pas admis \u00e0 la Ferme Equestre du Grand Bois.<br>Nous acceptons les cavaliers avec leur cheval personnel. Nous n&#8217;acceptons pas les \u00e9talons. Le niveau et l&#8217;entrainement de votre cheval personnel doit \u00eatre adapt\u00e9 \u00e0 l&#8217;activit\u00e9 concern\u00e9e, conform\u00e9ment au descriptif de l&#8217;activit\u00e9 (longueur, d\u00e9nivel\u00e9, passage dans l&#8217;eau ou sur des passerelles le cas-\u00e9ch\u00e9ant). Si votre cheval s&#8217;av\u00e9rait insuffisamment entra\u00een\u00e9 ou incompatible avec la s\u00e9curit\u00e9 des autres chevaux et participants ou pour vous-m\u00eames, nous nous r\u00e9servons le droit de refuser son d\u00e9part ou de vous imposer son rapatriement au point de d\u00e9part \u00e0 vos frais avec notre intendance. Si nous avons la possibilit\u00e9 de vous fournir un cheval de la Ferme Equestre du Grand Bois vous pourrez poursuivre la randonn\u00e9e sur plusieurs jours. Le co\u00fbt de la location d&#8217;un cheval vous sera factur\u00e9 en suppl\u00e9ment. Si nous n&#8217;avons pas la possibilit\u00e9 de vous fournir un cheval pour poursuivre la randonn\u00e9e, vous serez rapatri\u00e9 soit \u00e0 l&#8217;\u00e9tape suivante chaque jour soit au point de d\u00e9part \u00e0 votre convenance. Aucun remboursement ne pourra \u00eatre accord\u00e9 dans cette situation.<br>Nous vous rappelons que notre priorit\u00e9 est d&#8217;assurer votre s\u00e9curit\u00e9 ainsi que celle de votre cheval et de l&#8217;ensemble des participants et chevaux.<br><br><strong>D\u00e9roulement de l&#8217;activit\u00e9<br><\/strong><br>La liste du mat\u00e9riel n\u00e9cessaire pour les randonn\u00e9es sur plusieurs jours vous sera transmise par t\u00e9l\u00e9chargement apr\u00e8s votre paiement sur la plateforme Sportyneo. Vous vous engagez \u00e0 avoir l&#8217;int\u00e9gralit\u00e9 de ce mat\u00e9riel en votre possession durant l&#8217;activit\u00e9 concern\u00e9e.<br>Le port du casque est strictement obligatoire. Le port du gilet de cross est fortement recommand\u00e9. Vous vous engagez \u00e0 respecter toutes les consignes donn\u00e9es par l&#8217;encadrant. Vous vous engagez \u00e0 respecter le cheval qui vous est confi\u00e9 ou votre cheval personnel le cas \u00e9ch\u00e9ant et \u00e0 prendre soin du mat\u00e9riel qui vous est confi\u00e9. Aucun acte de maltraitance ne sera tol\u00e9r\u00e9. Tout client auteur d&#8217;un acte de maltraitance sera imm\u00e9diatement rapatri\u00e9 au point de d\u00e9part et verra son s\u00e9jour arr\u00eat\u00e9. Aucun remboursement ne sera accord\u00e9.<br>Le consommation d&#8217;alcool est interdite durant la journ\u00e9e de stage ou de randonn\u00e9e. Elle est tol\u00e9r\u00e9e avec mod\u00e9ration \u00e0 l&#8217;\u00e9tape du soir. Fumer \u00e0 cheval est interdit.<br>L&#8217;organisation et l&#8217;itin\u00e9raire peuvent \u00eatre modifi\u00e9s en fonction des disponibilit\u00e9s des h\u00e9bergements, de la m\u00e9t\u00e9o, de contraintes techniques ou pour assurer la s\u00e9curit\u00e9 des participants et des chevaux. L&#8217;int\u00e9grit\u00e9 physique et psychique des chevaux participants passera avant toute autre consid\u00e9ration p\u00e9cuniaire.<br><br><strong>H\u00e9bergements<\/strong><br><br>Les soir\u00e9es et nuit\u00e9es en g\u00eete et en bivouac sont l&#8217;occasion de partager un moment convivial. Nous tenons \u00e0 garder un esprit familial et bienveillant. L&#8217;h\u00e9bergement est g\u00e9n\u00e9ralement collectif, typique des g\u00eetes et refuges de montagne et conforme \u00e0 l&#8217;\u00e9tat d&#8217;esprit des randonn\u00e9es \u00e9questres ou p\u00e9destres.<br>Lors des \u00e9tapes en g\u00eete, le r\u00e8glement de l&#8217;h\u00e9bergement s&#8217;applique. En bivouac, vous vous engagez \u00e0 veiller au respect des espaces naturels que nous traversons et \u00e0 ne laisser derri\u00e8re vous aucun d\u00e9chet.<br>En g\u00eete, nous ne pouvons garantir l&#8217;h\u00e9bergement en chambre seule ou double. La plupart des g\u00eetes o\u00f9 nous faisons \u00e9tape sont des g\u00eetes de groupe proposant des chambres avec plusieurs lits simples et\/ou doubles. Les douches peuvent parfois se trouver hors des chambres. Une demande de chambre simple ou double pourra \u00eatre formul\u00e9e aupr\u00e8s de l&#8217;h\u00e9bergement concern\u00e9 et le co\u00fbt suppl\u00e9mentaire vous sera directement factur\u00e9 par l&#8217;\u00e9tablissement.<\/p>\n\n\n\n<p><strong>Responsabilit\u00e9<\/strong><\/p>\n\n\n\n<p>La soci\u00e9t\u00e9 Ferme Equestre du Grand Bois ne peut en aucun cas voir sa responsabilit\u00e9 engag\u00e9e si l&#8217;inex\u00e9cution ou la mauvaise ex\u00e9cution du contrat est imputable au Client, ou au fait impr\u00e9visible et insurmontable d&#8217;un tiers \u00e9tranger \u00e0 la fourniture des Prestations pr\u00e9vues au contrat, soit \u00e0 un cas de force majeure.<br>La responsabilit\u00e9 de plein droit pr\u00e9vue \u00e0 l&#8217;article L. 211-16 pr\u00e9cit\u00e9 est exclue, conform\u00e9ment \u00e0 l&#8217;article L. 211-17 du Code du tourisme.<br>Sauf dispositions l\u00e9gales contraires, la soci\u00e9t\u00e9 Ferme Equestre du Grand Bois ne pourra en aucun cas voir sa responsabilit\u00e9 engag\u00e9e en cas de pr\u00e9judice caus\u00e9 par le Client.<\/p>\n\n\n\n<p><strong>Ind\u00e9pendance des clauses contractuelles<\/strong><\/p>\n\n\n\n<p>Dans l&#8217;hypoth\u00e8se o\u00f9 l&#8217;une des pr\u00e9sentes dispositions devait \u00eatre d\u00e9clar\u00e9e nulle ou r\u00e9put\u00e9e non \u00e9crite, la validit\u00e9 des autres dispositions des Conditions G\u00e9n\u00e9rales de Vente ne serait pas affect\u00e9e.<\/p>\n\n\n\n<p><strong>Loi applicable<\/strong><\/p>\n\n\n\n<p>La loi applicable aux Conditions G\u00e9n\u00e9rales de Commercialisation et le contrat conclu \u00e0 l&#8217;occasion d&#8217;une r\u00e9servation d&#8217;activit\u00e9 est la loi fran\u00e7aise pour tous les litiges relatifs, notamment, \u00e0 leur validit\u00e9, leur interpr\u00e9tation, leur ex\u00e9cution ou leur r\u00e9siliation.<\/p>\n\n\n\n<p><strong>Service clients &#8211; R\u00e9clamations<\/strong><\/p>\n\n\n\n<p>Toute demande d&#8217;information et de pr\u00e9cisions relatives notamment \u00e0 l&#8217;achat, au remboursement, \u00e0 l&#8217;\u00e9change, au fonctionnement des activit\u00e9s, doit \u00eatre adress\u00e9e \u00e0 l&#8217;entreprise Ferme Equestre du Grand Bois par courriel ou par voie postale.<br>Conform\u00e9ment aux articles L.616-1 et R.616-1 du code de la consommation, notre entreprise a mis en place un dispositif de m\u00e9diation de la consommation. L&#8217;entit\u00e9 de m\u00e9diation retenue est : SAS CNPM &#8211; M\u00c9DIATION &#8211; CONSOMMATION. En cas de litige, tout consommateur pourra d\u00e9poser sa r\u00e9clamation sur le site : <a href=\"https:\/\/www.cnpm-mediation-consommation.eu\/\">https:\/\/www.cnpm-mediation-consommation.eu\/<\/a> ou par voie postale en \u00e9crivant \u00e0 : CNPM M\u00c9DIATION CONSOMMATION, 27, avenue de la Lib\u00e9ration &#8211; 42400 SAINT-CHAMOND<\/p>\n\n\n\n<p><strong>Juridiction comp\u00e9tente (r\u00e8glement des litiges)<\/strong><\/p>\n\n\n\n<p>Le tribunal comp\u00e9tent en cas de litige sera celui du si\u00e8ge social de l&#8217;entreprise Ferme Equestre du Grand Bois, soit le Tribunal Judiciaire de Digne-les-Bains.<\/p>\n\n\n\n<div style=\"height:100px\" aria-hidden=\"true\" class=\"wp-block-spacer\"><\/div>\n","protected":false},"excerpt":{"rendered":"<p>Nous vous proposons de d\u00e9couvrir les Alpes de Haute-Provence et les Hautes-Alpes \u00e0 travers des cours, des stages, des balades et des randonn\u00e9es \u00e0 cheval. Pour chaque stage, un descriptif d\u00e9taill\u00e9 est publi\u00e9 pour vous permettre de savoir si ce stage est adapt\u00e9 \u00e0 vos attentes. Pour les randonn\u00e9es, un descriptif d\u00e9taill\u00e9 contenant plusieurs curseurs &hellip; <\/p>\n<p class=\"link-more\"><a href=\"https:\/\/grandboismison.com\/index.php\/conditions-generales-de-vente\/\" class=\"more-link\">Read more<span class=\"screen-reader-text\"> &#8220;Conditions G\u00e9n\u00e9rales de Vente&#8221;<\/span><\/a><\/p>\n","protected":false},"author":1,"featured_media":0,"parent":0,"menu_order":0,"comment_status":"closed","ping_status":"closed","template":"","meta":{"footnotes":""},"class_list":["post-114","page","type-page","status-publish","hentry"],"_links":{"self":[{"href":"https:\/\/grandboismison.com\/index.php\/wp-json\/wp\/v2\/pages\/114","targetHints":{"allow":["GET"]}}],"collection":[{"href":"https:\/\/grandboismison.com\/index.php\/wp-json\/wp\/v2\/pages"}],"about":[{"href":"https:\/\/grandboismison.com\/index.php\/wp-json\/wp\/v2\/types\/page"}],"author":[{"embeddable":true,"href":"https:\/\/grandboismison.com\/index.php\/wp-json\/wp\/v2\/users\/1"}],"replies":[{"embeddable":true,"href":"https:\/\/grandboismison.com\/index.php\/wp-json\/wp\/v2\/comments?post=114"}],"version-history":[{"count":47,"href":"https:\/\/grandboismison.com\/index.php\/wp-json\/wp\/v2\/pages\/114\/revisions"}],"predecessor-version":[{"id":1151,"href":"https:\/\/grandboismison.com\/index.php\/wp-json\/wp\/v2\/pages\/114\/revisions\/1151"}],"wp:attachment":[{"href":"https:\/\/grandboismison.com\/index.php\/wp-json\/wp\/v2\/media?parent=114"}],"curies":[{"name":"wp","href":"https:\/\/api.w.org\/{rel}","templated":true}]}}