{"id":1102,"date":"2025-04-21T16:01:11","date_gmt":"2025-04-21T14:01:11","guid":{"rendered":"https:\/\/grandboismison.com\/?page_id=1102"},"modified":"2025-12-20T23:10:57","modified_gmt":"2025-12-20T22:10:57","slug":"lessentiel-du-devoluy","status":"publish","type":"page","link":"https:\/\/grandboismison.com\/index.php\/lessentiel-du-devoluy\/","title":{"rendered":"L&#8217;essentiel du D\u00e9voluy"},"content":{"rendered":"\n<div class=\"wp-block-group alignfull has-background-background-color has-background has-global-padding is-layout-constrained wp-block-group-is-layout-constrained\" style=\"margin-top:0px;margin-bottom:0px;padding-top:var(--wp--preset--spacing--xx-large);padding-bottom:var(--wp--preset--spacing--xx-large)\">\n<div class=\"wp-block-group alignwide is-layout-flow wp-container-core-group-is-layout-5dcfa7ce wp-block-group-is-layout-flow\" style=\"padding-top:var(--wp--preset--spacing--medium);padding-right:var(--wp--preset--spacing--small);padding-bottom:var(--wp--preset--spacing--medium);padding-left:var(--wp--preset--spacing--small)\">\n<div class=\"wp-block-columns is-layout-flex wp-container-core-columns-is-layout-28f84493 wp-block-columns-is-layout-flex\">\n<div class=\"wp-block-column is-layout-flow wp-block-column-is-layout-flow\"><\/div>\n\n\n\n<div class=\"wp-block-column is-layout-flow wp-block-column-is-layout-flow\" style=\"flex-basis:720px\">\n<p class=\"has-text-align-center\" style=\"margin-top:var(--wp--preset--spacing--small)\"><strong><strong>Une envie d\u2019\u00e9vasion ? Venez passer deux jours \u00e0 cheval entre les for\u00eats alpines et le d\u00e9cor min\u00e9ral du D\u00e9voluy. Deux jours pour parcourir les sites embl\u00e9matiques du D\u00e9voluy avec une vue imprenable sur le Pic de Bure !<\/strong><\/strong><\/p>\n\n\n\n<div class=\"wp-block-buttons is-content-justification-center is-layout-flex wp-container-core-buttons-is-layout-2af897fb wp-block-buttons-is-layout-flex\" style=\"margin-top:var(--wp--preset--spacing--medium)\">\n<div class=\"wp-block-button\"><a class=\"wp-block-button__link has-secondary-background-color has-background wp-element-button\" href=\"https:\/\/grandboismison.addock.co\/\">J&#8217;Y VAIS ! \u2192<\/a><\/div>\n\n\n\n<div class=\"wp-block-button is-style-outline is-style-outline--1\"><a class=\"wp-block-button__link wp-element-button\" href=\"https:\/\/grandboismison.com\/index.php\/conditions-generales-de-vente\/\">Conditions \u2192<\/a><\/div>\n<\/div>\n<\/div>\n\n\n\n<div class=\"wp-block-column is-layout-flow wp-block-column-is-layout-flow\"><\/div>\n<\/div>\n<\/div>\n<\/div>\n\n\n\n<div style=\"height:100px\" aria-hidden=\"true\" class=\"wp-block-spacer\"><\/div>\n\n\n\n<div class=\"wp-block-soliloquy-soliloquywp\"><div aria-live=\"polite\" id=\"soliloquy-container-731_1\" class=\"soliloquy-container soliloquy-transition-fade  soliloquy-theme-base\" style=\"max-width:900px;max-height:600px;\"><ul id=\"soliloquy-731_1\" class=\"soliloquy-slider soliloquy-slides soliloquy-wrap soliloquy-clear\"><li aria-hidden=\"true\" class=\"soliloquy-item soliloquy-item-1 soliloquy-image-slide\" draggable=\"false\" style=\"list-style:none\"><img decoding=\"async\" id=\"soliloquy-image-732\" class=\"soliloquy-image soliloquy-image-1\" src=\"https:\/\/grandboismison.com\/wp-content\/uploads\/2025\/01\/IMG_20240824_110752-scaled-900x600_c.jpg\" alt=\"IMG_20240824_110752\" \/><\/li><li aria-hidden=\"true\" class=\"soliloquy-item soliloquy-item-2 soliloquy-image-slide\" draggable=\"false\" style=\"list-style:none\"><img decoding=\"async\" id=\"soliloquy-image-733\" class=\"soliloquy-image soliloquy-image-2\" src=\"https:\/\/grandboismison.com\/wp-content\/uploads\/2025\/01\/IMG_20240824_175738-scaled-900x600_c.jpg\" alt=\"IMG_20240824_175738\" \/><\/li><li aria-hidden=\"true\" class=\"soliloquy-item soliloquy-item-3 soliloquy-image-slide\" draggable=\"false\" style=\"list-style:none\"><img decoding=\"async\" id=\"soliloquy-image-734\" class=\"soliloquy-image soliloquy-image-3\" src=\"https:\/\/grandboismison.com\/wp-content\/uploads\/2025\/01\/IMG_20240825_094305-scaled-900x600_c.jpg\" alt=\"IMG_20240825_094305\" \/><\/li><li aria-hidden=\"true\" class=\"soliloquy-item soliloquy-item-4 soliloquy-image-slide\" draggable=\"false\" style=\"list-style:none\"><img decoding=\"async\" id=\"soliloquy-image-735\" class=\"soliloquy-image soliloquy-image-4\" src=\"https:\/\/grandboismison.com\/wp-content\/uploads\/2025\/01\/IMG_20240825_101926-scaled-900x600_c.jpg\" alt=\"IMG_20240825_101926\" \/><\/li><li aria-hidden=\"true\" class=\"soliloquy-item soliloquy-item-5 soliloquy-image-slide\" draggable=\"false\" style=\"list-style:none\"><img decoding=\"async\" id=\"soliloquy-image-736\" class=\"soliloquy-image soliloquy-image-5\" src=\"https:\/\/grandboismison.com\/wp-content\/uploads\/2025\/01\/IMG_20240825_105436-scaled-900x600_c.jpg\" alt=\"IMG_20240825_105436\" \/><\/li><li aria-hidden=\"true\" class=\"soliloquy-item soliloquy-item-6 soliloquy-image-slide\" draggable=\"false\" style=\"list-style:none\"><img decoding=\"async\" id=\"soliloquy-image-737\" class=\"soliloquy-image soliloquy-image-6\" src=\"https:\/\/grandboismison.com\/wp-content\/uploads\/2025\/01\/IMG_20240825_111012-scaled-900x600_c.jpg\" alt=\"IMG_20240825_111012\" \/><\/li><li aria-hidden=\"true\" class=\"soliloquy-item soliloquy-item-7 soliloquy-image-slide\" draggable=\"false\" style=\"list-style:none\"><img decoding=\"async\" id=\"soliloquy-image-738\" class=\"soliloquy-image soliloquy-image-7\" src=\"https:\/\/grandboismison.com\/wp-content\/uploads\/2025\/01\/IMG_20240825_113910-scaled-900x600_c.jpg\" alt=\"IMG_20240825_113910\" \/><\/li><li aria-hidden=\"true\" class=\"soliloquy-item soliloquy-item-8 soliloquy-image-slide\" draggable=\"false\" style=\"list-style:none\"><img decoding=\"async\" id=\"soliloquy-image-739\" class=\"soliloquy-image soliloquy-image-8\" src=\"https:\/\/grandboismison.com\/wp-content\/uploads\/2025\/01\/IMG_20240720_120238-scaled-900x600_c.jpg\" alt=\"IMG_20240720_120238\" \/><\/li><li aria-hidden=\"true\" class=\"soliloquy-item soliloquy-item-9 soliloquy-image-slide\" draggable=\"false\" style=\"list-style:none\"><img decoding=\"async\" id=\"soliloquy-image-740\" class=\"soliloquy-image soliloquy-image-9\" src=\"https:\/\/grandboismison.com\/wp-content\/uploads\/2025\/01\/IMG_20240720_155415-scaled-900x600_c.jpg\" alt=\"IMG_20240720_155415\" \/><\/li><\/ul><\/div><noscript><style type=\"text\/css\">#soliloquy-container-731_1{opacity:1}<\/style><\/noscript><\/div>\n\n\n\n<div style=\"height:100px\" aria-hidden=\"true\" class=\"wp-block-spacer\"><\/div>\n\n\n\n<div class=\"wp-block-columns is-layout-flex wp-container-core-columns-is-layout-28f84493 wp-block-columns-is-layout-flex\">\n<div class=\"wp-block-column is-layout-flow wp-block-column-is-layout-flow\">\n<p><strong>Offrez(-vous) un week-end hors du commun au c\u0153ur des paysages \u00e0 couper le souffle !<\/strong><\/p>\n\n\n\n<p>Une randonn\u00e9e de deux jours \u00e0 cheval au d\u00e9part de&nbsp;<strong>La Joue-du-Loup<\/strong>, porte d\u2019entr\u00e9e et premi\u00e8re station de ski du D\u00e9voluy.<\/p>\n\n\n\n<p>Apr\u00e8s avoir pr\u00e9par\u00e9 les sacs et le mat\u00e9riel, nous prendrons la direction de&nbsp;<strong>Super-D\u00e9voluy<\/strong>&nbsp;par les chemins de randonn\u00e9e de la station. Entre tourisme et nature, vous d\u00e9couvrirez le renouveau des stations de ski des Alpes du Sud. La pause d\u00e9jeuner \u00e0 proximit\u00e9 de la&nbsp;<strong>Fontaine d\u2019Hurtillier<\/strong>&nbsp;dans le&nbsp;<strong>Bois Rond<\/strong>&nbsp;vous permettra de vous rafraichir \u00e0 l\u2019ombre des sapins.<\/p>\n\n\n\n<p>Nous prendrons ensuite la direction de&nbsp;<strong>Saint-Disdier en D\u00e9voluy<\/strong>&nbsp;par le&nbsp;<strong>Collet du T\u00e2t<\/strong>. Nous serons accueillis par Hubert et son \u00e9pouse au&nbsp;<strong>g\u00eete la Ruche<\/strong>. La vue sur le&nbsp;<strong>Pic de Bure<\/strong>&nbsp;par la baie vitr\u00e9e du g\u00eete ne vous laissera certainement pas de marbre !<\/p>\n\n\n\n<p>Apr\u00e8s une nuit de sommeil r\u00e9parateur, nous nous dirigerons vers&nbsp;<strong>M\u00e8re-Eglise<\/strong>, chapelle du XI\u00e8me si\u00e8cle embl\u00e9matique du D\u00e9voluy avec ses toits de chaume et sa crypte. Nous profiterons ensuite de la fraicheur de la for\u00eat puis nous longerons ensuite un cours d\u2019eau jusqu\u2019\u00e0 la pause d\u00e9jeuner au bord de la&nbsp;<strong>Combe de l\u2019eau<\/strong>.<\/p>\n\n\n\n<p>Nous finirons la journ\u00e9e entre les p\u00e2turages jusqu\u2019\u00e0&nbsp;<strong>Agni\u00e8res-en-D\u00e9voluy<\/strong>&nbsp;avant de rentrer \u00e0 notre point de d\u00e9part. Nous ne manquerons pas de faire un arr\u00eat sur le retour \u00e0 l\u2019auberge du Col du Festre o\u00f9 vous pourrez d\u00e9guster quelques sp\u00e9cialit\u00e9s locales avant de rentrer !<\/p>\n<\/div>\n<\/div>\n\n\n\n<div style=\"height:100px\" aria-hidden=\"true\" class=\"wp-block-spacer\"><\/div>\n\n\n\n<div class=\"wp-block-group has-global-padding is-layout-constrained wp-block-group-is-layout-constrained\">\n<div class=\"wp-block-group has-white-color has-secondary-background-color has-text-color has-background is-layout-flow wp-block-group-is-layout-flow\" style=\"border-radius:20px;padding-top:50px;padding-right:50px;padding-bottom:50px;padding-left:50px\">\n<div class=\"wp-block-columns is-layout-flex wp-container-core-columns-is-layout-28f84493 wp-block-columns-is-layout-flex\">\n<div class=\"wp-block-column is-layout-flow wp-block-column-is-layout-flow\">\n<h1 class=\"wp-block-heading\"><mark style=\"background-color:rgba(0, 0, 0, 0)\" class=\"has-inline-color has-white-color\">Nos coups de coeur :<\/mark><\/h1>\n<\/div>\n\n\n\n<div class=\"wp-block-column is-layout-flow wp-block-column-is-layout-flow\">\n<h1 class=\"wp-block-heading\"><mark style=\"background-color:rgba(0, 0, 0, 0)\" class=\"has-inline-color has-white-color\">Niveau de difficult\u00e9 :<\/mark><\/h1>\n<\/div>\n<\/div>\n\n\n\n<p><\/p>\n\n\n\n<div class=\"wp-block-columns is-layout-flex wp-container-core-columns-is-layout-28f84493 wp-block-columns-is-layout-flex\">\n<div class=\"wp-block-column is-layout-flow wp-block-column-is-layout-flow\">\n<ul class=\"wp-block-list\">\n<li>Deux jours complices avec votre fid\u00e8le destrier<\/li>\n\n\n\n<li>Une nuit dans un g\u00eete avec vue \u00e0 180\u00b0 sur le Pic de Bure<\/li>\n\n\n\n<li>Des repas maison avec des produits de pays<\/li>\n\n\n\n<li>Des paysages exceptionnels<\/li>\n<\/ul>\n<\/div>\n\n\n\n<div class=\"wp-block-column is-layout-flow wp-block-column-is-layout-flow\">\n<figure class=\"wp-block-image aligncenter size-large is-resized\"><img loading=\"lazy\" decoding=\"async\" width=\"1024\" height=\"627\" src=\"http:\/\/grandboismison.com\/wp-content\/uploads\/2025\/01\/Design-sans-titre-1-1024x627.jpg\" alt=\"Niveau interm\u00e9diaire fond bleu\" class=\"wp-image-742\" style=\"width:234px;height:auto\" srcset=\"https:\/\/grandboismison.com\/wp-content\/uploads\/2025\/01\/Design-sans-titre-1-1024x627.jpg 1024w, https:\/\/grandboismison.com\/wp-content\/uploads\/2025\/01\/Design-sans-titre-1-300x184.jpg 300w, https:\/\/grandboismison.com\/wp-content\/uploads\/2025\/01\/Design-sans-titre-1.jpg 1080w\" sizes=\"auto, (max-width: 1024px) 100vw, 1024px\" \/><figcaption class=\"wp-element-caption\">Niveau Interm\u00e9diaire<\/figcaption><\/figure>\n<\/div>\n<\/div>\n<\/div>\n<\/div>\n\n\n\n<div style=\"height:100px\" aria-hidden=\"true\" class=\"wp-block-spacer\"><\/div>\n\n\n\n<p>Un week-end de r\u00eave vous attend, alors, en selle !<\/p>\n\n\n\n<p>Et pour les accompagnateurs ? Il est possible de r\u00e9aliser cette randonn\u00e9e \u00e0 v\u00e9lo ! Ou bien de rejoindre directement l&#8217;h\u00e9bergement en voiture. Vous b\u00e9n\u00e9ficierez d&#8217;un tarif comprenant uniquement l&#8217;h\u00e9bergement et le repas du soir.<\/p>\n\n\n\n<div style=\"height:100px\" aria-hidden=\"true\" class=\"wp-block-spacer\"><\/div>\n\n\n\n<div class=\"wp-block-group alignfull is-layout-flow wp-container-core-group-is-layout-c4d5c1b7 wp-block-group-is-layout-flow\" id=\"cover\" style=\"margin-top:0px;margin-bottom:0px\">\n<div class=\"wp-block-cover alignfull has-parallax\" style=\"min-height:549px;aspect-ratio:unset;\"><div role=\"img\" aria-label=\"D\u00e9voluy cheval saint disdier\" class=\"wp-block-cover__image-background wp-image-735 size-large has-parallax\" style=\"background-position:50% 50%;background-image:url(http:\/\/grandboismison.com\/wp-content\/uploads\/2025\/01\/IMG_20240825_101926-1024x461.jpg)\"><\/div><span aria-hidden=\"true\" class=\"wp-block-cover__background has-black-background-color has-background-dim\"><\/span><div class=\"wp-block-cover__inner-container has-global-padding is-layout-constrained wp-block-cover-is-layout-constrained\">\n<div class=\"wp-block-group has-global-padding is-layout-constrained wp-container-core-group-is-layout-4383d167 wp-block-group-is-layout-constrained\">\n<h2 class=\"wp-block-heading has-white-color has-text-color has-large-font-size\">Je veux vivre cette exp\u00e9rience !<\/h2>\n\n\n\n<p>Vous avez encore des question ? Appellez-moi au <a href=\"tel:0698875767\">06 98 87 57 67<\/a>,<br>je r\u00e9pondrai \u00e0 toutes vos questions sur cette randonn\u00e9e !<\/p>\n\n\n\n<div style=\"height:31px\" aria-hidden=\"true\" class=\"wp-block-spacer\"><\/div>\n\n\n\n<div class=\"wp-block-buttons is-layout-flex wp-block-buttons-is-layout-flex\">\n<div class=\"wp-block-button is-style-fill\"><a class=\"wp-block-button__link has-secondary-background-color has-background wp-element-button\" href=\"https:\/\/grandboismison.addock.co\/\" style=\"border-radius:0px;text-transform:uppercase\">je reserve<\/a><\/div>\n\n\n\n<div class=\"wp-block-button is-style-outline is-style-outline--2\"><a class=\"wp-block-button__link wp-element-button\" href=\"https:\/\/grandboismison.com\/index.php\/conditions-generales-de-vente\/\" style=\"border-radius:0px;text-transform:uppercase\">je lis les cgv<\/a><\/div>\n<\/div>\n<\/div>\n<\/div><\/div>\n<\/div>\n\n\n\n<div style=\"height:100px\" aria-hidden=\"true\" class=\"wp-block-spacer\"><\/div>\n\n\n\n<p><\/p>\n","protected":false},"excerpt":{"rendered":"<p>Une envie d\u2019\u00e9vasion ? Venez passer deux jours \u00e0 cheval entre les for\u00eats alpines et le d\u00e9cor min\u00e9ral du D\u00e9voluy. Deux jours pour parcourir les sites embl\u00e9matiques du D\u00e9voluy avec une vue imprenable sur le Pic de Bure ! Offrez(-vous) un week-end hors du commun au c\u0153ur des paysages \u00e0 couper le souffle ! Une &hellip; <\/p>\n<p class=\"link-more\"><a href=\"https:\/\/grandboismison.com\/index.php\/lessentiel-du-devoluy\/\" class=\"more-link\">Read more<span class=\"screen-reader-text\"> &#8220;L&#8217;essentiel du D\u00e9voluy&#8221;<\/span><\/a><\/p>\n","protected":false},"author":1,"featured_media":735,"parent":0,"menu_order":0,"comment_status":"closed","ping_status":"closed","template":"","meta":{"footnotes":""},"class_list":["post-1102","page","type-page","status-publish","has-post-thumbnail","hentry"],"_links":{"self":[{"href":"https:\/\/grandboismison.com\/index.php\/wp-json\/wp\/v2\/pages\/1102","targetHints":{"allow":["GET"]}}],"collection":[{"href":"https:\/\/grandboismison.com\/index.php\/wp-json\/wp\/v2\/pages"}],"about":[{"href":"https:\/\/grandboismison.com\/index.php\/wp-json\/wp\/v2\/types\/page"}],"author":[{"embeddable":true,"href":"https:\/\/grandboismison.com\/index.php\/wp-json\/wp\/v2\/users\/1"}],"replies":[{"embeddable":true,"href":"https:\/\/grandboismison.com\/index.php\/wp-json\/wp\/v2\/comments?post=1102"}],"version-history":[{"count":2,"href":"https:\/\/grandboismison.com\/index.php\/wp-json\/wp\/v2\/pages\/1102\/revisions"}],"predecessor-version":[{"id":1188,"href":"https:\/\/grandboismison.com\/index.php\/wp-json\/wp\/v2\/pages\/1102\/revisions\/1188"}],"wp:featuredmedia":[{"embeddable":true,"href":"https:\/\/grandboismison.com\/index.php\/wp-json\/wp\/v2\/media\/735"}],"wp:attachment":[{"href":"https:\/\/grandboismison.com\/index.php\/wp-json\/wp\/v2\/media?parent=1102"}],"curies":[{"name":"wp","href":"https:\/\/api.w.org\/{rel}","templated":true}]}}