{"id":100,"date":"2025-01-14T21:08:59","date_gmt":"2025-01-14T20:08:59","guid":{"rendered":"https:\/\/grandboismison.com\/?page_id=100"},"modified":"2026-03-18T11:35:35","modified_gmt":"2026-03-18T10:35:35","slug":"randonnees-a-cheval","status":"publish","type":"page","link":"https:\/\/grandboismison.com\/index.php\/randonnees-a-cheval\/","title":{"rendered":"Randonn\u00e9es \u00e0 cheval : une aventure au c\u0153ur des Alpes du Sud"},"content":{"rendered":"\n<div style=\"height:71px\" aria-hidden=\"true\" class=\"wp-block-spacer\"><\/div>\n\n\n\n<figure class=\"wp-block-embed aligncenter is-type-video is-provider-youtube wp-block-embed-youtube wp-embed-aspect-4-3 wp-has-aspect-ratio\" style=\"margin-right:var(--wp--preset--spacing--x-large);margin-left:var(--wp--preset--spacing--x-large)\"><div class=\"wp-block-embed__wrapper\">\n<iframe loading=\"lazy\" title=\"Trailer Tour du Queyras \u00e0 cheval\" width=\"950\" height=\"713\" src=\"https:\/\/www.youtube.com\/embed\/vmGnXntVG-Q?feature=oembed\" frameborder=\"0\" allow=\"accelerometer; autoplay; clipboard-write; encrypted-media; gyroscope; picture-in-picture; web-share\" referrerpolicy=\"strict-origin-when-cross-origin\" allowfullscreen><\/iframe>\n<\/div><\/figure>\n\n\n\n<div style=\"height:71px\" aria-hidden=\"true\" class=\"wp-block-spacer\"><\/div>\n\n\n\n<div class=\"wp-block-group alignfull has-global-padding is-layout-constrained wp-container-core-group-is-layout-93707e3a wp-block-group-is-layout-constrained\" id=\"cover\" style=\"margin-top:0px;margin-bottom:0px\">\n<div class=\"wp-block-cover alignfull\" style=\"min-height:549px;aspect-ratio:unset;\"><img loading=\"lazy\" decoding=\"async\" width=\"1440\" height=\"1173\" class=\"wp-block-cover__image-background wp-image-488\" alt=\"cretes de ribiers a eourres\" src=\"http:\/\/grandboismison.com\/wp-content\/uploads\/2025\/01\/340775430_1294189384835785_7083740849831594658_n-1.jpg\" data-object-fit=\"cover\" srcset=\"https:\/\/grandboismison.com\/wp-content\/uploads\/2025\/01\/340775430_1294189384835785_7083740849831594658_n-1.jpg 1440w, https:\/\/grandboismison.com\/wp-content\/uploads\/2025\/01\/340775430_1294189384835785_7083740849831594658_n-1-300x244.jpg 300w, https:\/\/grandboismison.com\/wp-content\/uploads\/2025\/01\/340775430_1294189384835785_7083740849831594658_n-1-1024x834.jpg 1024w, https:\/\/grandboismison.com\/wp-content\/uploads\/2025\/01\/340775430_1294189384835785_7083740849831594658_n-1-600x489.jpg 600w, https:\/\/grandboismison.com\/wp-content\/uploads\/2025\/01\/340775430_1294189384835785_7083740849831594658_n-1-1200x978.jpg 1200w\" sizes=\"auto, (max-width: 1440px) 100vw, 1440px\" \/><span aria-hidden=\"true\" class=\"wp-block-cover__background has-black-background-color has-background-dim-60 has-background-dim\"><\/span><div class=\"wp-block-cover__inner-container is-layout-flow wp-block-cover-is-layout-flow\">\n<div class=\"wp-block-group is-style-default is-layout-flow wp-block-group-is-layout-flow\">\n<h2 class=\"wp-block-heading has-white-color has-text-color has-link-color has-x-large-font-size wp-elements-5bf28110d3404f8c9f48c0ea6b63440d\">Pourquoi avec la Ferme<br>\u00e9questre du Grand Bois ?<\/h2>\n\n\n\n<div style=\"height:71px\" aria-hidden=\"true\" class=\"wp-block-spacer\"><\/div>\n\n\n\n<div class=\"wp-block-columns is-layout-flex wp-container-core-columns-is-layout-28f84493 wp-block-columns-is-layout-flex\">\n<div class=\"wp-block-column is-layout-flow wp-block-column-is-layout-flow\" style=\"border-style:none;border-width:0px;padding-top:0px;padding-right:0px;padding-bottom:0px;padding-left:0px\">\n<h2 class=\"wp-block-heading has-white-color has-text-color\">Envie de vivre une exp\u00e9rience inoubliable ?<\/h2>\n\n\n\n<p class=\"has-lightgrey-color has-text-color\">Nos randonn\u00e9es de 1 \u00e0 7 jours vous emm\u00e8nent \u00e0 la d\u00e9couverte des plus beaux paysages des Alpes de Haute-Provence et des Hautes-Alpes. De Sisteron \u00e0 la Route Napol\u00e9on \u00e0 cheval, vous explorerez des itin\u00e9raires majestueux remplis d&#8217;histoire. Dans le Queyras et le D\u00e9voluy, loin des sentiers battus, vous d\u00e9couvrirez des lieux sauvages et pr\u00e9serv\u00e9s au rythme de votre monture&#8230;<\/p>\n\n\n\n<p class=\"has-secondary-color has-text-color has-link-color wp-elements-54d84604be754d27dee8fb39e74d885d\"><a href=\"https:\/\/grandboismison.addock.co\/\">J&#8217;y vais ! \u2192<\/a><\/p>\n<\/div>\n\n\n\n<div class=\"wp-block-column is-layout-flow wp-block-column-is-layout-flow\" style=\"border-style:none;border-width:0px;padding-top:0px;padding-right:0px;padding-bottom:0px;padding-left:0px\">\n<h2 class=\"wp-block-heading has-white-color has-text-color\">Authentiques et \u00e9co-responsables<\/h2>\n\n\n\n<p class=\"has-lightgrey-color has-text-color\">Soucieux de l&#8217;environnement, nous privil\u00e9gions les randonn\u00e9es en autonomie, sans assistance motoris\u00e9e lorsque c&#8217;est possible*. Vous partez avec votre cheval et vos affaires (bagagerie fournie), le mat\u00e9riel n\u00e9cessaire est port\u00e9 par un cheval de b\u00e2t pour une exp\u00e9rience authentique et responsable. Nous s\u00e9lectionnons aussi soigneusement les g\u00eetes o\u00f9 nous faisons \u00e9tape pour leur d\u00e9marche \u00e9co-responsable.<\/p>\n\n\n\n<p class=\"has-secondary-color has-text-color has-link-color wp-elements-54d84604be754d27dee8fb39e74d885d\"><a href=\"https:\/\/grandboismison.addock.co\/\">J&#8217;y vais ! \u2192<\/a><\/p>\n<\/div>\n<\/div>\n\n\n\n<div style=\"height:81px\" aria-hidden=\"true\" class=\"wp-block-spacer\"><\/div>\n\n\n\n<div class=\"wp-block-columns is-layout-flex wp-container-core-columns-is-layout-28f84493 wp-block-columns-is-layout-flex\">\n<div class=\"wp-block-column is-layout-flow wp-block-column-is-layout-flow\" style=\"border-style:none;border-width:0px;padding-top:0px;padding-right:0px;padding-bottom:0px;padding-left:0px\">\n<h3 class=\"wp-block-heading has-white-color has-text-color\">En immersion dans la nature&#8230;<\/h3>\n\n\n\n<p class=\"has-lightgrey-color has-text-color\">Nos randonn\u00e9es sont con\u00e7ues pour vous offrir une v\u00e9ritable immersion en pleine nature. Vous traverserez des for\u00eats alpines, longerez des lacs de montagne, admirerez des panoramas \u00e0 couper le souffle&#8230; Chaque jour est une nouvelle aventure, une nouvelle d\u00e9couverte !<\/p>\n\n\n\n<p class=\"has-secondary-color has-text-color has-link-color wp-elements-54d84604be754d27dee8fb39e74d885d\"><a href=\"https:\/\/grandboismison.addock.co\/\">J&#8217;y vais ! \u2192<\/a><\/p>\n<\/div>\n\n\n\n<div class=\"wp-block-column is-layout-flow wp-block-column-is-layout-flow\" style=\"border-style:none;border-width:0px;padding-top:0px;padding-right:0px;padding-bottom:0px;padding-left:0px\">\n<h3 class=\"wp-block-heading has-white-color has-text-color\">Des chevaux respect\u00e9s !<\/h3>\n\n\n\n<p class=\"has-lightgrey-color has-text-color\">Nos chevaux sont nos partenaires. Ils vivent en troupeau et au grand air, dans des conditions optimales pour leur bien-\u00eatre. Ils sont parfaitement \u00e9duqu\u00e9s et adapt\u00e9s \u00e0 tous les niveaux de cavaliers. Que vous soyez d\u00e9butant ou confirm\u00e9, vous trouverez le compagnon id\u00e9al pour randonner en s\u00e9curit\u00e9.<\/p>\n\n\n\n<p class=\"has-secondary-color has-text-color has-link-color wp-elements-54d84604be754d27dee8fb39e74d885d\"><a href=\"https:\/\/grandboismison.addock.co\/\">J&#8217;y vais ! \u2192<\/a><\/p>\n<\/div>\n\n\n\n<div class=\"wp-block-column is-layout-flow wp-block-column-is-layout-flow\" style=\"border-style:none;border-width:0px;padding-top:0px;padding-right:0px;padding-bottom:0px;padding-left:0px\">\n<h3 class=\"wp-block-heading has-white-color has-text-color\">Des moments de partage et de convivialit\u00e9&#8230;<\/h3>\n\n\n\n<p class=\"has-lightgrey-color has-text-color\">Nos randonn\u00e9es sont avant tout des moments de partage et de convivialit\u00e9. En bivouac autour du feu de camp ou autour d&#8217;une table d&#8217;h\u00f4te, Vous rencontrerez d&#8217;autres passionn\u00e9s, \u00e9changerez vos exp\u00e9riences et cr\u00e9erez des souvenirs inoubliables !<\/p>\n\n\n\n<p class=\"has-secondary-color has-text-color has-link-color wp-elements-54d84604be754d27dee8fb39e74d885d\"><a href=\"https:\/\/grandboismison.addock.co\/\">J&#8217;y vais ! \u2192<\/a><\/p>\n<\/div>\n<\/div>\n<\/div>\n<\/div><\/div>\n<\/div>\n\n\n\n<div id=\"services\" class=\"wp-block-group pattern_multiple_covers has-global-padding is-layout-constrained wp-block-group-is-layout-constrained\">\n<div style=\"height:84px\" aria-hidden=\"true\" class=\"wp-block-spacer\"><\/div>\n\n\n\n<p class=\"has-text-align-left has-text-color\" style=\"color:#00d2db;letter-spacing:1px\">Choisissez la randonn\u00e9e qui vous ressemble<\/p>\n\n\n\n<h2 class=\"wp-block-heading has-text-align-left has-large-font-size\">Pr\u00eat \u00e0 partir \u00e0 l&#8217;aventure ?<\/h2>\n\n\n\n<p class=\"has-text-align-left\">Contactez-nous pour en savoir plus sur nos randonn\u00e9es et r\u00e9server votre prochaine aventure \u00e0 cheval !<\/p>\n\n\n\n<div style=\"height:46px\" aria-hidden=\"true\" class=\"wp-block-spacer\"><\/div>\n\n\n\n<div class=\"wp-block-columns is-layout-flex wp-container-core-columns-is-layout-28f84493 wp-block-columns-is-layout-flex\">\n<div class=\"wp-block-column is-layout-flow wp-block-column-is-layout-flow\" style=\"padding-top:0;padding-right:0;padding-bottom:0;padding-left:0\">\n<div class=\"wp-block-cover has-custom-content-position is-position-bottom-left\" style=\"border-radius:0px;padding-top:var(--wp--preset--spacing--small);padding-right:var(--wp--preset--spacing--x-small);padding-bottom:var(--wp--preset--spacing--small);padding-left:var(--wp--preset--spacing--x-small)\"><img loading=\"lazy\" decoding=\"async\" width=\"1197\" height=\"1293\" class=\"wp-block-cover__image-background wp-image-234\" alt=\"Rando cheval lac Mison\" src=\"http:\/\/grandboismison.com\/wp-content\/uploads\/2025\/01\/IMG-20230423-WA0005-e1737330837453.jpg\" data-object-fit=\"cover\" srcset=\"https:\/\/grandboismison.com\/wp-content\/uploads\/2025\/01\/IMG-20230423-WA0005-e1737330837453.jpg 1197w, https:\/\/grandboismison.com\/wp-content\/uploads\/2025\/01\/IMG-20230423-WA0005-e1737330837453-278x300.jpg 278w, https:\/\/grandboismison.com\/wp-content\/uploads\/2025\/01\/IMG-20230423-WA0005-e1737330837453-948x1024.jpg 948w, https:\/\/grandboismison.com\/wp-content\/uploads\/2025\/01\/IMG-20230423-WA0005-e1737330837453-768x830.jpg 768w, https:\/\/grandboismison.com\/wp-content\/uploads\/2025\/01\/IMG-20230423-WA0005-e1737330837453-600x648.jpg 600w\" sizes=\"auto, (max-width: 1197px) 100vw, 1197px\" \/><span aria-hidden=\"true\" class=\"wp-block-cover__background has-primary-background-color has-background-dim-70 has-background-dim\"><\/span><div class=\"wp-block-cover__inner-container is-layout-flow wp-block-cover-is-layout-flow\">\n<h3 class=\"wp-block-heading has-white-color has-text-color has-medium-font-size\" style=\"margin-top:0;margin-right:0;margin-bottom:0;margin-left:0\">Randonn\u00e9es d&#8217;une journ\u00e9e<\/h3>\n\n\n\n<p class=\"has-secondary-color has-text-color has-link-color wp-elements-0f9baa1dbefe61e28844d907476a777c\" style=\"margin-top:0;margin-right:0;margin-bottom:0;margin-left:0\"><a href=\"https:\/\/grandboismison.addock.co\/\" data-type=\"page\" data-id=\"643\" target=\"_blank\" rel=\"noreferrer noopener\">Id\u00e9ale pour une premi\u00e8re exp\u00e9rience ou si vous avez peu de temps \u2192<\/a><\/p>\n<\/div><\/div>\n<\/div>\n\n\n\n<div class=\"wp-block-column is-layout-flow wp-block-column-is-layout-flow\" style=\"padding-top:0;padding-right:0;padding-bottom:0;padding-left:0\">\n<div class=\"wp-block-cover has-custom-content-position is-position-bottom-left\" style=\"padding-top:var(--wp--preset--spacing--small);padding-right:var(--wp--preset--spacing--x-small);padding-bottom:var(--wp--preset--spacing--small);padding-left:var(--wp--preset--spacing--x-small)\"><img loading=\"lazy\" decoding=\"async\" width=\"903\" height=\"600\" class=\"wp-block-cover__image-background wp-image-486\" alt=\"\" src=\"http:\/\/grandboismison.com\/wp-content\/uploads\/2025\/01\/11463473-diaporama.jpg\" data-object-fit=\"cover\" srcset=\"https:\/\/grandboismison.com\/wp-content\/uploads\/2025\/01\/11463473-diaporama.jpg 903w, https:\/\/grandboismison.com\/wp-content\/uploads\/2025\/01\/11463473-diaporama-300x199.jpg 300w, https:\/\/grandboismison.com\/wp-content\/uploads\/2025\/01\/11463473-diaporama-600x400.jpg 600w\" sizes=\"auto, (max-width: 903px) 100vw, 903px\" \/><span aria-hidden=\"true\" class=\"wp-block-cover__background has-primary-background-color has-background-dim-70 has-background-dim\"><\/span><div class=\"wp-block-cover__inner-container is-layout-flow wp-block-cover-is-layout-flow\">\n<h3 class=\"wp-block-heading has-white-color has-text-color has-medium-font-size\" style=\"margin-top:0;margin-right:0;margin-bottom:0;margin-left:0\">Randonn\u00e9es de 2 \u00e0 3 jours<\/h3>\n\n\n\n<p class=\"has-secondary-color has-text-color has-link-color wp-elements-8c28c07e36d8f25cc9de3b0c9534331d\" style=\"margin-top:0;margin-right:0;margin-bottom:0;margin-left:0\"><a href=\"https:\/\/grandboismison.com\/index.php\/2-3-jours\/\" data-type=\"page\" data-id=\"541\">Une escapade parfaite pour se ressourcer et profiter des paysages \u2192<\/a><\/p>\n<\/div><\/div>\n<\/div>\n\n\n\n<div class=\"wp-block-column is-layout-flow wp-block-column-is-layout-flow\" style=\"padding-top:0;padding-right:0;padding-bottom:0;padding-left:0\">\n<div class=\"wp-block-cover has-custom-content-position is-position-bottom-left\" style=\"padding-top:var(--wp--preset--spacing--small);padding-right:var(--wp--preset--spacing--x-small);padding-bottom:var(--wp--preset--spacing--small);padding-left:var(--wp--preset--spacing--x-small)\"><img loading=\"lazy\" decoding=\"async\" width=\"1152\" height=\"2560\" class=\"wp-block-cover__image-background wp-image-651\" alt=\"Queyras lac miroir cheval\" src=\"http:\/\/grandboismison.com\/wp-content\/uploads\/2025\/01\/IMG_20240802_131635-scaled.jpg\" data-object-fit=\"cover\" srcset=\"https:\/\/grandboismison.com\/wp-content\/uploads\/2025\/01\/IMG_20240802_131635-scaled.jpg 1152w, https:\/\/grandboismison.com\/wp-content\/uploads\/2025\/01\/IMG_20240802_131635-135x300.jpg 135w, https:\/\/grandboismison.com\/wp-content\/uploads\/2025\/01\/IMG_20240802_131635-461x1024.jpg 461w\" sizes=\"auto, (max-width: 1152px) 100vw, 1152px\" \/><span aria-hidden=\"true\" class=\"wp-block-cover__background has-primary-background-color has-background-dim-70 has-background-dim\"><\/span><div class=\"wp-block-cover__inner-container is-layout-flow wp-block-cover-is-layout-flow\">\n<h3 class=\"wp-block-heading has-white-color has-text-color has-medium-font-size\" style=\"margin-top:0;margin-right:0;margin-bottom:0;margin-left:0\">Randonn\u00e9es de 4 \u00e0 7 jours<\/h3>\n\n\n\n<p class=\"has-secondary-color has-text-color has-link-color wp-elements-aceda9977be1c5ec483779a365b2cde9\" style=\"margin-top:0;margin-right:0;margin-bottom:0;margin-left:0\"><a href=\"https:\/\/grandboismison.com\/index.php\/4-7-jours\/\" data-type=\"page\" data-id=\"122\">Une aventure inoubliable ! Sensations fortes et d\u00e9paysement garantis ! \u2192<\/a><\/p>\n<\/div><\/div>\n<\/div>\n<\/div>\n\n\n\n<div style=\"height:103px\" aria-hidden=\"true\" class=\"wp-block-spacer\"><\/div>\n<\/div>\n\n\n\n<div class=\"wp-block-group has-global-padding is-layout-constrained wp-block-group-is-layout-constrained\">\n<div class=\"wp-block-group is-layout-flow wp-block-group-is-layout-flow\">\n<p class=\"has-text-color\" style=\"color:#00d2db\">T\u00e9moignages<\/p>\n\n\n\n<h2 class=\"wp-block-heading has-large-font-size\">C&#8217;est vous qui en parlez le mieux !<\/h2>\n\n\n\n<div style=\"height:42px\" aria-hidden=\"true\" class=\"wp-block-spacer\"><\/div>\n\n\n\n<div class=\"wp-block-columns is-layout-flex wp-container-core-columns-is-layout-28f84493 wp-block-columns-is-layout-flex\">\n<div class=\"wp-block-column is-style-shadow has-background is-layout-flow wp-block-column-is-layout-flow\" style=\"border-style:none;border-width:0px;background-color:#f4f5f8;padding-top:30px;padding-right:30px;padding-bottom:30px;padding-left:30px\">\n<p class=\"has-link-color wp-elements-1c0aa4a110e711b574c03d94b67c6c8b\"><em>&#8221; Magnifique randonn\u00e9e privative (2 personnes + 1 guide) effectu\u00e9e jeudi 13 juin 2024 autour du lac de Mison, avec un d\u00e9part vers 10h et un retour vers 16h. Sublimes paysages au c\u0153ur de la nature des Hautes Alpes Proven\u00e7ales. Petit pique nique le temps du midi ! Guide tr\u00e8s professionnelle et&#8230;&#8221; <\/em><br><a href=\"https:\/\/g.co\/kgs\/W7SjJd8\">Lire la suite \u2192<\/a><\/p>\n\n\n\n<div class=\"wp-block-group has-global-padding is-layout-constrained wp-block-group-is-layout-constrained\">\n<div class=\"wp-block-columns are-vertically-aligned-center is-layout-flex wp-container-core-columns-is-layout-28f84493 wp-block-columns-is-layout-flex\">\n<div class=\"wp-block-column is-vertically-aligned-center is-layout-flow wp-block-column-is-layout-flow\" style=\"flex-basis:100px\">\n<figure class=\"wp-block-image size-full is-resized is-style-rounded\"><img loading=\"lazy\" decoding=\"async\" width=\"60\" height=\"60\" src=\"https:\/\/grandboismison.com\/wp-content\/uploads\/2025\/01\/unnamed.png\" alt=\"\" class=\"wp-image-654\"\/><\/figure>\n<\/div>\n\n\n\n<div class=\"wp-block-column is-vertically-aligned-center is-layout-flow wp-block-column-is-layout-flow\">\n<p class=\"has-foreground-color has-text-color\"><strong>L\u00e9a F.<\/strong><\/p>\n<\/div>\n<\/div>\n<\/div>\n<\/div>\n\n\n\n<div class=\"wp-block-column is-style-shadow has-background is-layout-flow wp-block-column-is-layout-flow\" style=\"border-style:none;border-width:0px;background-color:#f4f5f8;padding-top:30px;padding-right:30px;padding-bottom:30px;padding-left:30px\">\n<p><em>&#8221; Aujourd\u2019hui, premi\u00e8re randonn\u00e9e \u00e0 cheval. Merci \u00e0 la Ferme \u00e9questre du Grand Bois pour cette super exp\u00e9rience. Magnifique balade jusqu\u2019au lac de Mison. &#8220;<\/em><br><a title=\"\" href=\"https:\/\/www.facebook.com\/heline.desouza\/posts\/1713037676115901\">Lire la suite \u2192<\/a><\/p>\n\n\n\n<div style=\"height:36px\" aria-hidden=\"true\" class=\"wp-block-spacer\"><\/div>\n\n\n\n<div class=\"wp-block-columns are-vertically-aligned-center is-layout-flex wp-container-core-columns-is-layout-28f84493 wp-block-columns-is-layout-flex\">\n<div class=\"wp-block-column is-vertically-aligned-center is-layout-flow wp-block-column-is-layout-flow\" style=\"flex-basis:100px\">\n<figure class=\"wp-block-image size-full is-resized is-style-rounded\"><img loading=\"lazy\" decoding=\"async\" width=\"960\" height=\"958\" src=\"http:\/\/grandboismison.com\/wp-content\/uploads\/2025\/02\/441163516_1668025827283753_6906234781104914073_n.jpg\" alt=\"h\u00e9line de souza\" class=\"wp-image-848\" style=\"width:64px;height:auto\" srcset=\"https:\/\/grandboismison.com\/wp-content\/uploads\/2025\/02\/441163516_1668025827283753_6906234781104914073_n.jpg 960w, https:\/\/grandboismison.com\/wp-content\/uploads\/2025\/02\/441163516_1668025827283753_6906234781104914073_n-300x300.jpg 300w, https:\/\/grandboismison.com\/wp-content\/uploads\/2025\/02\/441163516_1668025827283753_6906234781104914073_n-150x150.jpg 150w\" sizes=\"auto, (max-width: 960px) 100vw, 960px\" \/><\/figure>\n<\/div>\n\n\n\n<div class=\"wp-block-column is-vertically-aligned-center is-layout-flow wp-block-column-is-layout-flow\">\n<p class=\"has-foreground-color has-text-color\"><strong>H\u00e9line D.<\/strong><\/p>\n<\/div>\n<\/div>\n<\/div>\n<\/div>\n<\/div>\n<\/div>\n\n\n\n<div style=\"height:0px\" aria-hidden=\"true\" class=\"wp-block-spacer\"><\/div>\n\n\n\n<div class=\"wp-block-columns is-layout-flex wp-container-core-columns-is-layout-28f84493 wp-block-columns-is-layout-flex\">\n<div class=\"wp-block-column is-style-shadow has-background is-layout-flow wp-block-column-is-layout-flow\" style=\"border-style:none;border-width:0px;background-color:#f4f5f8;padding-top:30px;padding-right:30px;padding-bottom:30px;padding-left:30px\">\n<p class=\"has-link-color wp-elements-7ac3aa122254aab43e5c49f055a6854b\"><em>&#8221; J&#8217;ai r\u00e9alis\u00e9 une rando de 2 jours dans le D\u00e9voluy avec Vaiana cet \u00e9t\u00e9 et tout \u00e9tait magnifique, le cadre grandiose, les chevaux gentils&#8230; Nous \u00e9tions en petit groupe ce qui est aussi tr\u00e8s appr\u00e9ciable&#8230; Mention particuliere a Vaiana, puisque je suis venue valider des jours de randos dans le cadre d&#8217;une future formation de guide et elle a \u00e9t\u00e9 super !! A l&#8217;\u00e9coute et compl\u00e8tement dans le partage de son savoir, et \u00e7a c&#8217;est p\u00e9pite [&#8230;]<\/em> &#8220;<br><a href=\"https:\/\/maps.app.goo.gl\/Rb7zLNa7kxq3dNaX9\">Lire la suite \u2192<\/a><\/p>\n\n\n\n<div class=\"wp-block-group has-global-padding is-layout-constrained wp-block-group-is-layout-constrained\">\n<div class=\"wp-block-columns are-vertically-aligned-center is-layout-flex wp-container-core-columns-is-layout-28f84493 wp-block-columns-is-layout-flex\">\n<div class=\"wp-block-column is-vertically-aligned-center is-layout-flow wp-block-column-is-layout-flow\" style=\"flex-basis:100px\">\n<figure class=\"wp-block-image size-full is-resized is-style-rounded\"><img decoding=\"async\" src=\"https:\/\/grandboismison.com\/wp-content\/uploads\/2025\/12\/unnamed.png\" alt=\"\" class=\"wp-image-1183\"\/><\/figure>\n<\/div>\n\n\n\n<div class=\"wp-block-column is-vertically-aligned-center is-layout-flow wp-block-column-is-layout-flow\">\n<p class=\"has-foreground-color has-text-color\"><strong>Sophie M.<\/strong><\/p>\n<\/div>\n<\/div>\n<\/div>\n<\/div>\n\n\n\n<div class=\"wp-block-column is-style-shadow has-background is-layout-flow wp-block-column-is-layout-flow\" style=\"border-style:none;border-width:0px;background-color:#f4f5f8;padding-top:30px;padding-right:30px;padding-bottom:30px;padding-left:30px\">\n<p><em>&#8221; J&#8217;ai eu le plaisir de partager plusieurs randonn\u00e9es avec Vaiana, \u00e0 la journ\u00e9e comme sur plusieurs jours. L&#8217;organisation est toujours impeccable, les itin\u00e9raires sont magnifiques, les g\u00eetes exceptionnels. On apprend toujours beaucoup sur la faune, la flore, la nature, les chevaux et l&#8217;\u00e9quitation gr\u00e2ce \u00e0 notre super guide et son altruisme !&#8221; <\/em><br><a href=\"https:\/\/maps.app.goo.gl\/XRTqArvmdH6gDF7c7\">Lire la suite \u2192<\/a><\/p>\n\n\n\n<div style=\"height:36px\" aria-hidden=\"true\" class=\"wp-block-spacer\"><\/div>\n\n\n\n<div class=\"wp-block-columns are-vertically-aligned-center is-layout-flex wp-container-core-columns-is-layout-28f84493 wp-block-columns-is-layout-flex\">\n<div class=\"wp-block-column is-vertically-aligned-center is-layout-flow wp-block-column-is-layout-flow\" style=\"flex-basis:100px\">\n<figure class=\"wp-block-image size-large is-resized is-style-rounded\"><img decoding=\"async\" src=\"https:\/\/lh3.googleusercontent.com\/a-\/ALV-UjWC3r4PbA9-s5WdyMQT2bxI-6rH2aVz9OWPOjP796ipyU4dPPYc8A=w72-h72-p-rp-mo-ba5-br100\" alt=\"h\u00e9line de souza\" style=\"width:64px;height:auto\"\/><\/figure>\n<\/div>\n\n\n\n<div class=\"wp-block-column is-vertically-aligned-center is-layout-flow wp-block-column-is-layout-flow\">\n<p class=\"has-foreground-color has-text-color\"><strong>Morgane F.<\/strong><\/p>\n<\/div>\n<\/div>\n<\/div>\n<\/div>\n\n\n\n<div style=\"height:103px\" aria-hidden=\"true\" class=\"wp-block-spacer\"><\/div>\n\n\n\n\n\n<div style=\"height:42px\" aria-hidden=\"true\" class=\"wp-block-spacer\"><\/div>\n","protected":false},"excerpt":{"rendered":"<p>Choisissez la randonn\u00e9e qui vous ressemble Pr\u00eat \u00e0 partir \u00e0 l&#8217;aventure ? Contactez-nous pour en savoir plus sur nos randonn\u00e9es et r\u00e9server votre prochaine aventure \u00e0 cheval ! T\u00e9moignages C&#8217;est vous qui en parlez le mieux ! &#8221; Magnifique randonn\u00e9e privative (2 personnes + 1 guide) effectu\u00e9e jeudi 13 juin 2024 autour du lac de &hellip; <\/p>\n<p class=\"link-more\"><a href=\"https:\/\/grandboismison.com\/index.php\/randonnees-a-cheval\/\" class=\"more-link\">Read more<span class=\"screen-reader-text\"> &#8220;Randonn\u00e9es \u00e0 cheval : une aventure au c\u0153ur des Alpes du Sud&#8221;<\/span><\/a><\/p>\n","protected":false},"author":1,"featured_media":161,"parent":0,"menu_order":0,"comment_status":"closed","ping_status":"closed","template":"","meta":{"footnotes":"[]"},"class_list":["post-100","page","type-page","status-publish","has-post-thumbnail","hentry"],"_links":{"self":[{"href":"https:\/\/grandboismison.com\/index.php\/wp-json\/wp\/v2\/pages\/100","targetHints":{"allow":["GET"]}}],"collection":[{"href":"https:\/\/grandboismison.com\/index.php\/wp-json\/wp\/v2\/pages"}],"about":[{"href":"https:\/\/grandboismison.com\/index.php\/wp-json\/wp\/v2\/types\/page"}],"author":[{"embeddable":true,"href":"https:\/\/grandboismison.com\/index.php\/wp-json\/wp\/v2\/users\/1"}],"replies":[{"embeddable":true,"href":"https:\/\/grandboismison.com\/index.php\/wp-json\/wp\/v2\/comments?post=100"}],"version-history":[{"count":48,"href":"https:\/\/grandboismison.com\/index.php\/wp-json\/wp\/v2\/pages\/100\/revisions"}],"predecessor-version":[{"id":1310,"href":"https:\/\/grandboismison.com\/index.php\/wp-json\/wp\/v2\/pages\/100\/revisions\/1310"}],"wp:featuredmedia":[{"embeddable":true,"href":"https:\/\/grandboismison.com\/index.php\/wp-json\/wp\/v2\/media\/161"}],"wp:attachment":[{"href":"https:\/\/grandboismison.com\/index.php\/wp-json\/wp\/v2\/media?parent=100"}],"curies":[{"name":"wp","href":"https:\/\/api.w.org\/{rel}","templated":true}]}}